{"id":1278,"date":"2023-12-11T18:22:50","date_gmt":"2023-12-11T10:22:50","guid":{"rendered":"https:\/\/www.resort-manager.com\/bao-gia-ca-nhan\/"},"modified":"2024-09-18T11:23:57","modified_gmt":"2024-09-18T03:23:57","slug":"bao-gia-ca-nhan","status":"publish","type":"page","link":"https:\/\/resort-manager.com\/vi\/bao-gia-ca-nhan\/","title":{"rendered":"B\u00e1o gi\u00e1 c\u00e1 nh\u00e2n"},"content":{"rendered":"\t\t<div data-elementor-type=\"wp-page\" data-elementor-id=\"1278\" class=\"elementor elementor-1278 elementor-503\">\n\t\t\t\t<div class=\"elementor-element elementor-element-8907eda e-flex e-con-boxed e-con e-parent\" data-id=\"8907eda\" data-element_type=\"container\" data-e-type=\"container\">\n\t\t\t\t\t<div class=\"e-con-inner\">\n\t\t<div class=\"elementor-element elementor-element-2fc345a e-flex e-con-boxed e-con e-child\" data-id=\"2fc345a\" data-element_type=\"container\" data-e-type=\"container\">\n\t\t\t\t\t<div class=\"e-con-inner\">\n\t\t\t\t<div class=\"elementor-element elementor-element-7d75289 elementor-widget elementor-widget-heading\" data-id=\"7d75289\" data-element_type=\"widget\" data-e-type=\"widget\" data-widget_type=\"heading.default\">\n\t\t\t\t<div class=\"elementor-widget-container\">\n\t\t\t\t\t<h2 class=\"elementor-heading-title elementor-size-default\">Y\u00eau c\u1ea7u b\u00e1o gi\u00e1 c\u00e1 nh\u00e2n<\/h2>\t\t\t\t<\/div>\n\t\t\t\t<\/div>\n\t\t\t\t<div class=\"elementor-element elementor-element-d7df4ab elementor-widget-mobile__width-initial elementor-widget elementor-widget-wpforms\" data-id=\"d7df4ab\" data-element_type=\"widget\" data-e-type=\"widget\" data-widget_type=\"wpforms.default\">\n\t\t\t\t<div class=\"elementor-widget-container\">\n\t\t\t\t\t<style id=\"wpforms-css-vars-elementor-widget-d7df4ab\">\n\t\t\t\t.elementor-widget-wpforms.elementor-element-d7df4ab {\n\t\t\t\t--wpforms-field-border-radius: 5px;\n--wpforms-field-text-color: #1C244B;\n--wpforms-label-color: #0A73B9;\n--wpforms-button-border-radius: 5px;\n--wpforms-button-background-color: #EF8D20;\n--wpforms-field-size-input-height: 31px;\n--wpforms-field-size-input-spacing: 10px;\n--wpforms-field-size-font-size: 14px;\n--wpforms-field-size-line-height: 17px;\n--wpforms-field-size-padding-h: 9px;\n--wpforms-field-size-checkbox-size: 14px;\n--wpforms-field-size-sublabel-spacing: 5px;\n--wpforms-field-size-icon-size: 0.75;\n\t\t\t}\n\t\t\t<\/style><div class=\"wpforms-container wpforms-container-full wpforms-render-modern\" id=\"wpforms-379\"><form id=\"wpforms-form-379\" class=\"wpforms-validate wpforms-form wpforms-ajax-form\" data-formid=\"379\" method=\"post\" enctype=\"multipart\/form-data\" action=\"\/vi\/wp-json\/wp\/v2\/pages\/1278\" data-token=\"1c4f5044b0193028593a09679a6a075b\" data-token-time=\"1776882841\"><noscript class=\"wpforms-error-noscript\">Vui l\u00f2ng b\u1eadt JavaScript tr\u00ean tr\u00ecnh duy\u1ec7t c\u1ee7a b\u1ea1n \u0111\u1ec3 ho\u00e0n t\u1ea5t bi\u1ec3u m\u1eabu n\u00e0y.<\/noscript><div id=\"wpforms-error-noscript\" style=\"display: none;\">Vui l\u00f2ng b\u1eadt JavaScript tr\u00ean tr\u00ecnh duy\u1ec7t c\u1ee7a b\u1ea1n \u0111\u1ec3 ho\u00e0n t\u1ea5t bi\u1ec3u m\u1eabu n\u00e0y.<\/div><div class=\"wpforms-field-container\"><div id=\"wpforms-379-field_0-container\" class=\"wpforms-field wpforms-field-name\" data-field-id=\"0\"><fieldset><legend class=\"wpforms-field-label\">T\u00ean <span class=\"wpforms-required-label\" aria-hidden=\"true\">*<\/span><\/legend><div class=\"wpforms-field-row wpforms-field-medium\"><div class=\"wpforms-field-row-block wpforms-first wpforms-one-half\"><input type=\"text\" id=\"wpforms-379-field_0\" class=\"wpforms-field-name-first wpforms-field-required\" name=\"wpforms[fields][0][first]\" placeholder=\"T\u00ean \u0111\u1ea7u ti\u00ean\" aria-errormessage=\"wpforms-379-field_0-error\" required><label for=\"wpforms-379-field_0\" class=\"wpforms-field-sublabel after wpforms-sublabel-hide\">\u0110\u1ea7u ti\u00ean<\/label><\/div><div class=\"wpforms-field-row-block wpforms-one-half\"><input type=\"text\" id=\"wpforms-379-field_0-last\" class=\"wpforms-field-name-last wpforms-field-required\" name=\"wpforms[fields][0][last]\" placeholder=\"H\u1ecd v\u00e0 t\u00ean\" aria-errormessage=\"wpforms-379-field_0-last-error\" required><label for=\"wpforms-379-field_0-last\" class=\"wpforms-field-sublabel after wpforms-sublabel-hide\">Cu\u1ed1i c\u00f9ng<\/label><\/div><\/div><\/fieldset><\/div><div id=\"wpforms-379-field_1-container\" class=\"wpforms-field wpforms-field-email\" data-field-id=\"1\"><label class=\"wpforms-field-label\" for=\"wpforms-379-field_1\">E-mail <span class=\"wpforms-required-label\" aria-hidden=\"true\">*<\/span><\/label><input type=\"email\" id=\"wpforms-379-field_1\" class=\"wpforms-field-medium wpforms-field-required\" name=\"wpforms[fields][1]\" placeholder=\"\u0110\u1ecba ch\u1ec9 Email\" spellcheck=\"false\" aria-errormessage=\"wpforms-379-field_1-error\" required><\/div><div id=\"wpforms-379-field_3-container\" class=\"wpforms-field wpforms-field-text\" data-field-id=\"3\"><label class=\"wpforms-field-label\" for=\"wpforms-379-field_3\">T\u00ean kh\u00e1ch s\u1ea1n \/ B\u1ea5t \u0111\u1ed9ng s\u1ea3n <span class=\"wpforms-required-label\" aria-hidden=\"true\">*<\/span><\/label><input type=\"text\" id=\"wpforms-379-field_3\" class=\"wpforms-field-medium wpforms-field-required\" name=\"wpforms[fields][3]\" placeholder=\"T\u00ean kh\u00e1ch s\u1ea1n \/ B\u1ea5t \u0111\u1ed9ng s\u1ea3n\" aria-errormessage=\"wpforms-379-field_3-error\" required><\/div><div id=\"wpforms-379-field_4-container\" class=\"wpforms-field wpforms-field-text\" data-field-id=\"4\"><label class=\"wpforms-field-label\" for=\"wpforms-379-field_4\">Kh\u00e1ch s\u1ea1n \/ V\u1ecb tr\u00ed b\u1ea5t \u0111\u1ed9ng s\u1ea3n <span class=\"wpforms-required-label\" aria-hidden=\"true\">*<\/span><\/label><input type=\"text\" id=\"wpforms-379-field_4\" class=\"wpforms-field-medium wpforms-field-required\" name=\"wpforms[fields][4]\" placeholder=\"Kh\u00e1ch s\u1ea1n \/ V\u1ecb tr\u00ed b\u1ea5t \u0111\u1ed9ng s\u1ea3n\" aria-errormessage=\"wpforms-379-field_4-error\" required><\/div><div id=\"wpforms-379-field_5-container\" class=\"wpforms-field wpforms-field-number\" data-field-id=\"5\"><label class=\"wpforms-field-label\" for=\"wpforms-379-field_5\">S\u1ed1 l\u01b0\u1ee3ng ph\u00f2ng <span class=\"wpforms-required-label\" aria-hidden=\"true\">*<\/span><\/label><input type=\"number\" id=\"wpforms-379-field_5\" class=\"wpforms-field-medium wpforms-field-required\" name=\"wpforms[fields][5]\" placeholder=\"S\u1ed1 l\u01b0\u1ee3ng ph\u00f2ng\" step=\"any\" aria-errormessage=\"wpforms-379-field_5-error\" required><\/div><div id=\"wpforms-379-field_6-container\" class=\"wpforms-field wpforms-field-select wpforms-field-select-style-classic\" data-field-id=\"6\"><label class=\"wpforms-field-label\" for=\"wpforms-379-field_6\">Phi\u00ean b\u1ea3n Resort Manager b\u1eaft bu\u1ed9c <span class=\"wpforms-required-label\" aria-hidden=\"true\">*<\/span><\/label><select id=\"wpforms-379-field_6\" class=\"wpforms-field-medium wpforms-field-required\" name=\"wpforms[fields][6]\" required=\"required\"><option value=\"Qu\u1ea3n l\u00fd khu ngh\u1ec9 d\u01b0\u1ee1ng\"  class=\"choice-1 depth-1\"  >Qu\u1ea3n l\u00fd khu ngh\u1ec9 d\u01b0\u1ee1ng<\/option><option value=\"Qu\u1ea3n l\u00fd khu ngh\u1ec9 d\u01b0\u1ee1ng c\u1ea5p \u0111\u1ed9 Lite\"  class=\"choice-2 depth-1\"  >Qu\u1ea3n l\u00fd khu ngh\u1ec9 d\u01b0\u1ee1ng c\u1ea5p \u0111\u1ed9 Lite<\/option><\/select><\/div><div id=\"wpforms-379-field_7-container\" class=\"wpforms-field wpforms-field-number\" data-field-id=\"7\"><label class=\"wpforms-field-label\" for=\"wpforms-379-field_7\">S\u1ed1 l\u01b0\u1ee3ng nh\u00e0 h\u00e0ng <span class=\"wpforms-required-label\" aria-hidden=\"true\">*<\/span><\/label><input type=\"number\" id=\"wpforms-379-field_7\" class=\"wpforms-field-medium wpforms-field-required\" name=\"wpforms[fields][7]\" step=\"any\" aria-errormessage=\"wpforms-379-field_7-error\" required><\/div><div id=\"wpforms-379-field_9-container\" class=\"wpforms-field wpforms-field-checkbox wpforms-list-3-columns\" data-field-id=\"9\"><fieldset><legend class=\"wpforms-field-label\">B\u1ed5 sung b\u1eaft bu\u1ed9c<\/legend><ul id=\"wpforms-379-field_9\"><li class=\"choice-1 depth-1\"><input type=\"checkbox\" id=\"wpforms-379-field_9_1\" name=\"wpforms[fields][9][]\" value=\"Giao di\u1ec7n PBX (\u0110i\u1ec7n tho\u1ea1i)\" aria-errormessage=\"wpforms-379-field_9_1-error\"  ><label class=\"wpforms-field-label-inline\" for=\"wpforms-379-field_9_1\">Giao di\u1ec7n PBX (\u0110i\u1ec7n tho\u1ea1i)<\/label><\/li><li class=\"choice-2 depth-1\"><input type=\"checkbox\" id=\"wpforms-379-field_9_2\" name=\"wpforms[fields][9][]\" value=\"Giao di\u1ec7n qu\u1ea3n l\u00fd k\u00eanh (v\u00ed d\u1ee5 SiteMinder)\" aria-errormessage=\"wpforms-379-field_9_2-error\"  ><label class=\"wpforms-field-label-inline\" for=\"wpforms-379-field_9_2\">Giao di\u1ec7n qu\u1ea3n l\u00fd k\u00eanh (v\u00ed d\u1ee5 SiteMinder)<\/label><\/li><li class=\"choice-3 depth-1\"><input type=\"checkbox\" id=\"wpforms-379-field_9_3\" name=\"wpforms[fields][9][]\" value=\"Giao di\u1ec7n ch\u00eca kh\u00f3a c\u1eeda (Kh\u00f3a \u0111i\u1ec7n t\u1eed)\" aria-errormessage=\"wpforms-379-field_9_3-error\"  ><label class=\"wpforms-field-label-inline\" for=\"wpforms-379-field_9_3\">Giao di\u1ec7n ch\u00eca kh\u00f3a c\u1eeda (Kh\u00f3a \u0111i\u1ec7n t\u1eed)<\/label><\/li><li class=\"choice-8 depth-1\"><input type=\"checkbox\" id=\"wpforms-379-field_9_8\" name=\"wpforms[fields][9][]\" value=\"Truy c\u1eadp Internet c\u1ee7a kh\u00e1ch\" aria-errormessage=\"wpforms-379-field_9_8-error\"  ><label class=\"wpforms-field-label-inline\" for=\"wpforms-379-field_9_8\">Truy c\u1eadp Internet c\u1ee7a kh\u00e1ch<\/label><\/li><li class=\"choice-11 depth-1\"><input type=\"checkbox\" id=\"wpforms-379-field_9_11\" name=\"wpforms[fields][9][]\" value=\"\u1ee8ng d\u1ee5ng di \u0111\u1ed9ng Point of Sales\" aria-errormessage=\"wpforms-379-field_9_11-error\"  ><label class=\"wpforms-field-label-inline\" for=\"wpforms-379-field_9_11\">\u1ee8ng d\u1ee5ng di \u0111\u1ed9ng Point of Sales<\/label><\/li><li class=\"choice-7 depth-1\"><input type=\"checkbox\" id=\"wpforms-379-field_9_7\" name=\"wpforms[fields][9][]\" value=\"\u1ee8ng d\u1ee5ng di \u0111\u1ed9ng Housekeeping\" aria-errormessage=\"wpforms-379-field_9_7-error\"  ><label class=\"wpforms-field-label-inline\" for=\"wpforms-379-field_9_7\">\u1ee8ng d\u1ee5ng di \u0111\u1ed9ng Housekeeping<\/label><\/li><li class=\"choice-6 depth-1\"><input type=\"checkbox\" id=\"wpforms-379-field_9_6\" name=\"wpforms[fields][9][]\" value=\"\u1ee8ng d\u1ee5ng di \u0111\u1ed9ng k\u1ef9 thu\u1eadt\" aria-errormessage=\"wpforms-379-field_9_6-error\"  ><label class=\"wpforms-field-label-inline\" for=\"wpforms-379-field_9_6\">\u1ee8ng d\u1ee5ng di \u0111\u1ed9ng k\u1ef9 thu\u1eadt<\/label><\/li><li class=\"choice-5 depth-1\"><input type=\"checkbox\" id=\"wpforms-379-field_9_5\" name=\"wpforms[fields][9][]\" value=\"M\u00f4-\u0111un T\u1ef7 gi\u00e1 Ti\u1ec1n t\u1ec7\" aria-errormessage=\"wpforms-379-field_9_5-error\"  ><label class=\"wpforms-field-label-inline\" for=\"wpforms-379-field_9_5\">M\u00f4-\u0111un T\u1ef7 gi\u00e1 Ti\u1ec1n t\u1ec7<\/label><\/li><li class=\"choice-4 depth-1\"><input type=\"checkbox\" id=\"wpforms-379-field_9_4\" name=\"wpforms[fields][9][]\" value=\"Giao di\u1ec7n eMarketing c\u1ee7a Talkbox\" aria-errormessage=\"wpforms-379-field_9_4-error\"  ><label class=\"wpforms-field-label-inline\" for=\"wpforms-379-field_9_4\">Giao di\u1ec7n eMarketing c\u1ee7a Talkbox<\/label><\/li><li class=\"choice-9 depth-1\"><input type=\"checkbox\" id=\"wpforms-379-field_9_9\" name=\"wpforms[fields][9][]\" value=\"Revinate In-Guest CRM\" aria-errormessage=\"wpforms-379-field_9_9-error\"  ><label class=\"wpforms-field-label-inline\" for=\"wpforms-379-field_9_9\">Revinate In-Guest CRM<\/label><\/li><li class=\"choice-10 depth-1\"><input type=\"checkbox\" id=\"wpforms-379-field_9_10\" name=\"wpforms[fields][9][]\" value=\"Truy c\u1eadp t\u1eeb xa an to\u00e0n\" aria-errormessage=\"wpforms-379-field_9_10-error\"  ><label class=\"wpforms-field-label-inline\" for=\"wpforms-379-field_9_10\">Truy c\u1eadp t\u1eeb xa an to\u00e0n<\/label><\/li><\/ul><\/fieldset><\/div><div id=\"wpforms-379-field_2-container\" class=\"wpforms-field wpforms-field-textarea\" data-field-id=\"2\"><label class=\"wpforms-field-label\" for=\"wpforms-379-field_2\">B\u00ecnh lu\u1eadn ho\u1eb7c tin nh\u1eafn<\/label><textarea id=\"wpforms-379-field_2\" class=\"wpforms-field-medium\" name=\"wpforms[fields][2]\" aria-errormessage=\"wpforms-379-field_2-error\" ><\/textarea><\/div><\/div><!-- .wpforms-field-container --><div class=\"wpforms-recaptcha-container wpforms-is-recaptcha wpforms-is-recaptcha-type-v3\" ><input type=\"hidden\" name=\"wpforms[recaptcha]\" value=\"\"><\/div><div class=\"wpforms-submit-container\" ><input type=\"hidden\" name=\"wpforms[id]\" value=\"379\"><input type=\"hidden\" name=\"page_title\" value=\"\"><input type=\"hidden\" name=\"page_url\" value=\"https:\/\/resort-manager.com\/vi\/wp-json\/wp\/v2\/pages\/1278\"><input type=\"hidden\" name=\"url_referer\" value=\"\"><button type=\"submit\" name=\"wpforms[submit]\" id=\"wpforms-submit-379\" class=\"wpforms-submit\" data-alt-text=\"\u0110ang g\u1eedi\u2026\" data-submit-text=\"Y\u00eau c\u1ea7u b\u00e1o gi\u00e1\" aria-live=\"assertive\" value=\"wpforms-submit\">Y\u00eau c\u1ea7u b\u00e1o gi\u00e1<\/button><img decoding=\"async\" src=\"https:\/\/resort-manager.com\/wp-content\/plugins\/wpforms-lite\/assets\/images\/submit-spin.svg\" class=\"wpforms-submit-spinner\" style=\"display: none;\" width=\"26\" height=\"26\" alt=\"Loading\" title=\"\"><\/div><\/form><\/div>  <!-- .wpforms-container -->\t\t\t\t<\/div>\n\t\t\t\t<\/div>\n\t\t\t\t<div class=\"elementor-element elementor-element-58ba75b elementor-widget elementor-widget-text-editor\" data-id=\"58ba75b\" data-element_type=\"widget\" data-e-type=\"widget\" data-widget_type=\"text-editor.default\">\n\t\t\t\t<div class=\"elementor-widget-container\">\n\t\t\t\t\t\t\t\t\t<p>* Vui l\u00f2ng \u0111i\u1ec1n v\u00e0o m\u1eabu n\u00e0y m\u1ed9t c\u00e1ch \u0111\u1ea7y \u0111\u1ee7 v\u00e0 ch\u00ednh x\u00e1c nh\u1ea5t c\u00f3 th\u1ec3 \u0111\u1ec3 ch\u00fang t\u00f4i c\u00f3 th\u1ec3 cung c\u1ea5p cho b\u1ea1n b\u00e1o gi\u00e1 t\u1ed1t nh\u1ea5t.<\/p>\n\t\t\t\t\t\t\t\t<\/div>\n\t\t\t\t<\/div>\n\t\t\t\t\t<\/div>\n\t\t\t\t<\/div>\n\t\t<div class=\"elementor-element elementor-element-330dd0d e-flex e-con-boxed e-con e-child\" data-id=\"330dd0d\" data-element_type=\"container\" data-e-type=\"container\">\n\t\t\t\t\t<div class=\"e-con-inner\">\n\t\t\t\t<div class=\"elementor-element elementor-element-d894173 elementor-widget elementor-widget-image\" data-id=\"d894173\" data-element_type=\"widget\" data-e-type=\"widget\" data-widget_type=\"image.default\">\n\t\t\t\t<div class=\"elementor-widget-container\">\n\t\t\t\t\t\t\t\t\t\t\t\t\t\t\t<img fetchpriority=\"high\" decoding=\"async\" width=\"879\" height=\"586\" src=\"https:\/\/resort-manager.com\/wp-content\/uploads\/2023\/12\/RequestQuote.png\" class=\"attachment-full size-full wp-image-1138\" alt=\"\" srcset=\"https:\/\/resort-manager.com\/wp-content\/uploads\/2023\/12\/RequestQuote.png 879w, https:\/\/resort-manager.com\/wp-content\/uploads\/2023\/12\/RequestQuote-300x200.png 300w, https:\/\/resort-manager.com\/wp-content\/uploads\/2023\/12\/RequestQuote-768x512.png 768w\" sizes=\"(max-width: 879px) 100vw, 879px\" title=\"\">\t\t\t\t\t\t\t\t\t\t\t\t\t\t\t<\/div>\n\t\t\t\t<\/div>\n\t\t\t\t\t<\/div>\n\t\t\t\t<\/div>\n\t\t\t\t\t<\/div>\n\t\t\t\t<\/div>\n\t\t\t\t<\/div>\n\t\t","protected":false},"excerpt":{"rendered":"<p>Y\u00eau c\u1ea7u b\u00e1o gi\u00e1 c\u00e1 nh\u00e2n Please enable JavaScript in your browser to complete this form.Please enable JavaScript in your browser to complete this form. Name * FirstLast Email *Hotel \/ Property Name *Hotel \/ Property Location *Number of Rooms *Resort Manager Version Required *Resort ManagerResort Manager LiteNumber of Restaurants * Required Add-Ons PBX (Telephone) [&hellip;]<\/p>\n","protected":false},"author":1,"featured_media":0,"parent":0,"menu_order":0,"comment_status":"closed","ping_status":"closed","template":"elementor_header_footer","meta":{"footnotes":""},"class_list":["post-1278","page","type-page","status-publish","hentry"],"_links":{"self":[{"href":"https:\/\/resort-manager.com\/vi\/wp-json\/wp\/v2\/pages\/1278","targetHints":{"allow":["GET"]}}],"collection":[{"href":"https:\/\/resort-manager.com\/vi\/wp-json\/wp\/v2\/pages"}],"about":[{"href":"https:\/\/resort-manager.com\/vi\/wp-json\/wp\/v2\/types\/page"}],"author":[{"embeddable":true,"href":"https:\/\/resort-manager.com\/vi\/wp-json\/wp\/v2\/users\/1"}],"replies":[{"embeddable":true,"href":"https:\/\/resort-manager.com\/vi\/wp-json\/wp\/v2\/comments?post=1278"}],"version-history":[{"count":0,"href":"https:\/\/resort-manager.com\/vi\/wp-json\/wp\/v2\/pages\/1278\/revisions"}],"wp:attachment":[{"href":"https:\/\/resort-manager.com\/vi\/wp-json\/wp\/v2\/media?parent=1278"}],"curies":[{"name":"wp","href":"https:\/\/api.w.org\/{rel}","templated":true}]}}