{"id":1252,"date":"2023-12-06T16:41:59","date_gmt":"2023-12-06T08:41:59","guid":{"rendered":"https:\/\/www.resort-manager.com\/ho-tro-sau-ban-hang\/"},"modified":"2024-09-18T11:23:36","modified_gmt":"2024-09-18T03:23:36","slug":"ho-tro-sau-ban-hang","status":"publish","type":"page","link":"https:\/\/resort-manager.com\/vi\/ho-tro-sau-ban-hang\/","title":{"rendered":"H\u1ed7 tr\u1ee3 sau b\u00e1n h\u00e0ng"},"content":{"rendered":"\t\t<div data-elementor-type=\"wp-page\" data-elementor-id=\"1252\" class=\"elementor elementor-1252 elementor-256\">\n\t\t\t\t<div class=\"elementor-element elementor-element-046ed2f e-flex e-con-boxed e-con e-parent\" data-id=\"046ed2f\" data-element_type=\"container\" data-e-type=\"container\" data-settings=\"{&quot;background_background&quot;:&quot;classic&quot;}\">\n\t\t\t\t\t<div class=\"e-con-inner\">\n\t\t<div class=\"elementor-element elementor-element-0222cd5 e-con-full e-flex e-con e-child\" data-id=\"0222cd5\" data-element_type=\"container\" data-e-type=\"container\">\n\t\t\t\t<div class=\"elementor-element elementor-element-df23b98 elementor-widget elementor-widget-heading\" data-id=\"df23b98\" data-element_type=\"widget\" data-e-type=\"widget\" data-widget_type=\"heading.default\">\n\t\t\t\t<div class=\"elementor-widget-container\">\n\t\t\t\t\t<h2 class=\"elementor-heading-title elementor-size-default\">H\u1ed7 tr\u1ee3 sau b\u00e1n h\u00e0ng<\/h2>\t\t\t\t<\/div>\n\t\t\t\t<\/div>\n\t\t\t\t<div class=\"elementor-element elementor-element-9b6ac99 elementor-widget elementor-widget-text-editor\" data-id=\"9b6ac99\" data-element_type=\"widget\" data-e-type=\"widget\" data-widget_type=\"text-editor.default\">\n\t\t\t\t<div class=\"elementor-widget-container\">\n\t\t\t\t\t\t\t\t\t<p>\u0110\u1ed9i ng\u0169 Qu\u1ea3n l\u00fd khu ngh\u1ec9 d\u01b0\u1ee1ng nh\u1eadn ra t\u1ea7m quan tr\u1ecdng c\u1ee7a d\u1ecbch v\u1ee5 v\u00e0 h\u1ed7 tr\u1ee3 sau b\u00e1n h\u00e0ng \u0111\u1ed1i v\u1edbi kh\u00e1ch h\u00e0ng c\u1ee7a ch\u00fang t\u00f4i. \u0110i\u1ec1u quan tr\u1ecdng \u0111\u1ed1i v\u1edbi m\u1ed9t doanh nghi\u1ec7p l\u00e0 h\u1ec7 th\u1ed1ng c\u1ee7a h\u1ecd ph\u1ea3i lu\u00f4n ho\u1ea1t \u0111\u1ed9ng \u1edf hi\u1ec7u su\u1ea5t cao nh\u1ea5t. B\u1ea5t k\u1ec3 ho\u00e0n c\u1ea3nh hay b\u1ea5t k\u1ef3 s\u1ef1 ki\u1ec7n b\u1ea5t ng\u1edd n\u00e0o, kh\u00e1ch h\u00e0ng c\u1ee7a ch\u00fang t\u00f4i c\u00f3 th\u1ec3 tin t\u01b0\u1edfng r\u1eb1ng s\u1ef1 h\u1ed7 tr\u1ee3 \u0111ang tr\u00ean \u0111\u01b0\u1eddng \u0111\u1ebfn. Nhi\u1ec7m v\u1ee5 c\u1ee7a ch\u00fang t\u00f4i l\u00e0 c\u1eadp nh\u1eadt h\u1ec7 th\u1ed1ng c\u1ee7a kh\u00e1ch h\u00e0ng \u0111\u1ec3 \u0111\u1ea3m b\u1ea3o ho\u1ea1t \u0111\u1ed9ng kinh doanh c\u1ee7a h\u1ecd \u0111\u01b0\u1ee3c an to\u00e0n.   <\/p>\n<p>T\u1ea5t c\u1ea3 c\u00e1c gi\u1ea3i ph\u00e1p c\u1ee7a Resort Manager \u0111\u1ec1u \u0111\u01b0\u1ee3c b\u1ea3o h\u00e0nh 12 th\u00e1ng bao g\u1ed3m h\u1ed7 tr\u1ee3 kh\u00f4ng gi\u1edbi h\u1ea1n cho b\u1ea5t k\u1ef3 v\u1ea5n \u0111\u1ec1 n\u00e0o v\u1ec1 v\u1eadn h\u00e0nh ho\u1eb7c ph\u1ea7n m\u1ec1m th\u00f4ng qua h\u1ec7 th\u1ed1ng b\u00e1o c\u00e1o s\u1ef1 c\u1ed1 d\u1ef1a tr\u00ean web. H\u01a1n n\u1eefa, ch\u1ebf \u0111\u1ed9 b\u1ea3o h\u00e0nh bao g\u1ed3m vi\u1ec7c thay th\u1ebf ho\u1eb7c s\u1eeda ch\u1eefa b\u1ea5t k\u1ef3 ph\u1ea7n c\u1ee9ng b\u1ecb l\u1ed7i n\u00e0o m\u00e0 ch\u00fang t\u00f4i cung c\u1ea5p. <\/p>\n<p>Sau th\u1eddi h\u1ea1n 12 th\u00e1ng \u0111\u1ea7u ti\u00ean, ch\u00fang t\u00f4i cung c\u1ea5p cho t\u1ea5t c\u1ea3 kh\u00e1ch h\u00e0ng m\u1ed9t g\u00f3i h\u1ed7 tr\u1ee3 gi\u00e1 c\u1ed1 \u0111\u1ecbnh \u0111\u1ea3m b\u1ea3o d\u1ecbch v\u1ee5 \u01b0u ti\u00ean tr\u00ean t\u1ea5t c\u1ea3 c\u00e1c h\u1ec7 th\u1ed1ng. Ng\u01b0\u1eddi gi\u1eef h\u1ee3p \u0111\u1ed3ng h\u1ed7 tr\u1ee3 c\u0169ng c\u00f3 quy\u1ec1n \u0111\u01b0\u1ee3c c\u1eadp nh\u1eadt mi\u1ec5n ph\u00ed. <\/p>\n\t\t\t\t\t\t\t\t<\/div>\n\t\t\t\t<\/div>\n\t\t\t\t<div class=\"elementor-element elementor-element-dd1c7be elementor-align-center elementor-widget elementor-widget-button\" data-id=\"dd1c7be\" data-element_type=\"widget\" data-e-type=\"widget\" data-widget_type=\"button.default\">\n\t\t\t\t<div class=\"elementor-widget-container\">\n\t\t\t\t\t\t\t\t\t<div class=\"elementor-button-wrapper\">\n\t\t\t\t\t<a class=\"elementor-button elementor-button-link elementor-size-sm\" href=\"https:\/\/resort-manager.com\/vi\/lien-he-voi-chung-toi\/\">\n\t\t\t\t\t\t<span class=\"elementor-button-content-wrapper\">\n\t\t\t\t\t\t\t\t\t<span class=\"elementor-button-text\">Y\u00eau c\u1ea7u th\u00f4ng tin b\u1ed5 sung<\/span>\n\t\t\t\t\t<\/span>\n\t\t\t\t\t<\/a>\n\t\t\t\t<\/div>\n\t\t\t\t\t\t\t\t<\/div>\n\t\t\t\t<\/div>\n\t\t\t\t<\/div>\n\t\t\t\t<div class=\"elementor-element elementor-element-e5526a0 elementor-widget elementor-widget-image\" data-id=\"e5526a0\" data-element_type=\"widget\" data-e-type=\"widget\" data-widget_type=\"image.default\">\n\t\t\t\t<div class=\"elementor-widget-container\">\n\t\t\t\t\t\t\t\t\t\t\t\t\t\t\t<img fetchpriority=\"high\" decoding=\"async\" width=\"868\" height=\"568\" src=\"https:\/\/resort-manager.com\/wp-content\/uploads\/2023\/12\/call-center.png\" class=\"attachment-full size-full wp-image-1117\" alt=\"\" srcset=\"https:\/\/resort-manager.com\/wp-content\/uploads\/2023\/12\/call-center.png 868w, https:\/\/resort-manager.com\/wp-content\/uploads\/2023\/12\/call-center-300x196.png 300w, https:\/\/resort-manager.com\/wp-content\/uploads\/2023\/12\/call-center-768x503.png 768w\" sizes=\"(max-width: 868px) 100vw, 868px\" title=\"\">\t\t\t\t\t\t\t\t\t\t\t\t\t\t\t<\/div>\n\t\t\t\t<\/div>\n\t\t\t\t\t<\/div>\n\t\t\t\t<\/div>\n\t\t<div class=\"elementor-element elementor-element-5a059c1 e-flex e-con-boxed e-con e-parent\" data-id=\"5a059c1\" data-element_type=\"container\" data-e-type=\"container\">\n\t\t\t\t\t<div class=\"e-con-inner\">\n\t\t\t\t<div class=\"elementor-element elementor-element-f7764f8 elementor-widget__width-initial elementor-widget-mobile__width-initial elementor-widget elementor-widget-image\" data-id=\"f7764f8\" data-element_type=\"widget\" data-e-type=\"widget\" data-widget_type=\"image.default\">\n\t\t\t\t<div class=\"elementor-widget-container\">\n\t\t\t\t\t\t\t\t\t\t\t\t\t\t\t<img decoding=\"async\" width=\"581\" height=\"350\" src=\"https:\/\/resort-manager.com\/wp-content\/uploads\/2023\/12\/installation-services.png\" class=\"attachment-full size-full wp-image-1120\" alt=\"\" srcset=\"https:\/\/resort-manager.com\/wp-content\/uploads\/2023\/12\/installation-services.png 581w, https:\/\/resort-manager.com\/wp-content\/uploads\/2023\/12\/installation-services-300x181.png 300w\" sizes=\"(max-width: 581px) 100vw, 581px\" title=\"\">\t\t\t\t\t\t\t\t\t\t\t\t\t\t\t<\/div>\n\t\t\t\t<\/div>\n\t\t<div class=\"elementor-element elementor-element-e277636 e-flex e-con-boxed e-con e-child\" data-id=\"e277636\" data-element_type=\"container\" data-e-type=\"container\">\n\t\t\t\t\t<div class=\"e-con-inner\">\n\t\t\t\t<div class=\"elementor-element elementor-element-498151e elementor-widget elementor-widget-heading\" data-id=\"498151e\" data-element_type=\"widget\" data-e-type=\"widget\" data-widget_type=\"heading.default\">\n\t\t\t\t<div class=\"elementor-widget-container\">\n\t\t\t\t\t<h2 class=\"elementor-heading-title elementor-size-default\">C\u00e0i \u0111\u1eb7t &amp; \u0110\u00e0o t\u1ea1o<\/h2>\t\t\t\t<\/div>\n\t\t\t\t<\/div>\n\t\t\t\t<div class=\"elementor-element elementor-element-7a5df3a elementor-widget elementor-widget-text-editor\" data-id=\"7a5df3a\" data-element_type=\"widget\" data-e-type=\"widget\" data-widget_type=\"text-editor.default\">\n\t\t\t\t<div class=\"elementor-widget-container\">\n\t\t\t\t\t\t\t\t\t<p>Resort Manager cung c\u1ea5p d\u1ecbch v\u1ee5 l\u1eafp \u0111\u1eb7t v\u00e0 \u0111\u00e0o t\u1ea1o mi\u1ec5n ph\u00ed khi mua b\u1ea5t k\u1ef3 g\u00f3i m\u00f4-\u0111un n\u00e0o.  <span style=\"text-align: var(--text-align); background-color: var( --e-global-color-c696dce ); font-size: 1rem;\">Quy\u1ec1n l\u1ee3i n\u00e0y ch\u1ec9 \u0111\u01b0\u1ee3c chi tr\u1ea3 cho chi ph\u00ed \u0111i l\u1ea1i ph\u00e1t sinh.<\/span><\/p>\n<p>Sau \u0111\u00f3, b\u1ea1n c\u00f3 c\u01a1 h\u1ed9i nh\u1eadn \u0111\u01b0\u1ee3c c\u00e1c d\u1ecbch v\u1ee5 \u0111\u00e0o t\u1ea1o b\u1ed5 sung v\u00e0 \u0111\u00e1nh gi\u00e1 h\u1ec7 th\u1ed1ng.<\/p><\/p>\n\t\t\t\t\t\t\t\t<\/div>\n\t\t\t\t<\/div>\n\t\t\t\t<div class=\"elementor-element elementor-element-9faeb59 elementor-align-center elementor-widget elementor-widget-button\" data-id=\"9faeb59\" data-element_type=\"widget\" data-e-type=\"widget\" data-widget_type=\"button.default\">\n\t\t\t\t<div class=\"elementor-widget-container\">\n\t\t\t\t\t\t\t\t\t<div class=\"elementor-button-wrapper\">\n\t\t\t\t\t<a class=\"elementor-button elementor-button-link elementor-size-sm\" href=\"https:\/\/resort-manager.com\/vi\/lien-he-voi-chung-toi\/\">\n\t\t\t\t\t\t<span class=\"elementor-button-content-wrapper\">\n\t\t\t\t\t\t\t\t\t<span class=\"elementor-button-text\">Y\u00eau c\u1ea7u \u0111\u00e0o t\u1ea1o b\u1ed5 sung ho\u1eb7c c\u00e0i \u0111\u1eb7t<\/span>\n\t\t\t\t\t<\/span>\n\t\t\t\t\t<\/a>\n\t\t\t\t<\/div>\n\t\t\t\t\t\t\t\t<\/div>\n\t\t\t\t<\/div>\n\t\t\t\t\t<\/div>\n\t\t\t\t<\/div>\n\t\t\t\t\t<\/div>\n\t\t\t\t<\/div>\n\t\t\t\t<\/div>\n\t\t","protected":false},"excerpt":{"rendered":"<p>H\u1ed7 tr\u1ee3 sau b\u00e1n h\u00e0ng \u0110\u1ed9i ng\u0169 Qu\u1ea3n l\u00fd khu ngh\u1ec9 d\u01b0\u1ee1ng nh\u1eadn ra t\u1ea7m quan tr\u1ecdng c\u1ee7a d\u1ecbch v\u1ee5 v\u00e0 h\u1ed7 tr\u1ee3 sau b\u00e1n h\u00e0ng \u0111\u1ed1i v\u1edbi kh\u00e1ch h\u00e0ng c\u1ee7a ch\u00fang t\u00f4i. \u0110i\u1ec1u quan tr\u1ecdng \u0111\u1ed1i v\u1edbi m\u1ed9t doanh nghi\u1ec7p l\u00e0 h\u1ec7 th\u1ed1ng c\u1ee7a h\u1ecd ph\u1ea3i lu\u00f4n ho\u1ea1t \u0111\u1ed9ng \u1edf hi\u1ec7u su\u1ea5t cao nh\u1ea5t. [&hellip;]<\/p>\n","protected":false},"author":1,"featured_media":0,"parent":0,"menu_order":0,"comment_status":"closed","ping_status":"closed","template":"elementor_header_footer","meta":{"footnotes":""},"class_list":["post-1252","page","type-page","status-publish","hentry"],"_links":{"self":[{"href":"https:\/\/resort-manager.com\/vi\/wp-json\/wp\/v2\/pages\/1252","targetHints":{"allow":["GET"]}}],"collection":[{"href":"https:\/\/resort-manager.com\/vi\/wp-json\/wp\/v2\/pages"}],"about":[{"href":"https:\/\/resort-manager.com\/vi\/wp-json\/wp\/v2\/types\/page"}],"author":[{"embeddable":true,"href":"https:\/\/resort-manager.com\/vi\/wp-json\/wp\/v2\/users\/1"}],"replies":[{"embeddable":true,"href":"https:\/\/resort-manager.com\/vi\/wp-json\/wp\/v2\/comments?post=1252"}],"version-history":[{"count":0,"href":"https:\/\/resort-manager.com\/vi\/wp-json\/wp\/v2\/pages\/1252\/revisions"}],"wp:attachment":[{"href":"https:\/\/resort-manager.com\/vi\/wp-json\/wp\/v2\/media?parent=1252"}],"curies":[{"name":"wp","href":"https:\/\/api.w.org\/{rel}","templated":true}]}}