{"id":1244,"date":"2023-12-03T09:27:39","date_gmt":"2023-12-03T01:27:39","guid":{"rendered":"https:\/\/www.resort-manager.com\/gioi-thieu-ve-chung-toi\/"},"modified":"2024-09-18T11:23:17","modified_gmt":"2024-09-18T03:23:17","slug":"gioi-thieu-ve-chung-toi","status":"publish","type":"page","link":"https:\/\/resort-manager.com\/vi\/gioi-thieu-ve-chung-toi\/","title":{"rendered":"Gi\u1edbi thi\u1ec7u v\u1ec1 ch\u00fang t\u00f4i"},"content":{"rendered":"\t\t<div data-elementor-type=\"wp-page\" data-elementor-id=\"1244\" class=\"elementor elementor-1244 elementor-31\">\n\t\t\t\t<div class=\"elementor-element elementor-element-47a8853c e-flex e-con-boxed e-con e-parent\" data-id=\"47a8853c\" data-element_type=\"container\" data-e-type=\"container\" data-settings=\"{&quot;background_background&quot;:&quot;classic&quot;}\">\n\t\t\t\t\t<div class=\"e-con-inner\">\n\t\t<div class=\"elementor-element elementor-element-17565af1 e-con-full e-flex e-con e-child\" data-id=\"17565af1\" data-element_type=\"container\" data-e-type=\"container\" data-settings=\"{&quot;background_background&quot;:&quot;classic&quot;}\">\n\t\t\t\t<div class=\"elementor-element elementor-element-ddd6313 elementor-widget elementor-widget-image\" data-id=\"ddd6313\" data-element_type=\"widget\" data-e-type=\"widget\" data-widget_type=\"image.default\">\n\t\t\t\t<div class=\"elementor-widget-container\">\n\t\t\t\t\t\t\t\t\t\t\t\t\t\t\t<img fetchpriority=\"high\" decoding=\"async\" width=\"868\" height=\"585\" src=\"https:\/\/resort-manager.com\/wp-content\/uploads\/2023\/12\/colleagues-giving-fist-bump.png\" class=\"attachment-full size-full wp-image-1135\" alt=\"\" srcset=\"https:\/\/resort-manager.com\/wp-content\/uploads\/2023\/12\/colleagues-giving-fist-bump.png 868w, https:\/\/resort-manager.com\/wp-content\/uploads\/2023\/12\/colleagues-giving-fist-bump-300x202.png 300w, https:\/\/resort-manager.com\/wp-content\/uploads\/2023\/12\/colleagues-giving-fist-bump-768x518.png 768w\" sizes=\"(max-width: 868px) 100vw, 868px\" title=\"\">\t\t\t\t\t\t\t\t\t\t\t\t\t\t\t<\/div>\n\t\t\t\t<\/div>\n\t\t\t\t<\/div>\n\t\t<div class=\"elementor-element elementor-element-8734fb e-con-full e-flex e-con e-child\" data-id=\"8734fb\" data-element_type=\"container\" data-e-type=\"container\">\n\t\t\t\t<div class=\"elementor-element elementor-element-3fd0410 elementor-widget elementor-widget-heading\" data-id=\"3fd0410\" data-element_type=\"widget\" data-e-type=\"widget\" data-widget_type=\"heading.default\">\n\t\t\t\t<div class=\"elementor-widget-container\">\n\t\t\t\t\t<h2 class=\"elementor-heading-title elementor-size-default\">Gi\u1edbi thi\u1ec7u v\u1ec1 ch\u00fang t\u00f4i<\/h2>\t\t\t\t<\/div>\n\t\t\t\t<\/div>\n\t\t\t\t<div class=\"elementor-element elementor-element-662ba29b elementor-widget elementor-widget-text-editor\" data-id=\"662ba29b\" data-element_type=\"widget\" data-e-type=\"widget\" data-settings=\"{&quot;_animation&quot;:&quot;none&quot;,&quot;_animation_delay&quot;:400}\" data-widget_type=\"text-editor.default\">\n\t\t\t\t<div class=\"elementor-widget-container\">\n\t\t\t\t\t\t\t\t\t<p>Resort Manager l\u00e0 c\u00f4ng ty \u0111\u1ea7u ti\u00ean ph\u00e1t tri\u1ec3n ph\u1ea7n m\u1ec1m \u0111\u01b0\u1ee3c g\u1ecdi l\u00e0 H\u1ec7 th\u1ed1ng qu\u1ea3n l\u00fd b\u1ea5t \u0111\u1ed9ng s\u1ea3n Resort Manager. Ch\u00fang t\u00f4i l\u00e0 m\u1ed9t c\u00f4ng ty c\u00f3 tay ngh\u1ec1 cao v\u00e0 gi\u00e0u kinh nghi\u1ec7m v\u1edbi \u0111\u1ed9i ng\u0169 qu\u1ea3n l\u00fd c\u00f3 nhi\u1ec1u kinh nghi\u1ec7m v\u1ec1 CNTT v\u00e0 d\u1ecbch v\u1ee5 kh\u00e1ch s\u1ea1n. Quan tr\u1ecdng h\u01a1n, ch\u00fang t\u00f4i chuy\u00ean cung c\u1ea5p c\u00e1c gi\u1ea3i ph\u00e1p d\u1ef1a tr\u00ean c\u00f4ng ngh\u1ec7 \u0111\u01b0\u1ee3c thi\u1ebft k\u1ebf ri\u00eang theo nhu c\u1ea7u c\u1ee5 th\u1ec3 c\u1ee7a c\u00e1c ng\u00e0nh c\u00f4ng nghi\u1ec7p kh\u00e1ch s\u1ea1n tr\u00ean kh\u1eafp Ch\u00e2u \u00c1.  <\/p>\n<p>Trong su\u1ed1t hai m\u01b0\u01a1i n\u0103m, ch\u00fang t\u00f4i \u0111\u00e3 t\u1ea1o d\u1ef1ng \u0111\u01b0\u1ee3c th\u00e0nh t\u00edch th\u00e0nh c\u00f4ng tr\u00ean th\u1ecb tr\u01b0\u1eddng Ch\u00e2u \u00c1. Ch\u00fang t\u00f4i r\u1ea5t h\u00e0i l\u00f2ng v\u1ec1 c\u00e1c m\u1ed1i quan h\u1ec7 l\u00e2u d\u00e0i m\u00e0 ch\u00fang t\u00f4i \u0111\u00e3 thi\u1ebft l\u1eadp v\u00e0 duy tr\u00ec \u0111\u01b0\u1ee3c v\u1edbi nhi\u1ec1u doanh nghi\u1ec7p kh\u00e1c nhau trong su\u1ed1t th\u1eddi gian \u0111\u00f3. Ch\u00fang t\u00f4i ch\u1ee7 \u0111\u1ed9ng th\u00fac \u0111\u1ea9y quan h\u1ec7 \u0111\u1ed1i t\u00e1c chi\u1ebfn l\u01b0\u1ee3c v\u1edbi kh\u00e1ch h\u00e0ng b\u1eb1ng c\u00e1ch cung c\u1ea5p c\u00e1c gi\u1ea3i ph\u00e1p to\u00e0n di\u1ec7n \u0111\u00e1p \u1ee9ng c\u1ea3 nhu c\u1ea7u ng\u1eafn h\u1ea1n v\u00e0 d\u00e0i h\u1ea1n c\u1ee7a kh\u00e1ch h\u00e0ng.  <\/p>\n\t\t\t\t\t\t\t\t<\/div>\n\t\t\t\t<\/div>\n\t\t\t\t<div class=\"elementor-element elementor-element-84dc54b elementor-align-center elementor-widget elementor-widget-button\" data-id=\"84dc54b\" data-element_type=\"widget\" data-e-type=\"widget\" data-widget_type=\"button.default\">\n\t\t\t\t<div class=\"elementor-widget-container\">\n\t\t\t\t\t\t\t\t\t<div class=\"elementor-button-wrapper\">\n\t\t\t\t\t<a class=\"elementor-button elementor-button-link elementor-size-sm\" href=\"https:\/\/resort-manager.com\/contact-us\/\">\n\t\t\t\t\t\t<span class=\"elementor-button-content-wrapper\">\n\t\t\t\t\t\t\t\t\t<span class=\"elementor-button-text\">Li\u00ean h\u1ec7 v\u1edbi ch\u00fang t\u00f4i<\/span>\n\t\t\t\t\t<\/span>\n\t\t\t\t\t<\/a>\n\t\t\t\t<\/div>\n\t\t\t\t\t\t\t\t<\/div>\n\t\t\t\t<\/div>\n\t\t\t\t<\/div>\n\t\t\t\t\t<\/div>\n\t\t\t\t<\/div>\n\t\t<div class=\"elementor-element elementor-element-454aa4f5 e-flex e-con-boxed e-con e-parent\" data-id=\"454aa4f5\" data-element_type=\"container\" data-e-type=\"container\">\n\t\t\t\t\t<div class=\"e-con-inner\">\n\t\t\t\t<div class=\"elementor-element elementor-element-609f773c elementor-widget elementor-widget-heading\" data-id=\"609f773c\" data-element_type=\"widget\" data-e-type=\"widget\" data-widget_type=\"heading.default\">\n\t\t\t\t<div class=\"elementor-widget-container\">\n\t\t\t\t\t<h2 class=\"elementor-heading-title elementor-size-default\">Nguy\u00ean t\u1eafc s\u1ee9 m\u1ec7nh<\/h2>\t\t\t\t<\/div>\n\t\t\t\t<\/div>\n\t\t<div class=\"elementor-element elementor-element-4b6b586 e-con-full e-flex e-con e-child\" data-id=\"4b6b586\" data-element_type=\"container\" data-e-type=\"container\">\n\t\t<div class=\"elementor-element elementor-element-6aa6c5dc e-con-full e-flex e-con e-child\" data-id=\"6aa6c5dc\" data-element_type=\"container\" data-e-type=\"container\" data-settings=\"{&quot;background_background&quot;:&quot;classic&quot;}\">\n\t\t\t\t<div class=\"elementor-element elementor-element-38eb14e8 elementor-widget elementor-widget-heading\" data-id=\"38eb14e8\" data-element_type=\"widget\" data-e-type=\"widget\" data-widget_type=\"heading.default\">\n\t\t\t\t<div class=\"elementor-widget-container\">\n\t\t\t\t\t<h4 class=\"elementor-heading-title elementor-size-default\">M\u1ed1i quan h\u1ec7<\/h4>\t\t\t\t<\/div>\n\t\t\t\t<\/div>\n\t\t\t\t<div class=\"elementor-element elementor-element-7ea228fa elementor-widget-divider--view-line elementor-widget elementor-widget-divider\" data-id=\"7ea228fa\" data-element_type=\"widget\" data-e-type=\"widget\" data-widget_type=\"divider.default\">\n\t\t\t\t<div class=\"elementor-widget-container\">\n\t\t\t\t\t\t\t<div class=\"elementor-divider\">\n\t\t\t<span class=\"elementor-divider-separator\">\n\t\t\t\t\t\t<\/span>\n\t\t<\/div>\n\t\t\t\t\t\t<\/div>\n\t\t\t\t<\/div>\n\t\t\t\t<div class=\"elementor-element elementor-element-3c82ac01 elementor-widget elementor-widget-text-editor\" data-id=\"3c82ac01\" data-element_type=\"widget\" data-e-type=\"widget\" data-widget_type=\"text-editor.default\">\n\t\t\t\t<div class=\"elementor-widget-container\">\n\t\t\t\t\t\t\t\t\t<p>M\u1ed7i kh\u00e1ch h\u00e0ng \u0111\u1ec1u c\u00f3 gi\u00e1 tr\u1ecb \u0111\u1ed1i v\u1edbi ch\u00fang t\u00f4i v\u00e0 ch\u00fang t\u00f4i hi\u1ec3u r\u1eb1ng s\u1ef1 tin t\u01b0\u1edfng l\u00e0 n\u1ec1n t\u1ea3ng c\u1ee7a s\u1ef1 h\u1ee3p t\u00e1c th\u00e0nh c\u00f4ng. Ch\u00fang t\u00f4i n\u1ed7 l\u1ef1c h\u1ebft m\u00ecnh \u0111\u1ec3 h\u00ecnh th\u00e0nh c\u00e1c m\u1ed1i quan h\u1ec7 v\u00e0 s\u1ef1 h\u1ee3p t\u00e1c chi\u1ebfn l\u01b0\u1ee3c nh\u1eb1m ph\u1ee5c v\u1ee5 kh\u00e1ch h\u00e0ng t\u1ed1t h\u01a1n. \u0110i\u1ec1u n\u00e0y \u0111\u1ea1t \u0111\u01b0\u1ee3c th\u00f4ng qua vi\u1ec7c cung c\u1ea5p c\u00e1c gi\u1ea3i ph\u00e1p cho nhu c\u1ea7u tr\u01b0\u1edbc m\u1eaft v\u00e0 t\u01b0\u01a1ng lai c\u1ee7a kh\u00e1ch h\u00e0ng.  <\/p>\n\t\t\t\t\t\t\t\t<\/div>\n\t\t\t\t<\/div>\n\t\t\t\t<\/div>\n\t\t<div class=\"elementor-element elementor-element-689f8e89 e-con-full e-flex e-con e-child\" data-id=\"689f8e89\" data-element_type=\"container\" data-e-type=\"container\" data-settings=\"{&quot;background_background&quot;:&quot;classic&quot;}\">\n\t\t\t\t<div class=\"elementor-element elementor-element-d509a35 elementor-widget elementor-widget-heading\" data-id=\"d509a35\" data-element_type=\"widget\" data-e-type=\"widget\" data-widget_type=\"heading.default\">\n\t\t\t\t<div class=\"elementor-widget-container\">\n\t\t\t\t\t<h4 class=\"elementor-heading-title elementor-size-default\">S\u1ef1 cam k\u1ebft<\/h4>\t\t\t\t<\/div>\n\t\t\t\t<\/div>\n\t\t\t\t<div class=\"elementor-element elementor-element-43edb4eb elementor-widget-divider--view-line elementor-widget elementor-widget-divider\" data-id=\"43edb4eb\" data-element_type=\"widget\" data-e-type=\"widget\" data-widget_type=\"divider.default\">\n\t\t\t\t<div class=\"elementor-widget-container\">\n\t\t\t\t\t\t\t<div class=\"elementor-divider\">\n\t\t\t<span class=\"elementor-divider-separator\">\n\t\t\t\t\t\t<\/span>\n\t\t<\/div>\n\t\t\t\t\t\t<\/div>\n\t\t\t\t<\/div>\n\t\t\t\t<div class=\"elementor-element elementor-element-5b85cba elementor-widget elementor-widget-text-editor\" data-id=\"5b85cba\" data-element_type=\"widget\" data-e-type=\"widget\" data-widget_type=\"text-editor.default\">\n\t\t\t\t<div class=\"elementor-widget-container\">\n\t\t\t\t\t\t\t\t\t<p>Ch\u00fang t\u00f4i s\u1eed d\u1ee5ng c\u00e1c ph\u01b0\u01a1ng ph\u00e1p \u0111\u00e3 \u0111\u01b0\u1ee3c th\u1eed nghi\u1ec7m v\u00e0 \u0111\u00fang \u0111\u1eafn t\u1eeb kh\u1eafp n\u01a1i tr\u00ean th\u1ebf gi\u1edbi trong m\u1ecdi kh\u00eda c\u1ea1nh kinh doanh c\u1ee7a m\u00ecnh. Chi\u1ebfn l\u01b0\u1ee3c n\u00e0y k\u1ebft h\u1ee3p c\u00e1c khu\u00f4n kh\u1ed5 qu\u1ea3n l\u00fd d\u1ef1 \u00e1n Summit D v\u00e0 Prince 2 \u0111\u1ec3 \u0111\u1ea3m b\u1ea3o r\u1eb1ng ch\u00fang t\u00f4i th\u1ef1c hi\u1ec7n \u0111\u00fang l\u1eddi h\u1ee9a c\u1ee7a m\u00ecnh. <\/p>\n\t\t\t\t\t\t\t\t<\/div>\n\t\t\t\t<\/div>\n\t\t\t\t<\/div>\n\t\t<div class=\"elementor-element elementor-element-1b7d7832 e-con-full e-flex e-con e-child\" data-id=\"1b7d7832\" data-element_type=\"container\" data-e-type=\"container\" data-settings=\"{&quot;background_background&quot;:&quot;classic&quot;}\">\n\t\t\t\t<div class=\"elementor-element elementor-element-57b42908 elementor-widget elementor-widget-heading\" data-id=\"57b42908\" data-element_type=\"widget\" data-e-type=\"widget\" data-widget_type=\"heading.default\">\n\t\t\t\t<div class=\"elementor-widget-container\">\n\t\t\t\t\t<h4 class=\"elementor-heading-title elementor-size-default\">Chuy\u00ean nghi\u1ec7p<\/h4>\t\t\t\t<\/div>\n\t\t\t\t<\/div>\n\t\t\t\t<div class=\"elementor-element elementor-element-68e1194b elementor-widget-divider--view-line elementor-widget elementor-widget-divider\" data-id=\"68e1194b\" data-element_type=\"widget\" data-e-type=\"widget\" data-widget_type=\"divider.default\">\n\t\t\t\t<div class=\"elementor-widget-container\">\n\t\t\t\t\t\t\t<div class=\"elementor-divider\">\n\t\t\t<span class=\"elementor-divider-separator\">\n\t\t\t\t\t\t<\/span>\n\t\t<\/div>\n\t\t\t\t\t\t<\/div>\n\t\t\t\t<\/div>\n\t\t\t\t<div class=\"elementor-element elementor-element-45247fb7 elementor-widget elementor-widget-text-editor\" data-id=\"45247fb7\" data-element_type=\"widget\" data-e-type=\"widget\" data-widget_type=\"text-editor.default\">\n\t\t\t\t<div class=\"elementor-widget-container\">\n\t\t\t\t\t\t\t\t\t<p>Ch\u00fang t\u00f4i c\u00f3 kh\u1ea3 n\u0103ng ph\u00e1t tri\u1ec3n v\u00e0 tri\u1ec3n khai c\u00e1c gi\u1ea3i ph\u00e1p c\u00f4ng ngh\u1ec7 th\u00f4ng tin cho kh\u00e1ch s\u1ea1n v\u00e0 khu ngh\u1ec9 d\u01b0\u1ee1ng nh\u1edd v\u00e0o ki\u1ebfn th\u1ee9c v\u00e0 kinh nghi\u1ec7m s\u00e2u r\u1ed9ng c\u1ee7a m\u00ecnh.<\/p>\n<p>H\u01a1n n\u1eefa, h\u1ec7 th\u1ed1ng v\u00e0 gi\u1ea3i ph\u00e1p c\u1ee7a ch\u00fang t\u00f4i \u0111\u01b0\u1ee3c ghi ch\u00e9p \u0111\u1ea7y \u0111\u1ee7 v\u00e0 khi c\u1ea7n thi\u1ebft, ch\u00fang t\u00f4i cung c\u1ea5p d\u1ecbch v\u1ee5 tr\u1ee3 gi\u00fap tr\u1ef1c tuy\u1ebfn.<\/p>\n\t\t\t\t\t\t\t\t<\/div>\n\t\t\t\t<\/div>\n\t\t\t\t<\/div>\n\t\t<div class=\"elementor-element elementor-element-5fa27416 e-con-full e-flex e-con e-child\" data-id=\"5fa27416\" data-element_type=\"container\" data-e-type=\"container\" data-settings=\"{&quot;background_background&quot;:&quot;classic&quot;}\">\n\t\t\t\t<div class=\"elementor-element elementor-element-3a759ff elementor-widget elementor-widget-heading\" data-id=\"3a759ff\" data-element_type=\"widget\" data-e-type=\"widget\" data-widget_type=\"heading.default\">\n\t\t\t\t<div class=\"elementor-widget-container\">\n\t\t\t\t\t<h4 class=\"elementor-heading-title elementor-size-default\">D\u1ecbch v\u1ee5<\/h4>\t\t\t\t<\/div>\n\t\t\t\t<\/div>\n\t\t\t\t<div class=\"elementor-element elementor-element-d83f3d9 elementor-widget-divider--view-line elementor-widget elementor-widget-divider\" data-id=\"d83f3d9\" data-element_type=\"widget\" data-e-type=\"widget\" data-widget_type=\"divider.default\">\n\t\t\t\t<div class=\"elementor-widget-container\">\n\t\t\t\t\t\t\t<div class=\"elementor-divider\">\n\t\t\t<span class=\"elementor-divider-separator\">\n\t\t\t\t\t\t<\/span>\n\t\t<\/div>\n\t\t\t\t\t\t<\/div>\n\t\t\t\t<\/div>\n\t\t\t\t<div class=\"elementor-element elementor-element-2681ab39 elementor-widget elementor-widget-text-editor\" data-id=\"2681ab39\" data-element_type=\"widget\" data-e-type=\"widget\" data-widget_type=\"text-editor.default\">\n\t\t\t\t<div class=\"elementor-widget-container\">\n\t\t\t\t\t\t\t\t\t<p>L\u00e0 nh\u00e0 cung c\u1ea5p gi\u1ea3i ph\u00e1p v\u00e0 d\u1ecbch v\u1ee5 t\u1eadn t\u00e2m, ch\u00fang t\u00f4i h\u1ee3p t\u00e1c v\u1edbi kh\u00e1ch h\u00e0ng \u0111\u1ec3 c\u00f9ng nhau \u0111\u1ea3m b\u1ea3o v\u00e0 duy tr\u00ec t\u00e1c \u0111\u1ed9ng t\u00edch c\u1ef1c \u0111\u1ebfn hi\u1ec7u qu\u1ea3 ho\u1ea1t \u0111\u1ed9ng c\u1ee7a h\u1ecd.<\/p>\n\t\t\t\t\t\t\t\t<\/div>\n\t\t\t\t<\/div>\n\t\t\t\t<\/div>\n\t\t\t\t<\/div>\n\t\t\t\t\t<\/div>\n\t\t\t\t<\/div>\n\t\t\t\t<\/div>\n\t\t","protected":false},"excerpt":{"rendered":"<p>Gi\u1edbi thi\u1ec7u v\u1ec1 ch\u00fang t\u00f4i Resort Manager l\u00e0 c\u00f4ng ty \u0111\u1ea7u ti\u00ean ph\u00e1t tri\u1ec3n ph\u1ea7n m\u1ec1m \u0111\u01b0\u1ee3c g\u1ecdi l\u00e0 H\u1ec7 th\u1ed1ng qu\u1ea3n l\u00fd b\u1ea5t \u0111\u1ed9ng s\u1ea3n Resort Manager. Ch\u00fang t\u00f4i l\u00e0 m\u1ed9t c\u00f4ng ty c\u00f3 tay ngh\u1ec1 cao v\u00e0 gi\u00e0u kinh nghi\u1ec7m v\u1edbi \u0111\u1ed9i ng\u0169 qu\u1ea3n l\u00fd c\u00f3 nhi\u1ec1u kinh nghi\u1ec7m v\u1ec1 CNTT v\u00e0 d\u1ecbch [&hellip;]<\/p>\n","protected":false},"author":1,"featured_media":0,"parent":0,"menu_order":0,"comment_status":"closed","ping_status":"closed","template":"elementor_header_footer","meta":{"footnotes":""},"class_list":["post-1244","page","type-page","status-publish","hentry"],"_links":{"self":[{"href":"https:\/\/resort-manager.com\/vi\/wp-json\/wp\/v2\/pages\/1244","targetHints":{"allow":["GET"]}}],"collection":[{"href":"https:\/\/resort-manager.com\/vi\/wp-json\/wp\/v2\/pages"}],"about":[{"href":"https:\/\/resort-manager.com\/vi\/wp-json\/wp\/v2\/types\/page"}],"author":[{"embeddable":true,"href":"https:\/\/resort-manager.com\/vi\/wp-json\/wp\/v2\/users\/1"}],"replies":[{"embeddable":true,"href":"https:\/\/resort-manager.com\/vi\/wp-json\/wp\/v2\/comments?post=1244"}],"version-history":[{"count":0,"href":"https:\/\/resort-manager.com\/vi\/wp-json\/wp\/v2\/pages\/1244\/revisions"}],"wp:attachment":[{"href":"https:\/\/resort-manager.com\/vi\/wp-json\/wp\/v2\/media?parent=1244"}],"curies":[{"name":"wp","href":"https:\/\/api.w.org\/{rel}","templated":true}]}}