{"id":1243,"date":"2023-12-03T09:27:32","date_gmt":"2023-12-03T01:27:32","guid":{"rendered":"https:\/\/www.resort-manager.com\/lien-he-voi-chung-toi\/"},"modified":"2026-02-17T14:40:12","modified_gmt":"2026-02-17T06:40:12","slug":"lien-he-voi-chung-toi","status":"publish","type":"page","link":"https:\/\/resort-manager.com\/vi\/lien-he-voi-chung-toi\/","title":{"rendered":"Li\u00ean h\u1ec7 v\u1edbi ch\u00fang t\u00f4i"},"content":{"rendered":"\t\t<div data-elementor-type=\"wp-page\" data-elementor-id=\"1243\" class=\"elementor elementor-1243 elementor-15\">\n\t\t\t\t<div class=\"elementor-element elementor-element-24c16cf6 e-flex e-con-boxed e-con e-parent\" data-id=\"24c16cf6\" data-element_type=\"container\" data-e-type=\"container\">\n\t\t\t\t\t<div class=\"e-con-inner\">\n\t\t<div class=\"elementor-element elementor-element-bd40b44 e-flex e-con-boxed e-con e-child\" data-id=\"bd40b44\" data-element_type=\"container\" data-e-type=\"container\">\n\t\t\t\t\t<div class=\"e-con-inner\">\n\t\t\t\t<div class=\"elementor-element elementor-element-c3cc7bf elementor-widget elementor-widget-heading\" data-id=\"c3cc7bf\" data-element_type=\"widget\" data-e-type=\"widget\" data-widget_type=\"heading.default\">\n\t\t\t\t<div class=\"elementor-widget-container\">\n\t\t\t\t\t<h2 class=\"elementor-heading-title elementor-size-default\">Li\u00ean h\u1ec7 v\u1edbi ch\u00fang t\u00f4i<\/h2>\t\t\t\t<\/div>\n\t\t\t\t<\/div>\n\t\t\t\t<div class=\"elementor-element elementor-element-29dd2cd elementor-widget elementor-widget-wpforms\" data-id=\"29dd2cd\" data-element_type=\"widget\" data-e-type=\"widget\" data-widget_type=\"wpforms.default\">\n\t\t\t\t<div class=\"elementor-widget-container\">\n\t\t\t\t\t<div class=\"wpforms-container wpforms-container-full wpforms-render-modern\" id=\"wpforms-219\"><form id=\"wpforms-form-219\" class=\"wpforms-validate wpforms-form wpforms-ajax-form\" data-formid=\"219\" method=\"post\" enctype=\"multipart\/form-data\" action=\"\/vi\/wp-json\/wp\/v2\/pages\/1243\" data-token=\"923077d810d5bbdba49a03521e016c08\" data-token-time=\"1776894550\"><noscript class=\"wpforms-error-noscript\">Vui l\u00f2ng b\u1eadt JavaScript tr\u00ean tr\u00ecnh duy\u1ec7t c\u1ee7a b\u1ea1n \u0111\u1ec3 ho\u00e0n t\u1ea5t bi\u1ec3u m\u1eabu n\u00e0y.<\/noscript><div id=\"wpforms-error-noscript\" style=\"display: none;\">Vui l\u00f2ng b\u1eadt JavaScript tr\u00ean tr\u00ecnh duy\u1ec7t c\u1ee7a b\u1ea1n \u0111\u1ec3 ho\u00e0n t\u1ea5t bi\u1ec3u m\u1eabu n\u00e0y.<\/div><div class=\"wpforms-field-container\"><div id=\"wpforms-219-field_0-container\" class=\"wpforms-field wpforms-field-name\" data-field-id=\"0\"><fieldset><legend class=\"wpforms-field-label\">T\u00ean <span class=\"wpforms-required-label\" aria-hidden=\"true\">*<\/span><\/legend><div class=\"wpforms-field-row wpforms-field-medium\"><div class=\"wpforms-field-row-block wpforms-first wpforms-one-half\"><input type=\"text\" id=\"wpforms-219-field_0\" class=\"wpforms-field-name-first wpforms-field-required\" name=\"wpforms[fields][0][first]\" placeholder=\"T\u00ean \u0111\u1ea7u ti\u00ean\" aria-errormessage=\"wpforms-219-field_0-error\" required><label for=\"wpforms-219-field_0\" class=\"wpforms-field-sublabel after wpforms-sublabel-hide\">\u0110\u1ea7u ti\u00ean<\/label><\/div><div class=\"wpforms-field-row-block wpforms-one-half\"><input type=\"text\" id=\"wpforms-219-field_0-last\" class=\"wpforms-field-name-last wpforms-field-required\" name=\"wpforms[fields][0][last]\" placeholder=\"H\u1ecd v\u00e0 t\u00ean\" aria-errormessage=\"wpforms-219-field_0-last-error\" required><label for=\"wpforms-219-field_0-last\" class=\"wpforms-field-sublabel after wpforms-sublabel-hide\">Cu\u1ed1i c\u00f9ng<\/label><\/div><\/div><\/fieldset><\/div><div id=\"wpforms-219-field_1-container\" class=\"wpforms-field wpforms-field-email\" data-field-id=\"1\"><label class=\"wpforms-field-label\" for=\"wpforms-219-field_1\">E-mail <span class=\"wpforms-required-label\" aria-hidden=\"true\">*<\/span><\/label><input type=\"email\" id=\"wpforms-219-field_1\" class=\"wpforms-field-medium wpforms-field-required\" name=\"wpforms[fields][1]\" placeholder=\"\u0110\u1ecba ch\u1ec9 Email\" spellcheck=\"false\" aria-errormessage=\"wpforms-219-field_1-error\" required><\/div><div id=\"wpforms-219-field_3-container\" class=\"wpforms-field wpforms-field-text\" data-field-id=\"3\"><label class=\"wpforms-field-label\" for=\"wpforms-219-field_3\">T\u00ean kh\u00e1ch s\u1ea1n \/ B\u1ea5t \u0111\u1ed9ng s\u1ea3n <span class=\"wpforms-required-label\" aria-hidden=\"true\">*<\/span><\/label><input type=\"text\" id=\"wpforms-219-field_3\" class=\"wpforms-field-medium wpforms-field-required\" name=\"wpforms[fields][3]\" placeholder=\"T\u00ean kh\u00e1ch s\u1ea1n \/ B\u1ea5t \u0111\u1ed9ng s\u1ea3n\" aria-errormessage=\"wpforms-219-field_3-error\" required><\/div><div id=\"wpforms-219-field_4-container\" class=\"wpforms-field wpforms-field-text\" data-field-id=\"4\"><label class=\"wpforms-field-label\" for=\"wpforms-219-field_4\">Kh\u00e1ch s\u1ea1n \/ V\u1ecb tr\u00ed b\u1ea5t \u0111\u1ed9ng s\u1ea3n <span class=\"wpforms-required-label\" aria-hidden=\"true\">*<\/span><\/label><input type=\"text\" id=\"wpforms-219-field_4\" class=\"wpforms-field-medium wpforms-field-required\" name=\"wpforms[fields][4]\" placeholder=\"Kh\u00e1ch s\u1ea1n \/ V\u1ecb tr\u00ed b\u1ea5t \u0111\u1ed9ng s\u1ea3n\" aria-errormessage=\"wpforms-219-field_4-error\" required><\/div><div id=\"wpforms-219-field_5-container\" class=\"wpforms-field wpforms-field-number\" data-field-id=\"5\"><label class=\"wpforms-field-label\" for=\"wpforms-219-field_5\">S\u1ed1 l\u01b0\u1ee3ng ph\u00f2ng <span class=\"wpforms-required-label\" aria-hidden=\"true\">*<\/span><\/label><input type=\"number\" id=\"wpforms-219-field_5\" class=\"wpforms-field-small wpforms-field-required\" name=\"wpforms[fields][5]\" placeholder=\"S\u1ed1 l\u01b0\u1ee3ng ph\u00f2ng\" step=\"any\" aria-errormessage=\"wpforms-219-field_5-error\" required><\/div><div id=\"wpforms-219-field_2-container\" class=\"wpforms-field wpforms-field-textarea\" data-field-id=\"2\"><label class=\"wpforms-field-label\" for=\"wpforms-219-field_2\">B\u00ecnh lu\u1eadn ho\u1eb7c tin nh\u1eafn<\/label><textarea id=\"wpforms-219-field_2\" class=\"wpforms-field-medium\" name=\"wpforms[fields][2]\" aria-errormessage=\"wpforms-219-field_2-error\" ><\/textarea><\/div><div id=\"wpforms-219-field_6-container\" class=\"wpforms-field wpforms-field-gdpr-checkbox\" data-field-id=\"6\"><label class=\"wpforms-field-label\">Th\u1ecfa thu\u1eadn GDPR <span class=\"wpforms-required-label\" aria-hidden=\"true\">*<\/span><\/label><ul id=\"wpforms-219-field_6\" class=\"wpforms-field-required\"><li class=\"choice-1\"><input type=\"checkbox\" id=\"wpforms-219-field_6_1\" name=\"wpforms[fields][6][]\" value=\"T\u00f4i \u0111\u1ed3ng \u00fd cho ph\u00e9p trang web n\u00e0y l\u01b0u tr\u1eef th\u00f4ng tin t\u00f4i \u0111\u00e3 cung c\u1ea5p \u0111\u1ec3 h\u1ecd c\u00f3 th\u1ec3 ph\u1ea3n h\u1ed3i y\u00eau c\u1ea7u c\u1ee7a t\u00f4i.\" aria-errormessage=\"wpforms-219-field_6_1-error\" required ><label class=\"wpforms-field-label-inline\" for=\"wpforms-219-field_6_1\">T\u00f4i \u0111\u1ed3ng \u00fd cho ph\u00e9p trang web n\u00e0y l\u01b0u tr\u1eef th\u00f4ng tin t\u00f4i \u0111\u00e3 cung c\u1ea5p \u0111\u1ec3 h\u1ecd c\u00f3 th\u1ec3 ph\u1ea3n h\u1ed3i y\u00eau c\u1ea7u c\u1ee7a t\u00f4i.<\/label><\/li><\/ul><\/div><\/div><!-- .wpforms-field-container --><div class=\"wpforms-recaptcha-container wpforms-is-recaptcha wpforms-is-recaptcha-type-v3\" ><input type=\"hidden\" name=\"wpforms[recaptcha]\" value=\"\"><\/div><div class=\"wpforms-submit-container\" ><input type=\"hidden\" name=\"wpforms[id]\" value=\"219\"><input type=\"hidden\" name=\"page_title\" value=\"\"><input type=\"hidden\" name=\"page_url\" value=\"https:\/\/resort-manager.com\/vi\/wp-json\/wp\/v2\/pages\/1243\"><input type=\"hidden\" name=\"url_referer\" value=\"\"><button type=\"submit\" name=\"wpforms[submit]\" id=\"wpforms-submit-219\" class=\"wpforms-submit\" data-alt-text=\"\u0110ang g\u1eedi\u2026\" data-submit-text=\"N\u1ed9p\" aria-live=\"assertive\" value=\"wpforms-submit\">N\u1ed9p<\/button><img decoding=\"async\" src=\"https:\/\/resort-manager.com\/wp-content\/plugins\/wpforms-lite\/assets\/images\/submit-spin.svg\" class=\"wpforms-submit-spinner\" style=\"display: none;\" width=\"26\" height=\"26\" alt=\"Loading\" title=\"\"><\/div><\/form><\/div>  <!-- .wpforms-container -->\t\t\t\t<\/div>\n\t\t\t\t<\/div>\n\t\t\t\t\t<\/div>\n\t\t\t\t<\/div>\n\t\t<div class=\"elementor-element elementor-element-916106e e-flex e-con-boxed e-con e-child\" data-id=\"916106e\" data-element_type=\"container\" data-e-type=\"container\">\n\t\t\t\t\t<div class=\"e-con-inner\">\n\t\t\t\t<div class=\"elementor-element elementor-element-c8fe91e elementor-widget elementor-widget-image\" data-id=\"c8fe91e\" data-element_type=\"widget\" data-e-type=\"widget\" data-widget_type=\"image.default\">\n\t\t\t\t<div class=\"elementor-widget-container\">\n\t\t\t\t\t\t\t\t\t\t\t\t\t\t\t<img fetchpriority=\"high\" decoding=\"async\" width=\"612\" height=\"384\" src=\"https:\/\/resort-manager.com\/wp-content\/uploads\/2023\/12\/ContactUs.jpg\" class=\"attachment-full size-full wp-image-1123\" alt=\"Li\u00ean h\u1ec7 v\u1edbi ch\u00fang t\u00f4i\" srcset=\"https:\/\/resort-manager.com\/wp-content\/uploads\/2023\/12\/ContactUs.jpg 612w, https:\/\/resort-manager.com\/wp-content\/uploads\/2023\/12\/ContactUs-300x188.jpg 300w\" sizes=\"(max-width: 612px) 100vw, 612px\" title=\"\">\t\t\t\t\t\t\t\t\t\t\t\t\t\t\t<\/div>\n\t\t\t\t<\/div>\n\t\t\t\t\t<\/div>\n\t\t\t\t<\/div>\n\t\t\t\t\t<\/div>\n\t\t\t\t<\/div>\n\t\t\t\t<\/div>\n\t\t","protected":false},"excerpt":{"rendered":"<p>Li\u00ean h\u1ec7 v\u1edbi ch\u00fang t\u00f4i Please enable JavaScript in your browser to complete this form.Please enable JavaScript in your browser to complete this form. Name * FirstLast Email *Hotel \/ Property Name *Hotel \/ Property Location *Number of Rooms *Comment or MessageGDPR Agreement * I consent to having this website store my submitted information so [&hellip;]<\/p>\n","protected":false},"author":1,"featured_media":0,"parent":0,"menu_order":0,"comment_status":"closed","ping_status":"closed","template":"elementor_header_footer","meta":{"footnotes":""},"class_list":["post-1243","page","type-page","status-publish","hentry"],"_links":{"self":[{"href":"https:\/\/resort-manager.com\/vi\/wp-json\/wp\/v2\/pages\/1243","targetHints":{"allow":["GET"]}}],"collection":[{"href":"https:\/\/resort-manager.com\/vi\/wp-json\/wp\/v2\/pages"}],"about":[{"href":"https:\/\/resort-manager.com\/vi\/wp-json\/wp\/v2\/types\/page"}],"author":[{"embeddable":true,"href":"https:\/\/resort-manager.com\/vi\/wp-json\/wp\/v2\/users\/1"}],"replies":[{"embeddable":true,"href":"https:\/\/resort-manager.com\/vi\/wp-json\/wp\/v2\/comments?post=1243"}],"version-history":[{"count":24,"href":"https:\/\/resort-manager.com\/vi\/wp-json\/wp\/v2\/pages\/1243\/revisions"}],"predecessor-version":[{"id":1993,"href":"https:\/\/resort-manager.com\/vi\/wp-json\/wp\/v2\/pages\/1243\/revisions\/1993"}],"wp:attachment":[{"href":"https:\/\/resort-manager.com\/vi\/wp-json\/wp\/v2\/media?parent=1243"}],"curies":[{"name":"wp","href":"https:\/\/api.w.org\/{rel}","templated":true}]}}