{"id":1209,"date":"2023-12-03T09:21:51","date_gmt":"2023-12-03T01:21:51","guid":{"rendered":"https:\/\/www.resort-manager.com\/chinh-sach-bao-mat\/"},"modified":"2024-11-05T13:47:22","modified_gmt":"2024-11-05T05:47:22","slug":"chinh-sach-bao-mat","status":"publish","type":"page","link":"https:\/\/resort-manager.com\/vi\/chinh-sach-bao-mat\/","title":{"rendered":"Ch\u00ednh s\u00e1ch b\u1ea3o m\u1eadt"},"content":{"rendered":"\t\t<div data-elementor-type=\"wp-page\" data-elementor-id=\"1209\" class=\"elementor elementor-1209 elementor-3\">\n\t\t\t\t<div class=\"elementor-element elementor-element-119ddc41 e-flex e-con-boxed e-con e-parent\" data-id=\"119ddc41\" data-element_type=\"container\" data-e-type=\"container\">\n\t\t\t\t\t<div class=\"e-con-inner\">\n\t\t\t\t<div class=\"elementor-element elementor-element-c19dab4 elementor-widget elementor-widget-heading\" data-id=\"c19dab4\" data-element_type=\"widget\" data-e-type=\"widget\" data-widget_type=\"heading.default\">\n\t\t\t\t<div class=\"elementor-widget-container\">\n\t\t\t\t\t<h2 class=\"elementor-heading-title elementor-size-default\">Ch\u00ednh s\u00e1ch b\u1ea3o m\u1eadt<\/h2>\t\t\t\t<\/div>\n\t\t\t\t<\/div>\n\t\t\t\t<div class=\"elementor-element elementor-element-1bfd232c elementor-widget elementor-widget-text-editor\" data-id=\"1bfd232c\" data-element_type=\"widget\" data-e-type=\"widget\" data-widget_type=\"text-editor.default\">\n\t\t\t\t<div class=\"elementor-widget-container\">\n\t\t\t\t\t\t\t\t\t<h6>C\u1eadp nh\u1eadt l\u1ea7n cu\u1ed1i: 06\/12\/2023<\/h6>\n<p>T\u1ea1i Resort Manager, ch\u00fang t\u00f4i cam k\u1ebft b\u1ea3o v\u1ec7 quy\u1ec1n ri\u00eang t\u01b0 c\u1ee7a kh\u00e1ch truy c\u1eadp v\u00e0 ng\u01b0\u1eddi d\u00f9ng trang web c\u1ee7a ch\u00fang t\u00f4i. Ch\u00ednh s\u00e1ch b\u1ea3o m\u1eadt n\u00e0y n\u00eau r\u00f5 th\u00f4ng tin ch\u00fang t\u00f4i thu th\u1eadp, c\u00e1ch ch\u00fang t\u00f4i s\u1eed d\u1ee5ng th\u00f4ng tin \u0111\u00f3 v\u00e0 quy\u1ec1n c\u1ee7a b\u1ea1n li\u00ean quan \u0111\u1ebfn th\u00f4ng tin \u0111\u00f3. Vui l\u00f2ng d\u00e0nh ch\u00fat th\u1eddi gian \u0111\u1ec3 xem l\u1ea1i ch\u00ednh s\u00e1ch n\u00e0y \u0111\u1ec3 hi\u1ec3u c\u00e1c ho\u1ea1t \u0111\u1ed9ng c\u1ee7a ch\u00fang t\u00f4i.  <\/p>\n<h5><strong>1. Th\u00f4ng tin ch\u00fang t\u00f4i thu th\u1eadp:<\/strong><\/h5>\n<p>a. <strong>Th\u00f4ng tin c\u00e1 nh\u00e2n:<\/strong> Ch\u00fang t\u00f4i c\u00f3 th\u1ec3 thu th\u1eadp th\u00f4ng tin c\u00e1 nh\u00e2n, ch\u1eb3ng h\u1ea1n nh\u01b0 t\u00ean, \u0111\u1ecba ch\u1ec9 email v\u00e0 th\u00f4ng tin li\u00ean l\u1ea1c c\u1ee7a b\u1ea1n khi b\u1ea1n t\u1ef1 nguy\u1ec7n cung c\u1ea5p th\u00f4ng tin n\u00e0y th\u00f4ng qua bi\u1ec3u m\u1eabu tr\u00ean trang web c\u1ee7a ch\u00fang t\u00f4i ho\u1eb7c th\u00f4ng qua trao \u0111\u1ed5i v\u1edbi ch\u00fang t\u00f4i.<\/p>\n<p>b. <strong>Th\u00f4ng tin s\u1eed d\u1ee5ng:<\/strong> Ch\u00fang t\u00f4i thu th\u1eadp th\u00f4ng tin v\u1ec1 c\u00e1ch b\u1ea1n t\u01b0\u01a1ng t\u00e1c v\u1edbi trang web c\u1ee7a ch\u00fang t\u00f4i, bao g\u1ed3m \u0111\u1ecba ch\u1ec9 IP, lo\u1ea1i tr\u00ecnh duy\u1ec7t v\u00e0 c\u00e1c trang \u0111\u00e3 truy c\u1eadp. Th\u00f4ng tin n\u00e0y gi\u00fap ch\u00fang t\u00f4i c\u1ea3i thi\u1ec7n trang web v\u00e0 tr\u1ea3i nghi\u1ec7m ng\u01b0\u1eddi d\u00f9ng. <\/p>\n<h5><strong>2. Ch\u00fang t\u00f4i s\u1eed d\u1ee5ng th\u00f4ng tin c\u1ee7a b\u1ea1n nh\u01b0 th\u1ebf n\u00e0o:<\/strong><\/h5>\n<p>a. <strong>Cung c\u1ea5p d\u1ecbch v\u1ee5:<\/strong> Ch\u00fang t\u00f4i s\u1eed d\u1ee5ng th\u00f4ng tin c\u00e1 nh\u00e2n c\u1ee7a b\u1ea1n \u0111\u1ec3 cung c\u1ea5p c\u00e1c d\u1ecbch v\u1ee5 b\u1ea1n y\u00eau c\u1ea7u, tr\u1ea3 l\u1eddi c\u00e1c c\u00e2u h\u1ecfi v\u00e0 cung c\u1ea5p h\u1ed7 tr\u1ee3 kh\u00e1ch h\u00e0ng.<\/p>\n<p>b. <strong>Truy\u1ec1n th\u00f4ng ti\u1ebfp th\u1ecb:<\/strong> V\u1edbi s\u1ef1 \u0111\u1ed3ng \u00fd c\u1ee7a b\u1ea1n, ch\u00fang t\u00f4i c\u00f3 th\u1ec3 g\u1eedi cho b\u1ea1n email qu\u1ea3ng c\u00e1o v\u1ec1 s\u1ea3n ph\u1ea9m, th\u00f4ng tin c\u1eadp nh\u1eadt ho\u1eb7c th\u00f4ng tin li\u00ean quan kh\u00e1c.<\/p>\n<p>c. <strong>C\u1ea3i thi\u1ec7n trang web:<\/strong> Ch\u00fang t\u00f4i ph\u00e2n t\u00edch d\u1eef li\u1ec7u s\u1eed d\u1ee5ng \u0111\u1ec3 n\u00e2ng cao ch\u1ee9c n\u0103ng, n\u1ed9i dung v\u00e0 tr\u1ea3i nghi\u1ec7m c\u1ee7a ng\u01b0\u1eddi d\u00f9ng tr\u00ean trang web.<\/p>\n<h5><strong>3. Cookie:<\/strong><\/h5>\n<p>Ch\u00fang t\u00f4i s\u1eed d\u1ee5ng cookie \u0111\u1ec3 n\u00e2ng cao tr\u1ea3i nghi\u1ec7m duy\u1ec7t web c\u1ee7a b\u1ea1n. Cookie l\u00e0 c\u00e1c t\u1ec7p nh\u1ecf \u0111\u01b0\u1ee3c l\u01b0u tr\u1eef tr\u00ean thi\u1ebft b\u1ecb c\u1ee7a b\u1ea1n gi\u00fap ch\u00fang t\u00f4i hi\u1ec3u c\u00e1ch b\u1ea1n s\u1eed d\u1ee5ng trang web c\u1ee7a ch\u00fang t\u00f4i. B\u1ea1n c\u00f3 th\u1ec3 qu\u1ea3n l\u00fd t\u00f9y ch\u1ecdn cookie th\u00f4ng qua c\u00e0i \u0111\u1eb7t tr\u00ecnh duy\u1ec7t c\u1ee7a m\u00ecnh.  <\/p>\n<h5><strong>4. Chia s\u1ebb th\u00f4ng tin c\u1ee7a b\u1ea1n:<\/strong><\/h5>\n<p>Ch\u00fang t\u00f4i kh\u00f4ng b\u00e1n, trao \u0111\u1ed5i ho\u1eb7c chuy\u1ec3n giao th\u00f4ng tin c\u00e1 nh\u00e2n c\u1ee7a b\u1ea1n cho b\u00ean ngo\u00e0i. Th\u00f4ng tin c\u1ee7a b\u1ea1n c\u00f3 th\u1ec3 \u0111\u01b0\u1ee3c chia s\u1ebb v\u1edbi c\u00e1c b\u00ean th\u1ee9 ba \u0111\u00e1ng tin c\u1eady h\u1ed7 tr\u1ee3 ch\u00fang t\u00f4i v\u1eadn h\u00e0nh trang web ho\u1eb7c cung c\u1ea5p d\u1ecbch v\u1ee5, v\u1edbi s\u1ef1 hi\u1ec3u bi\u1ebft r\u1eb1ng h\u1ecd s\u1ebd gi\u1eef b\u00ed m\u1eadt. <\/p>\n<h5><strong>5. B\u1ea3o m\u1eadt d\u1eef li\u1ec7u:<\/strong><\/h5>\n<p>Ch\u00fang t\u00f4i th\u1ef1c hi\u1ec7n c\u00e1c bi\u1ec7n ph\u00e1p b\u1ea3o m\u1eadt \u0111\u1ec3 b\u1ea3o v\u1ec7 th\u00f4ng tin c\u00e1 nh\u00e2n c\u1ee7a b\u1ea1n kh\u1ecfi vi\u1ec7c truy c\u1eadp, ti\u1ebft l\u1ed9, thay \u0111\u1ed5i v\u00e0 ph\u00e1 h\u1ee7y tr\u00e1i ph\u00e9p. Tuy nhi\u00ean, kh\u00f4ng c\u00f3 ph\u01b0\u01a1ng ph\u00e1p truy\u1ec1n t\u1ea3i n\u00e0o qua internet ho\u1eb7c l\u01b0u tr\u1eef \u0111i\u1ec7n t\u1eed l\u00e0 ho\u00e0n to\u00e0n an to\u00e0n v\u00e0 ch\u00fang t\u00f4i kh\u00f4ng th\u1ec3 \u0111\u1ea3m b\u1ea3o an ninh tuy\u1ec7t \u0111\u1ed1i. <\/p>\n<h5><strong>6. Quy\u1ec1n c\u1ee7a b\u1ea1n:<\/strong><\/h5>\n<p>B\u1ea1n c\u00f3 quy\u1ec1n truy c\u1eadp, ch\u1ec9nh s\u1eeda ho\u1eb7c x\u00f3a th\u00f4ng tin c\u00e1 nh\u00e2n c\u1ee7a m\u00ecnh. \u0110\u1ec3 th\u1ef1c hi\u1ec7n c\u00e1c quy\u1ec1n n\u00e0y ho\u1eb7c y\u00eau c\u1ea7u th\u00f4ng tin ch\u00fang t\u00f4i n\u1eafm gi\u1eef, vui l\u00f2ng li\u00ean h\u1ec7 v\u1edbi ch\u00fang t\u00f4i theo \u0111\u1ecba ch\u1ec9 helpdesk@resort-manager.com. <\/p>\n<h5><strong>7. Nh\u1eefng thay \u0111\u1ed5i \u0111\u1ed1i v\u1edbi Ch\u00ednh s\u00e1ch b\u1ea3o m\u1eadt n\u00e0y:<\/strong><\/h5>\n<p>Ch\u00fang t\u00f4i c\u00f3 quy\u1ec1n c\u1eadp nh\u1eadt ch\u00ednh s\u00e1ch b\u1ea3o m\u1eadt n\u00e0y theo \u0111\u1ecbnh k\u1ef3. B\u1ea5t k\u1ef3 thay \u0111\u1ed5i n\u00e0o s\u1ebd \u0111\u01b0\u1ee3c \u0111\u0103ng tr\u00ean trang n\u00e0y v\u00e0 ng\u00e0y c\u1eadp nh\u1eadt cu\u1ed1i c\u00f9ng s\u1ebd \u0111\u01b0\u1ee3c s\u1eeda \u0111\u1ed5i cho ph\u00f9 h\u1ee3p. <\/p>\n<h5><strong>8. Th\u00f4ng tin li\u00ean l\u1ea1c:<\/strong><\/h5>\n<p>N\u1ebfu b\u1ea1n c\u00f3 b\u1ea5t k\u1ef3 c\u00e2u h\u1ecfi, th\u1eafc m\u1eafc ho\u1eb7c y\u00eau c\u1ea7u n\u00e0o li\u00ean quan \u0111\u1ebfn ch\u00ednh s\u00e1ch b\u1ea3o m\u1eadt n\u00e0y, vui l\u00f2ng li\u00ean h\u1ec7 v\u1edbi ch\u00fang t\u00f4i theo \u0111\u1ecba ch\u1ec9 helpdesk@resort-manager.com.<\/p>\n<p>C\u1ea3m \u01a1n b\u1ea1n \u0111\u00e3 ch\u1ecdn Resort Manager. Ch\u00fang t\u00f4i cam k\u1ebft b\u1ea3o v\u1ec7 quy\u1ec1n ri\u00eang t\u01b0 c\u1ee7a b\u1ea1n v\u00e0 cung c\u1ea5p tr\u1ea3i nghi\u1ec7m tr\u1ef1c tuy\u1ebfn an to\u00e0n. <\/p>\t\t\t\t\t\t\t\t<\/div>\n\t\t\t\t<\/div>\n\t\t\t\t\t<\/div>\n\t\t\t\t<\/div>\n\t\t\t\t<\/div>\n\t\t","protected":false},"excerpt":{"rendered":"<p>T\u1ea1i Resort Manager, ch\u00fang t\u00f4i cam k\u1ebft b\u1ea3o v\u1ec7 quy\u1ec1n ri\u00eang t\u01b0 c\u1ee7a ng\u01b0\u1eddi d\u00f9ng v\u00e0 kh\u00e1ch truy c\u1eadp trang web.<\/p>\n","protected":false},"author":1,"featured_media":0,"parent":0,"menu_order":0,"comment_status":"closed","ping_status":"closed","template":"elementor_header_footer","meta":{"footnotes":""},"class_list":["post-1209","page","type-page","status-publish","hentry"],"_links":{"self":[{"href":"https:\/\/resort-manager.com\/vi\/wp-json\/wp\/v2\/pages\/1209","targetHints":{"allow":["GET"]}}],"collection":[{"href":"https:\/\/resort-manager.com\/vi\/wp-json\/wp\/v2\/pages"}],"about":[{"href":"https:\/\/resort-manager.com\/vi\/wp-json\/wp\/v2\/types\/page"}],"author":[{"embeddable":true,"href":"https:\/\/resort-manager.com\/vi\/wp-json\/wp\/v2\/users\/1"}],"replies":[{"embeddable":true,"href":"https:\/\/resort-manager.com\/vi\/wp-json\/wp\/v2\/comments?post=1209"}],"version-history":[{"count":6,"href":"https:\/\/resort-manager.com\/vi\/wp-json\/wp\/v2\/pages\/1209\/revisions"}],"predecessor-version":[{"id":1787,"href":"https:\/\/resort-manager.com\/vi\/wp-json\/wp\/v2\/pages\/1209\/revisions\/1787"}],"wp:attachment":[{"href":"https:\/\/resort-manager.com\/vi\/wp-json\/wp\/v2\/media?parent=1209"}],"curies":[{"name":"wp","href":"https:\/\/api.w.org\/{rel}","templated":true}]}}