{"id":1726,"date":"2023-12-03T09:21:51","date_gmt":"2023-12-03T01:21:51","guid":{"rendered":"https:\/\/www.resort-manager.com\/politica-de-privacidade\/"},"modified":"2024-09-18T11:55:13","modified_gmt":"2024-09-18T03:55:13","slug":"politica-de-privacidade","status":"publish","type":"page","link":"https:\/\/resort-manager.com\/pt-pt\/politica-de-privacidade\/","title":{"rendered":"Pol\u00edtica de privacidade"},"content":{"rendered":"\t\t<div data-elementor-type=\"wp-page\" data-elementor-id=\"1726\" class=\"elementor elementor-1726 elementor-3\">\n\t\t\t\t<div class=\"elementor-element elementor-element-119ddc41 e-flex e-con-boxed e-con e-parent\" data-id=\"119ddc41\" data-element_type=\"container\" data-e-type=\"container\">\n\t\t\t\t\t<div class=\"e-con-inner\">\n\t\t\t\t<div class=\"elementor-element elementor-element-c19dab4 elementor-widget elementor-widget-heading\" data-id=\"c19dab4\" data-element_type=\"widget\" data-e-type=\"widget\" data-widget_type=\"heading.default\">\n\t\t\t\t<div class=\"elementor-widget-container\">\n\t\t\t\t\t<h2 class=\"elementor-heading-title elementor-size-default\">Pol\u00edtica de privacidade<\/h2>\t\t\t\t<\/div>\n\t\t\t\t<\/div>\n\t\t\t\t<div class=\"elementor-element elementor-element-1bfd232c elementor-widget elementor-widget-text-editor\" data-id=\"1bfd232c\" data-element_type=\"widget\" data-e-type=\"widget\" data-widget_type=\"text-editor.default\">\n\t\t\t\t<div class=\"elementor-widget-container\">\n\t\t\t\t\t\t\t\t\t<h6>\u00daltima atualiza\u00e7\u00e3o: 06\/12\/2023<\/h6>\n<p>No Resort Manager, estamos empenhados em salvaguardar a privacidade dos visitantes e utilizadores do nosso website.\nEsta pol\u00edtica de privacidade descreve as informa\u00e7\u00f5es que recolhemos, como as utilizamos e os teus direitos relativamente a essas informa\u00e7\u00f5es.\nDedica algum tempo a rever esta pol\u00edtica para compreenderes as nossas pr\u00e1ticas.  <\/p>\n<h5><strong>1. Informa\u00e7\u00f5es que recolhemos:<\/strong><\/h5>\n<p>a. <strong>Informa\u00e7\u00f5es pessoais:<\/strong> Podemos recolher informa\u00e7\u00f5es pessoais, como o teu nome, endere\u00e7o de correio eletr\u00f3nico e dados de contacto, quando as forneceres voluntariamente atrav\u00e9s de formul\u00e1rios no nosso s\u00edtio Web ou atrav\u00e9s de comunica\u00e7\u00f5es connosco.<\/p>\n<p>b. <strong>Informa\u00e7\u00f5es de utiliza\u00e7\u00e3o:<\/strong> Recolhemos informa\u00e7\u00f5es sobre a forma como interages com o nosso s\u00edtio Web, incluindo o teu endere\u00e7o IP, tipo de browser e p\u00e1ginas visitadas.\nEstas informa\u00e7\u00f5es ajudam-nos a melhorar o nosso s\u00edtio Web e a experi\u00eancia do utilizador. <\/p>\n<h5><strong>2. Como utilizamos as tuas informa\u00e7\u00f5es:<\/strong><\/h5>\n<p>a. <strong>Presta\u00e7\u00e3o de servi\u00e7os:<\/strong> Utilizamos as tuas informa\u00e7\u00f5es pessoais para prestar os servi\u00e7os que solicitas, responder a perguntas e fornecer apoio ao cliente.<\/p>\n<p>b. <strong>Comunica\u00e7\u00f5es de marketing:<\/strong> Com o teu consentimento, podemos enviar-te e-mails promocionais sobre os nossos produtos, actualiza\u00e7\u00f5es ou outras informa\u00e7\u00f5es relevantes.<\/p>\n<p>c. <strong>Melhoria do s\u00edtio Web:<\/strong> Analisamos os dados de utiliza\u00e7\u00e3o para melhorar a funcionalidade, o conte\u00fado e a experi\u00eancia do utilizador do nosso s\u00edtio Web.<\/p>\n<h5><strong>3. Cookies:<\/strong><\/h5>\n<p>Utilizamos cookies para melhorar a tua experi\u00eancia de navega\u00e7\u00e3o.\nOs cookies s\u00e3o pequenos ficheiros armazenados no teu dispositivo que nos ajudam a compreender a forma como utilizas o nosso s\u00edtio Web.\nPodes gerir as prefer\u00eancias de cookies atrav\u00e9s das defini\u00e7\u00f5es do teu browser.  <\/p>\n<h5><strong>4. Partilhar a tua informa\u00e7\u00e3o:<\/strong><\/h5>\n<p>N\u00e3o vendemos, trocamos ou transferimos de outra forma as tuas informa\u00e7\u00f5es pessoais para terceiros.\nAs tuas informa\u00e7\u00f5es podem ser partilhadas com terceiros de confian\u00e7a que nos ajudam a operar o nosso s\u00edtio Web ou a prestar servi\u00e7os, desde que mantenham a confidencialidade. <\/p>\n<h5><strong>5. Seguran\u00e7a dos dados:<\/strong><\/h5>\n<p>Implementamos medidas de seguran\u00e7a para proteger as tuas informa\u00e7\u00f5es pessoais contra o acesso n\u00e3o autorizado, a divulga\u00e7\u00e3o, a altera\u00e7\u00e3o e a destrui\u00e7\u00e3o.\nNo entanto, nenhum m\u00e9todo de transmiss\u00e3o atrav\u00e9s da Internet ou de armazenamento eletr\u00f3nico \u00e9 completamente seguro e n\u00e3o podemos garantir uma seguran\u00e7a absoluta. <\/p>\n<h5><strong>6. Os teus direitos:<\/strong><\/h5>\n<p>Tens o direito de aceder, corrigir ou eliminar as tuas informa\u00e7\u00f5es pessoais.\nPara exerceres estes direitos ou para te informares sobre as informa\u00e7\u00f5es que possu\u00edmos, contacta-nos atrav\u00e9s do endere\u00e7o helpdesk@resort-manager.com. <\/p>\n<h5><strong>7. Altera\u00e7\u00f5es a esta Pol\u00edtica de Privacidade:<\/strong><\/h5>\n<p>Reservamo-nos o direito de atualizar periodicamente esta pol\u00edtica de privacidade.\nQuaisquer altera\u00e7\u00f5es ser\u00e3o publicadas nesta p\u00e1gina e a data da \u00faltima atualiza\u00e7\u00e3o ser\u00e1 modificada em conformidade. <\/p>\n<h5><strong>8. Informa\u00e7\u00f5es de contacto:<\/strong><\/h5>\n<p>Se tiveres alguma d\u00favida, preocupa\u00e7\u00e3o ou pedido relativamente a esta pol\u00edtica de privacidade, contacta-nos atrav\u00e9s do endere\u00e7o helpdesk@resort-manager.com.<\/p>\n<p>Obrigado por escolheres o Resort Manager.\nEstamos empenhados em proteger a tua privacidade e em proporcionar uma experi\u00eancia online segura. <\/p>\t\t\t\t\t\t\t\t<\/div>\n\t\t\t\t<\/div>\n\t\t\t\t\t<\/div>\n\t\t\t\t<\/div>\n\t\t\t\t<\/div>\n\t\t","protected":false},"excerpt":{"rendered":"<p>No Resort Manager, estamos empenhados em salvaguardar a privacidade dos visitantes e utilizadores do nosso s\u00edtio Web.<\/p>\n","protected":false},"author":1,"featured_media":0,"parent":0,"menu_order":0,"comment_status":"closed","ping_status":"closed","template":"elementor_header_footer","meta":{"footnotes":""},"class_list":["post-1726","page","type-page","status-publish","hentry"],"_links":{"self":[{"href":"https:\/\/resort-manager.com\/pt-pt\/wp-json\/wp\/v2\/pages\/1726","targetHints":{"allow":["GET"]}}],"collection":[{"href":"https:\/\/resort-manager.com\/pt-pt\/wp-json\/wp\/v2\/pages"}],"about":[{"href":"https:\/\/resort-manager.com\/pt-pt\/wp-json\/wp\/v2\/types\/page"}],"author":[{"embeddable":true,"href":"https:\/\/resort-manager.com\/pt-pt\/wp-json\/wp\/v2\/users\/1"}],"replies":[{"embeddable":true,"href":"https:\/\/resort-manager.com\/pt-pt\/wp-json\/wp\/v2\/comments?post=1726"}],"version-history":[{"count":0,"href":"https:\/\/resort-manager.com\/pt-pt\/wp-json\/wp\/v2\/pages\/1726\/revisions"}],"wp:attachment":[{"href":"https:\/\/resort-manager.com\/pt-pt\/wp-json\/wp\/v2\/media?parent=1726"}],"curies":[{"name":"wp","href":"https:\/\/api.w.org\/{rel}","templated":true}]}}