{"id":1709,"date":"2023-12-03T09:27:32","date_gmt":"2023-12-03T01:27:32","guid":{"rendered":"https:\/\/www.resort-manager.com\/contacta-nos\/"},"modified":"2026-02-17T14:40:12","modified_gmt":"2026-02-17T06:40:12","slug":"contacta-nos","status":"publish","type":"page","link":"https:\/\/resort-manager.com\/pt-pt\/contacta-nos\/","title":{"rendered":"Contacta-nos"},"content":{"rendered":"\t\t<div data-elementor-type=\"wp-page\" data-elementor-id=\"1709\" class=\"elementor elementor-1709 elementor-15\">\n\t\t\t\t<div class=\"elementor-element elementor-element-24c16cf6 e-flex e-con-boxed e-con e-parent\" data-id=\"24c16cf6\" data-element_type=\"container\" data-e-type=\"container\">\n\t\t\t\t\t<div class=\"e-con-inner\">\n\t\t<div class=\"elementor-element elementor-element-bd40b44 e-flex e-con-boxed e-con e-child\" data-id=\"bd40b44\" data-element_type=\"container\" data-e-type=\"container\">\n\t\t\t\t\t<div class=\"e-con-inner\">\n\t\t\t\t<div class=\"elementor-element elementor-element-c3cc7bf elementor-widget elementor-widget-heading\" data-id=\"c3cc7bf\" data-element_type=\"widget\" data-e-type=\"widget\" data-widget_type=\"heading.default\">\n\t\t\t\t<div class=\"elementor-widget-container\">\n\t\t\t\t\t<h2 class=\"elementor-heading-title elementor-size-default\">Contacta-nos<\/h2>\t\t\t\t<\/div>\n\t\t\t\t<\/div>\n\t\t\t\t<div class=\"elementor-element elementor-element-29dd2cd elementor-widget elementor-widget-wpforms\" data-id=\"29dd2cd\" data-element_type=\"widget\" data-e-type=\"widget\" data-widget_type=\"wpforms.default\">\n\t\t\t\t<div class=\"elementor-widget-container\">\n\t\t\t\t\t<div class=\"wpforms-container wpforms-container-full wpforms-render-modern\" id=\"wpforms-219\"><form id=\"wpforms-form-219\" class=\"wpforms-validate wpforms-form wpforms-ajax-form\" data-formid=\"219\" method=\"post\" enctype=\"multipart\/form-data\" action=\"\/pt-pt\/wp-json\/wp\/v2\/pages\/1709\" data-token=\"aae9f2ad1c0c3bfed682a6dbd890f209\" data-token-time=\"1776220531\"><noscript class=\"wpforms-error-noscript\">Por favor, ativa o JavaScript no teu browser para preencheres este formul\u00e1rio.<\/noscript><div id=\"wpforms-error-noscript\" style=\"display: none;\">Por favor, ativa o JavaScript no teu browser para preencheres este formul\u00e1rio.<\/div><div class=\"wpforms-field-container\"><div id=\"wpforms-219-field_0-container\" class=\"wpforms-field wpforms-field-name\" data-field-id=\"0\"><fieldset><legend class=\"wpforms-field-label\">Nome <span class=\"wpforms-required-label\" aria-hidden=\"true\">*<\/span><\/legend><div class=\"wpforms-field-row wpforms-field-medium\"><div class=\"wpforms-field-row-block wpforms-first wpforms-one-half\"><input type=\"text\" id=\"wpforms-219-field_0\" class=\"wpforms-field-name-first wpforms-field-required\" name=\"wpforms[fields][0][first]\" placeholder=\"Nome pr\u00f3prio\" aria-errormessage=\"wpforms-219-field_0-error\" required><label for=\"wpforms-219-field_0\" class=\"wpforms-field-sublabel after wpforms-sublabel-hide\">Primeiro<\/label><\/div><div class=\"wpforms-field-row-block wpforms-one-half\"><input type=\"text\" id=\"wpforms-219-field_0-last\" class=\"wpforms-field-name-last wpforms-field-required\" name=\"wpforms[fields][0][last]\" placeholder=\"Nome de fam\u00edlia\" aria-errormessage=\"wpforms-219-field_0-last-error\" required><label for=\"wpforms-219-field_0-last\" class=\"wpforms-field-sublabel after wpforms-sublabel-hide\">\u00daltimo<\/label><\/div><\/div><\/fieldset><\/div><div id=\"wpforms-219-field_1-container\" class=\"wpforms-field wpforms-field-email\" data-field-id=\"1\"><label class=\"wpforms-field-label\" for=\"wpforms-219-field_1\">Correio eletr\u00f3nico <span class=\"wpforms-required-label\" aria-hidden=\"true\">*<\/span><\/label><input type=\"email\" id=\"wpforms-219-field_1\" class=\"wpforms-field-medium wpforms-field-required\" name=\"wpforms[fields][1]\" placeholder=\"Endere\u00e7o de e-mail\" spellcheck=\"false\" aria-errormessage=\"wpforms-219-field_1-error\" required><\/div><div id=\"wpforms-219-field_3-container\" class=\"wpforms-field wpforms-field-text\" data-field-id=\"3\"><label class=\"wpforms-field-label\" for=\"wpforms-219-field_3\">Nome do Hotel \/ Propriedade <span class=\"wpforms-required-label\" aria-hidden=\"true\">*<\/span><\/label><input type=\"text\" id=\"wpforms-219-field_3\" class=\"wpforms-field-medium wpforms-field-required\" name=\"wpforms[fields][3]\" placeholder=\"Nome do Hotel \/ Propriedade\" aria-errormessage=\"wpforms-219-field_3-error\" required><\/div><div id=\"wpforms-219-field_4-container\" class=\"wpforms-field wpforms-field-text\" data-field-id=\"4\"><label class=\"wpforms-field-label\" for=\"wpforms-219-field_4\">Localiza\u00e7\u00e3o do hotel \/ propriedade <span class=\"wpforms-required-label\" aria-hidden=\"true\">*<\/span><\/label><input type=\"text\" id=\"wpforms-219-field_4\" class=\"wpforms-field-medium wpforms-field-required\" name=\"wpforms[fields][4]\" placeholder=\"Localiza\u00e7\u00e3o do hotel \/ propriedade\" aria-errormessage=\"wpforms-219-field_4-error\" required><\/div><div id=\"wpforms-219-field_5-container\" class=\"wpforms-field wpforms-field-number\" data-field-id=\"5\"><label class=\"wpforms-field-label\" for=\"wpforms-219-field_5\">N\u00famero de quartos <span class=\"wpforms-required-label\" aria-hidden=\"true\">*<\/span><\/label><input type=\"number\" id=\"wpforms-219-field_5\" class=\"wpforms-field-small wpforms-field-required\" name=\"wpforms[fields][5]\" placeholder=\"N\u00famero de quartos\" step=\"any\" aria-errormessage=\"wpforms-219-field_5-error\" required><\/div><div id=\"wpforms-219-field_2-container\" class=\"wpforms-field wpforms-field-textarea\" data-field-id=\"2\"><label class=\"wpforms-field-label\" for=\"wpforms-219-field_2\">Coment\u00e1rio ou mensagem<\/label><textarea id=\"wpforms-219-field_2\" class=\"wpforms-field-medium\" name=\"wpforms[fields][2]\" aria-errormessage=\"wpforms-219-field_2-error\" ><\/textarea><\/div><div id=\"wpforms-219-field_6-container\" class=\"wpforms-field wpforms-field-gdpr-checkbox\" data-field-id=\"6\"><label class=\"wpforms-field-label\">Acordo GDPR <span class=\"wpforms-required-label\" aria-hidden=\"true\">*<\/span><\/label><ul id=\"wpforms-219-field_6\" class=\"wpforms-field-required\"><li class=\"choice-1\"><input type=\"checkbox\" id=\"wpforms-219-field_6_1\" name=\"wpforms[fields][6][]\" value=\"Autorizo que este s\u00edtio Web guarde as informa\u00e7\u00f5es que enviei para poder responder ao meu pedido.\" aria-errormessage=\"wpforms-219-field_6_1-error\" required ><label class=\"wpforms-field-label-inline\" for=\"wpforms-219-field_6_1\">Autorizo que este s\u00edtio Web guarde as informa\u00e7\u00f5es que enviei para poder responder ao meu pedido.<\/label><\/li><\/ul><\/div><\/div><!-- .wpforms-field-container --><div class=\"wpforms-recaptcha-container wpforms-is-recaptcha wpforms-is-recaptcha-type-v3\" ><input type=\"hidden\" name=\"wpforms[recaptcha]\" value=\"\"><\/div><div class=\"wpforms-submit-container\" ><input type=\"hidden\" name=\"wpforms[id]\" value=\"219\"><input type=\"hidden\" name=\"page_title\" value=\"\"><input type=\"hidden\" name=\"page_url\" value=\"https:\/\/resort-manager.com\/pt-pt\/wp-json\/wp\/v2\/pages\/1709\"><input type=\"hidden\" name=\"url_referer\" value=\"\"><button type=\"submit\" name=\"wpforms[submit]\" id=\"wpforms-submit-219\" class=\"wpforms-submit\" data-alt-text=\"Envia...\" data-submit-text=\"Submete\" aria-live=\"assertive\" value=\"wpforms-submit\">Submete<\/button><img decoding=\"async\" src=\"https:\/\/resort-manager.com\/wp-content\/plugins\/wpforms-lite\/assets\/images\/submit-spin.svg\" class=\"wpforms-submit-spinner\" style=\"display: none;\" width=\"26\" height=\"26\" alt=\"Loading\" title=\"\"><\/div><\/form><\/div>  <!-- .wpforms-container -->\t\t\t\t<\/div>\n\t\t\t\t<\/div>\n\t\t\t\t\t<\/div>\n\t\t\t\t<\/div>\n\t\t<div class=\"elementor-element elementor-element-916106e e-flex e-con-boxed e-con e-child\" data-id=\"916106e\" data-element_type=\"container\" data-e-type=\"container\">\n\t\t\t\t\t<div class=\"e-con-inner\">\n\t\t\t\t<div class=\"elementor-element elementor-element-c8fe91e elementor-widget elementor-widget-image\" data-id=\"c8fe91e\" data-element_type=\"widget\" data-e-type=\"widget\" data-widget_type=\"image.default\">\n\t\t\t\t<div class=\"elementor-widget-container\">\n\t\t\t\t\t\t\t\t\t\t\t\t\t\t\t<img fetchpriority=\"high\" decoding=\"async\" width=\"612\" height=\"384\" src=\"https:\/\/resort-manager.com\/wp-content\/uploads\/2023\/12\/ContactUs.jpg\" class=\"attachment-full size-full wp-image-1711\" alt=\"Contacta-nos\" srcset=\"https:\/\/resort-manager.com\/wp-content\/uploads\/2023\/12\/ContactUs.jpg 612w, https:\/\/resort-manager.com\/wp-content\/uploads\/2023\/12\/ContactUs-300x188.jpg 300w\" sizes=\"(max-width: 612px) 100vw, 612px\" title=\"\">\t\t\t\t\t\t\t\t\t\t\t\t\t\t\t<\/div>\n\t\t\t\t<\/div>\n\t\t\t\t\t<\/div>\n\t\t\t\t<\/div>\n\t\t\t\t\t<\/div>\n\t\t\t\t<\/div>\n\t\t\t\t<\/div>\n\t\t","protected":false},"excerpt":{"rendered":"<p>Contacta-nos Please enable JavaScript in your browser to complete this form.Please enable JavaScript in your browser to complete this form. Name * FirstLast Email *Hotel \/ Property Name *Hotel \/ Property Location *Number of Rooms *Comment or MessageGDPR Agreement * I consent to having this website store my submitted information so they can respond to [&hellip;]<\/p>\n","protected":false},"author":1,"featured_media":0,"parent":0,"menu_order":0,"comment_status":"closed","ping_status":"closed","template":"elementor_header_footer","meta":{"footnotes":""},"class_list":["post-1709","page","type-page","status-publish","hentry"],"_links":{"self":[{"href":"https:\/\/resort-manager.com\/pt-pt\/wp-json\/wp\/v2\/pages\/1709","targetHints":{"allow":["GET"]}}],"collection":[{"href":"https:\/\/resort-manager.com\/pt-pt\/wp-json\/wp\/v2\/pages"}],"about":[{"href":"https:\/\/resort-manager.com\/pt-pt\/wp-json\/wp\/v2\/types\/page"}],"author":[{"embeddable":true,"href":"https:\/\/resort-manager.com\/pt-pt\/wp-json\/wp\/v2\/users\/1"}],"replies":[{"embeddable":true,"href":"https:\/\/resort-manager.com\/pt-pt\/wp-json\/wp\/v2\/comments?post=1709"}],"version-history":[{"count":12,"href":"https:\/\/resort-manager.com\/pt-pt\/wp-json\/wp\/v2\/pages\/1709\/revisions"}],"predecessor-version":[{"id":1996,"href":"https:\/\/resort-manager.com\/pt-pt\/wp-json\/wp\/v2\/pages\/1709\/revisions\/1996"}],"wp:attachment":[{"href":"https:\/\/resort-manager.com\/pt-pt\/wp-json\/wp\/v2\/media?parent=1709"}],"curies":[{"name":"wp","href":"https:\/\/api.w.org\/{rel}","templated":true}]}}