{"id":1626,"date":"2023-12-06T16:41:59","date_gmt":"2023-12-06T08:41:59","guid":{"rendered":"https:\/\/www.resort-manager.com\/apoio-pos-venda\/"},"modified":"2024-09-18T11:54:25","modified_gmt":"2024-09-18T03:54:25","slug":"apoio-pos-venda","status":"publish","type":"page","link":"https:\/\/resort-manager.com\/pt-pt\/apoio-pos-venda\/","title":{"rendered":"Apoio p\u00f3s-venda"},"content":{"rendered":"\t\t<div data-elementor-type=\"wp-page\" data-elementor-id=\"1626\" class=\"elementor elementor-1626 elementor-256\">\n\t\t\t\t<div class=\"elementor-element elementor-element-046ed2f e-flex e-con-boxed e-con e-parent\" data-id=\"046ed2f\" data-element_type=\"container\" data-e-type=\"container\" data-settings=\"{&quot;background_background&quot;:&quot;classic&quot;}\">\n\t\t\t\t\t<div class=\"e-con-inner\">\n\t\t<div class=\"elementor-element elementor-element-0222cd5 e-con-full e-flex e-con e-child\" data-id=\"0222cd5\" data-element_type=\"container\" data-e-type=\"container\">\n\t\t\t\t<div class=\"elementor-element elementor-element-df23b98 elementor-widget elementor-widget-heading\" data-id=\"df23b98\" data-element_type=\"widget\" data-e-type=\"widget\" data-widget_type=\"heading.default\">\n\t\t\t\t<div class=\"elementor-widget-container\">\n\t\t\t\t\t<h2 class=\"elementor-heading-title elementor-size-default\">Apoio p\u00f3s-venda<\/h2>\t\t\t\t<\/div>\n\t\t\t\t<\/div>\n\t\t\t\t<div class=\"elementor-element elementor-element-9b6ac99 elementor-widget elementor-widget-text-editor\" data-id=\"9b6ac99\" data-element_type=\"widget\" data-e-type=\"widget\" data-widget_type=\"text-editor.default\">\n\t\t\t\t<div class=\"elementor-widget-container\">\n\t\t\t\t\t\t\t\t\t<p>A equipa do Resort Manager reconhece a import\u00e2ncia do apoio e servi\u00e7o p\u00f3s-venda para os nossos clientes.<br \/>\n\u00c9 fundamental para uma empresa que os seus sistemas funcionem sempre com a m\u00e1xima efici\u00eancia.<br \/>\nIndependentemente das circunst\u00e2ncias ou de quaisquer acontecimentos inesperados, os nossos clientes podem estar confiantes de que a assist\u00eancia est\u00e1 a caminho.<br \/>\nA nossa fun\u00e7\u00e3o \u00e9 manter os sistemas dos nossos clientes actualizados, de modo a manter as suas opera\u00e7\u00f5es comerciais seguras.   <\/p>\n<p>Todas as solu\u00e7\u00f5es Resort Manager s\u00e3o fornecidas com uma garantia de 12 meses que inclui suporte ilimitado para quaisquer problemas de funcionamento ou de software atrav\u00e9s de um sistema de comunica\u00e7\u00e3o de problemas baseado na Web.<br \/>\nAl\u00e9m disso, a garantia cobre a substitui\u00e7\u00e3o ou repara\u00e7\u00e3o de qualquer hardware defeituoso que fornecemos. <\/p>\n<p>Ap\u00f3s o per\u00edodo inicial de 12 meses, oferecemos a todos os nossos clientes um plano de suporte de pre\u00e7o fixo que garante um servi\u00e7o priorit\u00e1rio em todos os sistemas.<br \/>\nOs titulares de contratos de assist\u00eancia t\u00eam tamb\u00e9m direito a actualiza\u00e7\u00f5es gratuitas. <\/p>\n\t\t\t\t\t\t\t\t<\/div>\n\t\t\t\t<\/div>\n\t\t\t\t<div class=\"elementor-element elementor-element-dd1c7be elementor-align-center elementor-widget elementor-widget-button\" data-id=\"dd1c7be\" data-element_type=\"widget\" data-e-type=\"widget\" data-widget_type=\"button.default\">\n\t\t\t\t<div class=\"elementor-widget-container\">\n\t\t\t\t\t\t\t\t\t<div class=\"elementor-button-wrapper\">\n\t\t\t\t\t<a class=\"elementor-button elementor-button-link elementor-size-sm\" href=\"https:\/\/resort-manager.com\/contact-us\/\">\n\t\t\t\t\t\t<span class=\"elementor-button-content-wrapper\">\n\t\t\t\t\t\t\t\t\t<span class=\"elementor-button-text\">Solicita informa\u00e7\u00f5es adicionais<\/span>\n\t\t\t\t\t<\/span>\n\t\t\t\t\t<\/a>\n\t\t\t\t<\/div>\n\t\t\t\t\t\t\t\t<\/div>\n\t\t\t\t<\/div>\n\t\t\t\t<\/div>\n\t\t\t\t<div class=\"elementor-element elementor-element-e5526a0 elementor-widget elementor-widget-image\" data-id=\"e5526a0\" data-element_type=\"widget\" data-e-type=\"widget\" data-widget_type=\"image.default\">\n\t\t\t\t<div class=\"elementor-widget-container\">\n\t\t\t\t\t\t\t\t\t\t\t\t\t\t\t<img fetchpriority=\"high\" decoding=\"async\" width=\"868\" height=\"568\" src=\"https:\/\/resort-manager.com\/wp-content\/uploads\/2023\/12\/call-center.png\" class=\"attachment-full size-full wp-image-1628\" alt=\"\" srcset=\"https:\/\/resort-manager.com\/wp-content\/uploads\/2023\/12\/call-center.png 868w, https:\/\/resort-manager.com\/wp-content\/uploads\/2023\/12\/call-center-300x196.png 300w, https:\/\/resort-manager.com\/wp-content\/uploads\/2023\/12\/call-center-768x503.png 768w\" sizes=\"(max-width: 868px) 100vw, 868px\" title=\"\">\t\t\t\t\t\t\t\t\t\t\t\t\t\t\t<\/div>\n\t\t\t\t<\/div>\n\t\t\t\t\t<\/div>\n\t\t\t\t<\/div>\n\t\t<div class=\"elementor-element elementor-element-5a059c1 e-flex e-con-boxed e-con e-parent\" data-id=\"5a059c1\" data-element_type=\"container\" data-e-type=\"container\">\n\t\t\t\t\t<div class=\"e-con-inner\">\n\t\t\t\t<div class=\"elementor-element elementor-element-f7764f8 elementor-widget__width-initial elementor-widget-mobile__width-initial elementor-widget elementor-widget-image\" data-id=\"f7764f8\" data-element_type=\"widget\" data-e-type=\"widget\" data-widget_type=\"image.default\">\n\t\t\t\t<div class=\"elementor-widget-container\">\n\t\t\t\t\t\t\t\t\t\t\t\t\t\t\t<img decoding=\"async\" width=\"581\" height=\"350\" src=\"https:\/\/resort-manager.com\/wp-content\/uploads\/2023\/12\/installation-services.png\" class=\"attachment-full size-full wp-image-1629\" alt=\"\" srcset=\"https:\/\/resort-manager.com\/wp-content\/uploads\/2023\/12\/installation-services.png 581w, https:\/\/resort-manager.com\/wp-content\/uploads\/2023\/12\/installation-services-300x181.png 300w\" sizes=\"(max-width: 581px) 100vw, 581px\" title=\"\">\t\t\t\t\t\t\t\t\t\t\t\t\t\t\t<\/div>\n\t\t\t\t<\/div>\n\t\t<div class=\"elementor-element elementor-element-e277636 e-flex e-con-boxed e-con e-child\" data-id=\"e277636\" data-element_type=\"container\" data-e-type=\"container\">\n\t\t\t\t\t<div class=\"e-con-inner\">\n\t\t\t\t<div class=\"elementor-element elementor-element-498151e elementor-widget elementor-widget-heading\" data-id=\"498151e\" data-element_type=\"widget\" data-e-type=\"widget\" data-widget_type=\"heading.default\">\n\t\t\t\t<div class=\"elementor-widget-container\">\n\t\t\t\t\t<h2 class=\"elementor-heading-title elementor-size-default\">Instala\u00e7\u00e3o e forma\u00e7\u00e3o<\/h2>\t\t\t\t<\/div>\n\t\t\t\t<\/div>\n\t\t\t\t<div class=\"elementor-element elementor-element-7a5df3a elementor-widget elementor-widget-text-editor\" data-id=\"7a5df3a\" data-element_type=\"widget\" data-e-type=\"widget\" data-widget_type=\"text-editor.default\">\n\t\t\t\t<div class=\"elementor-widget-container\">\n\t\t\t\t\t\t\t\t\t<p>O Resort Manager fornece servi\u00e7os de instala\u00e7\u00e3o e forma\u00e7\u00e3o gratuitos com a compra de qualquer pacote modular.  <span style=\"text-align: var(--text-align); background-color: var( --e-global-color-c696dce ); font-size: 1rem;\">Esta presta\u00e7\u00e3o \u00e9 acess\u00edvel apenas para o custo de quaisquer despesas de viagem incorridas.<\/span><\/p>\n<p>Depois disso, tens a oportunidade de receber forma\u00e7\u00e3o adicional e servi\u00e7os de avalia\u00e7\u00e3o do sistema.<\/p><\/p>\n\t\t\t\t\t\t\t\t<\/div>\n\t\t\t\t<\/div>\n\t\t\t\t<div class=\"elementor-element elementor-element-9faeb59 elementor-align-center elementor-widget elementor-widget-button\" data-id=\"9faeb59\" data-element_type=\"widget\" data-e-type=\"widget\" data-widget_type=\"button.default\">\n\t\t\t\t<div class=\"elementor-widget-container\">\n\t\t\t\t\t\t\t\t\t<div class=\"elementor-button-wrapper\">\n\t\t\t\t\t<a class=\"elementor-button elementor-button-link elementor-size-sm\" href=\"https:\/\/resort-manager.com\/contact-us\/\">\n\t\t\t\t\t\t<span class=\"elementor-button-content-wrapper\">\n\t\t\t\t\t\t\t\t\t<span class=\"elementor-button-text\">Solicita forma\u00e7\u00e3o ou instala\u00e7\u00f5es adicionais<\/span>\n\t\t\t\t\t<\/span>\n\t\t\t\t\t<\/a>\n\t\t\t\t<\/div>\n\t\t\t\t\t\t\t\t<\/div>\n\t\t\t\t<\/div>\n\t\t\t\t\t<\/div>\n\t\t\t\t<\/div>\n\t\t\t\t\t<\/div>\n\t\t\t\t<\/div>\n\t\t\t\t<\/div>\n\t\t","protected":false},"excerpt":{"rendered":"<p>Apoio p\u00f3s-venda A equipa do Resort Manager reconhece a import\u00e2ncia do apoio e servi\u00e7o p\u00f3s-venda para os nossos clientes. \u00c9 fundamental para uma empresa que os seus sistemas funcionem sempre com a m\u00e1xima efici\u00eancia. Independentemente das circunst\u00e2ncias ou de quaisquer acontecimentos inesperados, os nossos clientes podem estar confiantes de que a assist\u00eancia est\u00e1 a caminho. [&hellip;]<\/p>\n","protected":false},"author":1,"featured_media":0,"parent":0,"menu_order":0,"comment_status":"closed","ping_status":"closed","template":"elementor_header_footer","meta":{"footnotes":""},"class_list":["post-1626","page","type-page","status-publish","hentry"],"_links":{"self":[{"href":"https:\/\/resort-manager.com\/pt-pt\/wp-json\/wp\/v2\/pages\/1626","targetHints":{"allow":["GET"]}}],"collection":[{"href":"https:\/\/resort-manager.com\/pt-pt\/wp-json\/wp\/v2\/pages"}],"about":[{"href":"https:\/\/resort-manager.com\/pt-pt\/wp-json\/wp\/v2\/types\/page"}],"author":[{"embeddable":true,"href":"https:\/\/resort-manager.com\/pt-pt\/wp-json\/wp\/v2\/users\/1"}],"replies":[{"embeddable":true,"href":"https:\/\/resort-manager.com\/pt-pt\/wp-json\/wp\/v2\/comments?post=1626"}],"version-history":[{"count":0,"href":"https:\/\/resort-manager.com\/pt-pt\/wp-json\/wp\/v2\/pages\/1626\/revisions"}],"wp:attachment":[{"href":"https:\/\/resort-manager.com\/pt-pt\/wp-json\/wp\/v2\/media?parent=1626"}],"curies":[{"name":"wp","href":"https:\/\/api.w.org\/{rel}","templated":true}]}}