{"id":1496,"date":"2023-12-11T18:22:50","date_gmt":"2023-12-11T10:22:50","guid":{"rendered":"https:\/\/www.resort-manager.com\/orcamento-personalizado\/"},"modified":"2024-09-18T11:53:15","modified_gmt":"2024-09-18T03:53:15","slug":"orcamento-personalizado","status":"publish","type":"page","link":"https:\/\/resort-manager.com\/pt-pt\/orcamento-personalizado\/","title":{"rendered":"Or\u00e7amento personalizado"},"content":{"rendered":"\t\t<div data-elementor-type=\"wp-page\" data-elementor-id=\"1496\" class=\"elementor elementor-1496 elementor-503\">\n\t\t\t\t<div class=\"elementor-element elementor-element-8907eda e-flex e-con-boxed e-con e-parent\" data-id=\"8907eda\" data-element_type=\"container\" data-e-type=\"container\">\n\t\t\t\t\t<div class=\"e-con-inner\">\n\t\t<div class=\"elementor-element elementor-element-2fc345a e-flex e-con-boxed e-con e-child\" data-id=\"2fc345a\" data-element_type=\"container\" data-e-type=\"container\">\n\t\t\t\t\t<div class=\"e-con-inner\">\n\t\t\t\t<div class=\"elementor-element elementor-element-7d75289 elementor-widget elementor-widget-heading\" data-id=\"7d75289\" data-element_type=\"widget\" data-e-type=\"widget\" data-widget_type=\"heading.default\">\n\t\t\t\t<div class=\"elementor-widget-container\">\n\t\t\t\t\t<h2 class=\"elementor-heading-title elementor-size-default\">Solicita um or\u00e7amento personalizado<\/h2>\t\t\t\t<\/div>\n\t\t\t\t<\/div>\n\t\t\t\t<div class=\"elementor-element elementor-element-d7df4ab elementor-widget-mobile__width-initial elementor-widget elementor-widget-wpforms\" data-id=\"d7df4ab\" data-element_type=\"widget\" data-e-type=\"widget\" data-widget_type=\"wpforms.default\">\n\t\t\t\t<div class=\"elementor-widget-container\">\n\t\t\t\t\t<style id=\"wpforms-css-vars-elementor-widget-d7df4ab\">\n\t\t\t\t.elementor-widget-wpforms.elementor-element-d7df4ab {\n\t\t\t\t--wpforms-field-border-radius: 5px;\n--wpforms-field-text-color: #1C244B;\n--wpforms-label-color: #0A73B9;\n--wpforms-button-border-radius: 5px;\n--wpforms-button-background-color: #EF8D20;\n--wpforms-field-size-input-height: 31px;\n--wpforms-field-size-input-spacing: 10px;\n--wpforms-field-size-font-size: 14px;\n--wpforms-field-size-line-height: 17px;\n--wpforms-field-size-padding-h: 9px;\n--wpforms-field-size-checkbox-size: 14px;\n--wpforms-field-size-sublabel-spacing: 5px;\n--wpforms-field-size-icon-size: 0.75;\n\t\t\t}\n\t\t\t<\/style><div class=\"wpforms-container wpforms-container-full wpforms-render-modern\" id=\"wpforms-379\"><form id=\"wpforms-form-379\" class=\"wpforms-validate wpforms-form wpforms-ajax-form\" data-formid=\"379\" method=\"post\" enctype=\"multipart\/form-data\" action=\"\/pt-pt\/wp-json\/wp\/v2\/pages\/1496\" data-token=\"1c4f5044b0193028593a09679a6a075b\" data-token-time=\"1776882957\"><noscript class=\"wpforms-error-noscript\">Por favor, ativa o JavaScript no teu browser para preencheres este formul\u00e1rio.<\/noscript><div id=\"wpforms-error-noscript\" style=\"display: none;\">Por favor, ativa o JavaScript no teu browser para preencheres este formul\u00e1rio.<\/div><div class=\"wpforms-field-container\"><div id=\"wpforms-379-field_0-container\" class=\"wpforms-field wpforms-field-name\" data-field-id=\"0\"><fieldset><legend class=\"wpforms-field-label\">Nome <span class=\"wpforms-required-label\" aria-hidden=\"true\">*<\/span><\/legend><div class=\"wpforms-field-row wpforms-field-medium\"><div class=\"wpforms-field-row-block wpforms-first wpforms-one-half\"><input type=\"text\" id=\"wpforms-379-field_0\" class=\"wpforms-field-name-first wpforms-field-required\" name=\"wpforms[fields][0][first]\" placeholder=\"Nome pr\u00f3prio\" aria-errormessage=\"wpforms-379-field_0-error\" required><label for=\"wpforms-379-field_0\" class=\"wpforms-field-sublabel after wpforms-sublabel-hide\">Primeiro<\/label><\/div><div class=\"wpforms-field-row-block wpforms-one-half\"><input type=\"text\" id=\"wpforms-379-field_0-last\" class=\"wpforms-field-name-last wpforms-field-required\" name=\"wpforms[fields][0][last]\" placeholder=\"Nome de fam\u00edlia\" aria-errormessage=\"wpforms-379-field_0-last-error\" required><label for=\"wpforms-379-field_0-last\" class=\"wpforms-field-sublabel after wpforms-sublabel-hide\">\u00daltimo<\/label><\/div><\/div><\/fieldset><\/div><div id=\"wpforms-379-field_1-container\" class=\"wpforms-field wpforms-field-email\" data-field-id=\"1\"><label class=\"wpforms-field-label\" for=\"wpforms-379-field_1\">Correio eletr\u00f3nico <span class=\"wpforms-required-label\" aria-hidden=\"true\">*<\/span><\/label><input type=\"email\" id=\"wpforms-379-field_1\" class=\"wpforms-field-medium wpforms-field-required\" name=\"wpforms[fields][1]\" placeholder=\"Endere\u00e7o de e-mail\" spellcheck=\"false\" aria-errormessage=\"wpforms-379-field_1-error\" required><\/div><div id=\"wpforms-379-field_3-container\" class=\"wpforms-field wpforms-field-text\" data-field-id=\"3\"><label class=\"wpforms-field-label\" for=\"wpforms-379-field_3\">Nome do Hotel \/ Propriedade <span class=\"wpforms-required-label\" aria-hidden=\"true\">*<\/span><\/label><input type=\"text\" id=\"wpforms-379-field_3\" class=\"wpforms-field-medium wpforms-field-required\" name=\"wpforms[fields][3]\" placeholder=\"Nome do Hotel \/ Propriedade\" aria-errormessage=\"wpforms-379-field_3-error\" required><\/div><div id=\"wpforms-379-field_4-container\" class=\"wpforms-field wpforms-field-text\" data-field-id=\"4\"><label class=\"wpforms-field-label\" for=\"wpforms-379-field_4\">Localiza\u00e7\u00e3o do hotel \/ propriedade <span class=\"wpforms-required-label\" aria-hidden=\"true\">*<\/span><\/label><input type=\"text\" id=\"wpforms-379-field_4\" class=\"wpforms-field-medium wpforms-field-required\" name=\"wpforms[fields][4]\" placeholder=\"Localiza\u00e7\u00e3o do hotel \/ propriedade\" aria-errormessage=\"wpforms-379-field_4-error\" required><\/div><div id=\"wpforms-379-field_5-container\" class=\"wpforms-field wpforms-field-number\" data-field-id=\"5\"><label class=\"wpforms-field-label\" for=\"wpforms-379-field_5\">N\u00famero de quartos <span class=\"wpforms-required-label\" aria-hidden=\"true\">*<\/span><\/label><input type=\"number\" id=\"wpforms-379-field_5\" class=\"wpforms-field-medium wpforms-field-required\" name=\"wpforms[fields][5]\" placeholder=\"N\u00famero de quartos\" step=\"any\" aria-errormessage=\"wpforms-379-field_5-error\" required><\/div><div id=\"wpforms-379-field_6-container\" class=\"wpforms-field wpforms-field-select wpforms-field-select-style-classic\" data-field-id=\"6\"><label class=\"wpforms-field-label\" for=\"wpforms-379-field_6\">Vers\u00e3o do Resort Manager necess\u00e1ria <span class=\"wpforms-required-label\" aria-hidden=\"true\">*<\/span><\/label><select id=\"wpforms-379-field_6\" class=\"wpforms-field-medium wpforms-field-required\" name=\"wpforms[fields][6]\" required=\"required\"><option value=\"Resort Manager\"  class=\"choice-1 depth-1\"  >Resort Manager<\/option><option value=\"Resort Manager Lite\"  class=\"choice-2 depth-1\"  >Resort Manager Lite<\/option><\/select><\/div><div id=\"wpforms-379-field_7-container\" class=\"wpforms-field wpforms-field-number\" data-field-id=\"7\"><label class=\"wpforms-field-label\" for=\"wpforms-379-field_7\">N\u00famero de restaurantes <span class=\"wpforms-required-label\" aria-hidden=\"true\">*<\/span><\/label><input type=\"number\" id=\"wpforms-379-field_7\" class=\"wpforms-field-medium wpforms-field-required\" name=\"wpforms[fields][7]\" step=\"any\" aria-errormessage=\"wpforms-379-field_7-error\" required><\/div><div id=\"wpforms-379-field_9-container\" class=\"wpforms-field wpforms-field-checkbox wpforms-list-3-columns\" data-field-id=\"9\"><fieldset><legend class=\"wpforms-field-label\">Complementos necess\u00e1rios<\/legend><ul id=\"wpforms-379-field_9\"><li class=\"choice-1 depth-1\"><input type=\"checkbox\" id=\"wpforms-379-field_9_1\" name=\"wpforms[fields][9][]\" value=\"Interface PBX (Telefone)\" aria-errormessage=\"wpforms-379-field_9_1-error\"  ><label class=\"wpforms-field-label-inline\" for=\"wpforms-379-field_9_1\">Interface PBX (Telefone)<\/label><\/li><li class=\"choice-2 depth-1\"><input type=\"checkbox\" id=\"wpforms-379-field_9_2\" name=\"wpforms[fields][9][]\" value=\"Interface do gestor de canais (por exemplo, SiteMinder)\" aria-errormessage=\"wpforms-379-field_9_2-error\"  ><label class=\"wpforms-field-label-inline\" for=\"wpforms-379-field_9_2\">Interface do gestor de canais (por exemplo, SiteMinder)<\/label><\/li><li class=\"choice-3 depth-1\"><input type=\"checkbox\" id=\"wpforms-379-field_9_3\" name=\"wpforms[fields][9][]\" value=\"Interface da chave da porta (fechaduras electr\u00f3nicas)\" aria-errormessage=\"wpforms-379-field_9_3-error\"  ><label class=\"wpforms-field-label-inline\" for=\"wpforms-379-field_9_3\">Interface da chave da porta (fechaduras electr\u00f3nicas)<\/label><\/li><li class=\"choice-8 depth-1\"><input type=\"checkbox\" id=\"wpforms-379-field_9_8\" name=\"wpforms[fields][9][]\" value=\"Acesso \u00e0 Internet para h\u00f3spedes\" aria-errormessage=\"wpforms-379-field_9_8-error\"  ><label class=\"wpforms-field-label-inline\" for=\"wpforms-379-field_9_8\">Acesso \u00e0 Internet para h\u00f3spedes<\/label><\/li><li class=\"choice-11 depth-1\"><input type=\"checkbox\" id=\"wpforms-379-field_9_11\" name=\"wpforms[fields][9][]\" value=\"Aplica\u00e7\u00e3o m\u00f3vel de ponto de venda\" aria-errormessage=\"wpforms-379-field_9_11-error\"  ><label class=\"wpforms-field-label-inline\" for=\"wpforms-379-field_9_11\">Aplica\u00e7\u00e3o m\u00f3vel de ponto de venda<\/label><\/li><li class=\"choice-7 depth-1\"><input type=\"checkbox\" id=\"wpforms-379-field_9_7\" name=\"wpforms[fields][9][]\" value=\"Aplica\u00e7\u00e3o m\u00f3vel de limpeza\" aria-errormessage=\"wpforms-379-field_9_7-error\"  ><label class=\"wpforms-field-label-inline\" for=\"wpforms-379-field_9_7\">Aplica\u00e7\u00e3o m\u00f3vel de limpeza<\/label><\/li><li class=\"choice-6 depth-1\"><input type=\"checkbox\" id=\"wpforms-379-field_9_6\" name=\"wpforms[fields][9][]\" value=\"Aplica\u00e7\u00e3o m\u00f3vel de engenharia\" aria-errormessage=\"wpforms-379-field_9_6-error\"  ><label class=\"wpforms-field-label-inline\" for=\"wpforms-379-field_9_6\">Aplica\u00e7\u00e3o m\u00f3vel de engenharia<\/label><\/li><li class=\"choice-5 depth-1\"><input type=\"checkbox\" id=\"wpforms-379-field_9_5\" name=\"wpforms[fields][9][]\" value=\"M\u00f3dulo de taxas de c\u00e2mbio\" aria-errormessage=\"wpforms-379-field_9_5-error\"  ><label class=\"wpforms-field-label-inline\" for=\"wpforms-379-field_9_5\">M\u00f3dulo de taxas de c\u00e2mbio<\/label><\/li><li class=\"choice-4 depth-1\"><input type=\"checkbox\" id=\"wpforms-379-field_9_4\" name=\"wpforms[fields][9][]\" value=\"Interface Talkbox eMarketing\" aria-errormessage=\"wpforms-379-field_9_4-error\"  ><label class=\"wpforms-field-label-inline\" for=\"wpforms-379-field_9_4\">Interface Talkbox eMarketing<\/label><\/li><li class=\"choice-9 depth-1\"><input type=\"checkbox\" id=\"wpforms-379-field_9_9\" name=\"wpforms[fields][9][]\" value=\"Revinate In-Guest CRM\" aria-errormessage=\"wpforms-379-field_9_9-error\"  ><label class=\"wpforms-field-label-inline\" for=\"wpforms-379-field_9_9\">Revinate In-Guest CRM<\/label><\/li><li class=\"choice-10 depth-1\"><input type=\"checkbox\" id=\"wpforms-379-field_9_10\" name=\"wpforms[fields][9][]\" value=\"Acesso remoto seguro\" aria-errormessage=\"wpforms-379-field_9_10-error\"  ><label class=\"wpforms-field-label-inline\" for=\"wpforms-379-field_9_10\">Acesso remoto seguro<\/label><\/li><\/ul><\/fieldset><\/div><div id=\"wpforms-379-field_2-container\" class=\"wpforms-field wpforms-field-textarea\" data-field-id=\"2\"><label class=\"wpforms-field-label\" for=\"wpforms-379-field_2\">Coment\u00e1rio ou mensagem<\/label><textarea id=\"wpforms-379-field_2\" class=\"wpforms-field-medium\" name=\"wpforms[fields][2]\" aria-errormessage=\"wpforms-379-field_2-error\" ><\/textarea><\/div><\/div><!-- .wpforms-field-container --><div class=\"wpforms-recaptcha-container wpforms-is-recaptcha wpforms-is-recaptcha-type-v3\" ><input type=\"hidden\" name=\"wpforms[recaptcha]\" value=\"\"><\/div><div class=\"wpforms-submit-container\" ><input type=\"hidden\" name=\"wpforms[id]\" value=\"379\"><input type=\"hidden\" name=\"page_title\" value=\"\"><input type=\"hidden\" name=\"page_url\" value=\"https:\/\/resort-manager.com\/pt-pt\/wp-json\/wp\/v2\/pages\/1496\"><input type=\"hidden\" name=\"url_referer\" value=\"\"><button type=\"submit\" name=\"wpforms[submit]\" id=\"wpforms-submit-379\" class=\"wpforms-submit\" data-alt-text=\"Envia...\" data-submit-text=\"Solicita uma cota\u00e7\u00e3o\" aria-live=\"assertive\" value=\"wpforms-submit\">Solicita uma cota\u00e7\u00e3o<\/button><img decoding=\"async\" src=\"https:\/\/resort-manager.com\/wp-content\/plugins\/wpforms-lite\/assets\/images\/submit-spin.svg\" class=\"wpforms-submit-spinner\" style=\"display: none;\" width=\"26\" height=\"26\" alt=\"Loading\" title=\"\"><\/div><\/form><\/div>  <!-- .wpforms-container -->\t\t\t\t<\/div>\n\t\t\t\t<\/div>\n\t\t\t\t<div class=\"elementor-element elementor-element-58ba75b elementor-widget elementor-widget-text-editor\" data-id=\"58ba75b\" data-element_type=\"widget\" data-e-type=\"widget\" data-widget_type=\"text-editor.default\">\n\t\t\t\t<div class=\"elementor-widget-container\">\n\t\t\t\t\t\t\t\t\t<p>* Preenche este formul\u00e1rio da forma mais completa e exacta poss\u00edvel para que possamos fornecer-te o melhor or\u00e7amento dispon\u00edvel.<\/p>\n\t\t\t\t\t\t\t\t<\/div>\n\t\t\t\t<\/div>\n\t\t\t\t\t<\/div>\n\t\t\t\t<\/div>\n\t\t<div class=\"elementor-element elementor-element-330dd0d e-flex e-con-boxed e-con e-child\" data-id=\"330dd0d\" data-element_type=\"container\" data-e-type=\"container\">\n\t\t\t\t\t<div class=\"e-con-inner\">\n\t\t\t\t<div class=\"elementor-element elementor-element-d894173 elementor-widget elementor-widget-image\" data-id=\"d894173\" data-element_type=\"widget\" data-e-type=\"widget\" data-widget_type=\"image.default\">\n\t\t\t\t<div class=\"elementor-widget-container\">\n\t\t\t\t\t\t\t\t\t\t\t\t\t\t\t<img fetchpriority=\"high\" decoding=\"async\" width=\"879\" height=\"586\" src=\"https:\/\/resort-manager.com\/wp-content\/uploads\/2023\/12\/RequestQuote.png\" class=\"attachment-full size-full wp-image-1498\" alt=\"\" srcset=\"https:\/\/resort-manager.com\/wp-content\/uploads\/2023\/12\/RequestQuote.png 879w, https:\/\/resort-manager.com\/wp-content\/uploads\/2023\/12\/RequestQuote-300x200.png 300w, https:\/\/resort-manager.com\/wp-content\/uploads\/2023\/12\/RequestQuote-768x512.png 768w\" sizes=\"(max-width: 879px) 100vw, 879px\" title=\"\">\t\t\t\t\t\t\t\t\t\t\t\t\t\t\t<\/div>\n\t\t\t\t<\/div>\n\t\t\t\t\t<\/div>\n\t\t\t\t<\/div>\n\t\t\t\t\t<\/div>\n\t\t\t\t<\/div>\n\t\t\t\t<\/div>\n\t\t","protected":false},"excerpt":{"rendered":"<p>Solicita um or\u00e7amento personalizado Please enable JavaScript in your browser to complete this form.Please enable JavaScript in your browser to complete this form. Name * FirstLast Email *Hotel \/ Property Name *Hotel \/ Property Location *Number of Rooms *Resort Manager Version Required *Resort ManagerResort Manager LiteNumber of Restaurants * Required Add-Ons PBX (Telephone) Interface Channel [&hellip;]<\/p>\n","protected":false},"author":1,"featured_media":0,"parent":0,"menu_order":0,"comment_status":"closed","ping_status":"closed","template":"elementor_header_footer","meta":{"footnotes":""},"class_list":["post-1496","page","type-page","status-publish","hentry"],"_links":{"self":[{"href":"https:\/\/resort-manager.com\/pt-pt\/wp-json\/wp\/v2\/pages\/1496","targetHints":{"allow":["GET"]}}],"collection":[{"href":"https:\/\/resort-manager.com\/pt-pt\/wp-json\/wp\/v2\/pages"}],"about":[{"href":"https:\/\/resort-manager.com\/pt-pt\/wp-json\/wp\/v2\/types\/page"}],"author":[{"embeddable":true,"href":"https:\/\/resort-manager.com\/pt-pt\/wp-json\/wp\/v2\/users\/1"}],"replies":[{"embeddable":true,"href":"https:\/\/resort-manager.com\/pt-pt\/wp-json\/wp\/v2\/comments?post=1496"}],"version-history":[{"count":0,"href":"https:\/\/resort-manager.com\/pt-pt\/wp-json\/wp\/v2\/pages\/1496\/revisions"}],"wp:attachment":[{"href":"https:\/\/resort-manager.com\/pt-pt\/wp-json\/wp\/v2\/media?parent=1496"}],"curies":[{"name":"wp","href":"https:\/\/api.w.org\/{rel}","templated":true}]}}