{"id":1719,"date":"2023-12-03T09:27:32","date_gmt":"2023-12-03T01:27:32","guid":{"rendered":"https:\/\/www.resort-manager.com\/contactez-nous\/"},"modified":"2026-02-17T14:40:11","modified_gmt":"2026-02-17T06:40:11","slug":"contactez-nous","status":"publish","type":"page","link":"https:\/\/resort-manager.com\/fr\/contactez-nous\/","title":{"rendered":"Contactez nous"},"content":{"rendered":"\t\t<div data-elementor-type=\"wp-page\" data-elementor-id=\"1719\" class=\"elementor elementor-1719 elementor-15\">\n\t\t\t\t<div class=\"elementor-element elementor-element-24c16cf6 e-flex e-con-boxed e-con e-parent\" data-id=\"24c16cf6\" data-element_type=\"container\" data-e-type=\"container\">\n\t\t\t\t\t<div class=\"e-con-inner\">\n\t\t<div class=\"elementor-element elementor-element-bd40b44 e-flex e-con-boxed e-con e-child\" data-id=\"bd40b44\" data-element_type=\"container\" data-e-type=\"container\">\n\t\t\t\t\t<div class=\"e-con-inner\">\n\t\t\t\t<div class=\"elementor-element elementor-element-c3cc7bf elementor-widget elementor-widget-heading\" data-id=\"c3cc7bf\" data-element_type=\"widget\" data-e-type=\"widget\" data-widget_type=\"heading.default\">\n\t\t\t\t<div class=\"elementor-widget-container\">\n\t\t\t\t\t<h2 class=\"elementor-heading-title elementor-size-default\">Contactez nous<\/h2>\t\t\t\t<\/div>\n\t\t\t\t<\/div>\n\t\t\t\t<div class=\"elementor-element elementor-element-29dd2cd elementor-widget elementor-widget-wpforms\" data-id=\"29dd2cd\" data-element_type=\"widget\" data-e-type=\"widget\" data-widget_type=\"wpforms.default\">\n\t\t\t\t<div class=\"elementor-widget-container\">\n\t\t\t\t\t<div class=\"wpforms-container wpforms-container-full wpforms-render-modern\" id=\"wpforms-219\"><form id=\"wpforms-form-219\" class=\"wpforms-validate wpforms-form wpforms-ajax-form\" data-formid=\"219\" method=\"post\" enctype=\"multipart\/form-data\" action=\"\/fr\/wp-json\/wp\/v2\/pages\/1719\" data-token=\"407827a2a674fa9dc575f7689131b2f2\" data-token-time=\"1775929317\"><noscript class=\"wpforms-error-noscript\">Veuillez activer JavaScript dans votre navigateur pour remplir ce formulaire.<\/noscript><div id=\"wpforms-error-noscript\" style=\"display: none;\">Veuillez activer JavaScript dans votre navigateur pour remplir ce formulaire.<\/div><div class=\"wpforms-field-container\"><div id=\"wpforms-219-field_0-container\" class=\"wpforms-field wpforms-field-name\" data-field-id=\"0\"><fieldset><legend class=\"wpforms-field-label\">Nom <span class=\"wpforms-required-label\" aria-hidden=\"true\">*<\/span><\/legend><div class=\"wpforms-field-row wpforms-field-medium\"><div class=\"wpforms-field-row-block wpforms-first wpforms-one-half\"><input type=\"text\" id=\"wpforms-219-field_0\" class=\"wpforms-field-name-first wpforms-field-required\" name=\"wpforms[fields][0][first]\" placeholder=\"Pr\u00e9nom\" aria-errormessage=\"wpforms-219-field_0-error\" required><label for=\"wpforms-219-field_0\" class=\"wpforms-field-sublabel after wpforms-sublabel-hide\">Premi\u00e8re<\/label><\/div><div class=\"wpforms-field-row-block wpforms-one-half\"><input type=\"text\" id=\"wpforms-219-field_0-last\" class=\"wpforms-field-name-last wpforms-field-required\" name=\"wpforms[fields][0][last]\" placeholder=\"Nom de famille\" aria-errormessage=\"wpforms-219-field_0-last-error\" required><label for=\"wpforms-219-field_0-last\" class=\"wpforms-field-sublabel after wpforms-sublabel-hide\">Dernier<\/label><\/div><\/div><\/fieldset><\/div><div id=\"wpforms-219-field_1-container\" class=\"wpforms-field wpforms-field-email\" data-field-id=\"1\"><label class=\"wpforms-field-label\" for=\"wpforms-219-field_1\">Courriel <span class=\"wpforms-required-label\" aria-hidden=\"true\">*<\/span><\/label><input type=\"email\" id=\"wpforms-219-field_1\" class=\"wpforms-field-medium wpforms-field-required\" name=\"wpforms[fields][1]\" placeholder=\"Adresse \u00e9lectronique\" spellcheck=\"false\" aria-errormessage=\"wpforms-219-field_1-error\" required><\/div><div id=\"wpforms-219-field_3-container\" class=\"wpforms-field wpforms-field-text\" data-field-id=\"3\"><label class=\"wpforms-field-label\" for=\"wpforms-219-field_3\">Nom de l&#039;h\u00f4tel \/ du bien <span class=\"wpforms-required-label\" aria-hidden=\"true\">*<\/span><\/label><input type=\"text\" id=\"wpforms-219-field_3\" class=\"wpforms-field-medium wpforms-field-required\" name=\"wpforms[fields][3]\" placeholder=\"Nom de l&#039;h\u00f4tel \/ du bien\" aria-errormessage=\"wpforms-219-field_3-error\" required><\/div><div id=\"wpforms-219-field_4-container\" class=\"wpforms-field wpforms-field-text\" data-field-id=\"4\"><label class=\"wpforms-field-label\" for=\"wpforms-219-field_4\">Emplacement de l&#039;h\u00f4tel \/ du bien <span class=\"wpforms-required-label\" aria-hidden=\"true\">*<\/span><\/label><input type=\"text\" id=\"wpforms-219-field_4\" class=\"wpforms-field-medium wpforms-field-required\" name=\"wpforms[fields][4]\" placeholder=\"Emplacement de l&#039;h\u00f4tel \/ du bien\" aria-errormessage=\"wpforms-219-field_4-error\" required><\/div><div id=\"wpforms-219-field_5-container\" class=\"wpforms-field wpforms-field-number\" data-field-id=\"5\"><label class=\"wpforms-field-label\" for=\"wpforms-219-field_5\">Nombre de pi\u00e8ces <span class=\"wpforms-required-label\" aria-hidden=\"true\">*<\/span><\/label><input type=\"number\" id=\"wpforms-219-field_5\" class=\"wpforms-field-small wpforms-field-required\" name=\"wpforms[fields][5]\" placeholder=\"Nombre de pi\u00e8ces\" step=\"any\" aria-errormessage=\"wpforms-219-field_5-error\" required><\/div><div id=\"wpforms-219-field_2-container\" class=\"wpforms-field wpforms-field-textarea\" data-field-id=\"2\"><label class=\"wpforms-field-label\" for=\"wpforms-219-field_2\">Commentaire ou message<\/label><textarea id=\"wpforms-219-field_2\" class=\"wpforms-field-medium\" name=\"wpforms[fields][2]\" aria-errormessage=\"wpforms-219-field_2-error\" ><\/textarea><\/div><div id=\"wpforms-219-field_6-container\" class=\"wpforms-field wpforms-field-gdpr-checkbox\" data-field-id=\"6\"><label class=\"wpforms-field-label\">Accord GDPR <span class=\"wpforms-required-label\" aria-hidden=\"true\">*<\/span><\/label><ul id=\"wpforms-219-field_6\" class=\"wpforms-field-required\"><li class=\"choice-1\"><input type=\"checkbox\" id=\"wpforms-219-field_6_1\" name=\"wpforms[fields][6][]\" value=\"Je consens \u00e0 ce que ce site web stocke les informations que j&#039;ai fournies afin de pouvoir r\u00e9pondre \u00e0 ma demande.\" aria-errormessage=\"wpforms-219-field_6_1-error\" required ><label class=\"wpforms-field-label-inline\" for=\"wpforms-219-field_6_1\">Je consens \u00e0 ce que ce site web stocke les informations que j'ai fournies afin de pouvoir r\u00e9pondre \u00e0 ma demande.<\/label><\/li><\/ul><\/div><\/div><!-- .wpforms-field-container --><div class=\"wpforms-recaptcha-container wpforms-is-recaptcha wpforms-is-recaptcha-type-v3\" ><input type=\"hidden\" name=\"wpforms[recaptcha]\" value=\"\"><\/div><div class=\"wpforms-submit-container\" ><input type=\"hidden\" name=\"wpforms[id]\" value=\"219\"><input type=\"hidden\" name=\"page_title\" value=\"\"><input type=\"hidden\" name=\"page_url\" value=\"https:\/\/resort-manager.com\/fr\/wp-json\/wp\/v2\/pages\/1719\"><input type=\"hidden\" name=\"url_referer\" value=\"\"><button type=\"submit\" name=\"wpforms[submit]\" id=\"wpforms-submit-219\" class=\"wpforms-submit\" data-alt-text=\"Envoi...\" data-submit-text=\"Soumettre\" aria-live=\"assertive\" value=\"wpforms-submit\">Soumettre<\/button><img decoding=\"async\" src=\"https:\/\/resort-manager.com\/wp-content\/plugins\/wpforms-lite\/assets\/images\/submit-spin.svg\" class=\"wpforms-submit-spinner\" style=\"display: none;\" width=\"26\" height=\"26\" alt=\"Chargement en cours\" title=\"\"><\/div><\/form><\/div>  <!-- .wpforms-container -->\t\t\t\t<\/div>\n\t\t\t\t<\/div>\n\t\t\t\t\t<\/div>\n\t\t\t\t<\/div>\n\t\t<div class=\"elementor-element elementor-element-916106e e-flex e-con-boxed e-con e-child\" data-id=\"916106e\" data-element_type=\"container\" data-e-type=\"container\">\n\t\t\t\t\t<div class=\"e-con-inner\">\n\t\t\t\t<div class=\"elementor-element elementor-element-c8fe91e elementor-widget elementor-widget-image\" data-id=\"c8fe91e\" data-element_type=\"widget\" data-e-type=\"widget\" data-widget_type=\"image.default\">\n\t\t\t\t<div class=\"elementor-widget-container\">\n\t\t\t\t\t\t\t\t\t\t\t\t\t\t\t<img fetchpriority=\"high\" decoding=\"async\" width=\"612\" height=\"384\" src=\"https:\/\/resort-manager.com\/wp-content\/uploads\/2023\/12\/ContactUs.jpg\" class=\"attachment-full size-full wp-image-1720\" alt=\"Contactez nous\" srcset=\"https:\/\/resort-manager.com\/wp-content\/uploads\/2023\/12\/ContactUs.jpg 612w, https:\/\/resort-manager.com\/wp-content\/uploads\/2023\/12\/ContactUs-300x188.jpg 300w\" sizes=\"(max-width: 612px) 100vw, 612px\" title=\"\">\t\t\t\t\t\t\t\t\t\t\t\t\t\t\t<\/div>\n\t\t\t\t<\/div>\n\t\t\t\t\t<\/div>\n\t\t\t\t<\/div>\n\t\t\t\t\t<\/div>\n\t\t\t\t<\/div>\n\t\t\t\t<\/div>\n\t\t","protected":false},"excerpt":{"rendered":"<p>Contactez nous Please enable JavaScript in your browser to complete this form.Please enable JavaScript in your browser to complete this form. Name * FirstLast Email *Hotel \/ Property Name *Hotel \/ Property Location *Number of Rooms *Comment or MessageGDPR Agreement * I consent to having this website store my submitted information so they can respond [&hellip;]<\/p>\n","protected":false},"author":1,"featured_media":0,"parent":0,"menu_order":0,"comment_status":"closed","ping_status":"closed","template":"elementor_header_footer","meta":{"footnotes":""},"class_list":["post-1719","page","type-page","status-publish","hentry"],"_links":{"self":[{"href":"https:\/\/resort-manager.com\/fr\/wp-json\/wp\/v2\/pages\/1719","targetHints":{"allow":["GET"]}}],"collection":[{"href":"https:\/\/resort-manager.com\/fr\/wp-json\/wp\/v2\/pages"}],"about":[{"href":"https:\/\/resort-manager.com\/fr\/wp-json\/wp\/v2\/types\/page"}],"author":[{"embeddable":true,"href":"https:\/\/resort-manager.com\/fr\/wp-json\/wp\/v2\/users\/1"}],"replies":[{"embeddable":true,"href":"https:\/\/resort-manager.com\/fr\/wp-json\/wp\/v2\/comments?post=1719"}],"version-history":[{"count":8,"href":"https:\/\/resort-manager.com\/fr\/wp-json\/wp\/v2\/pages\/1719\/revisions"}],"predecessor-version":[{"id":1992,"href":"https:\/\/resort-manager.com\/fr\/wp-json\/wp\/v2\/pages\/1719\/revisions\/1992"}],"wp:attachment":[{"href":"https:\/\/resort-manager.com\/fr\/wp-json\/wp\/v2\/media?parent=1719"}],"curies":[{"name":"wp","href":"https:\/\/api.w.org\/{rel}","templated":true}]}}