{"id":1602,"date":"2023-12-06T16:41:59","date_gmt":"2023-12-06T08:41:59","guid":{"rendered":"https:\/\/www.resort-manager.com\/support-apres-vente\/"},"modified":"2024-09-18T11:54:29","modified_gmt":"2024-09-18T03:54:29","slug":"support-apres-vente","status":"publish","type":"page","link":"https:\/\/resort-manager.com\/fr\/support-apres-vente\/","title":{"rendered":"Support apr\u00e8s-vente"},"content":{"rendered":"\t\t<div data-elementor-type=\"wp-page\" data-elementor-id=\"1602\" class=\"elementor elementor-1602 elementor-256\">\n\t\t\t\t<div class=\"elementor-element elementor-element-046ed2f e-flex e-con-boxed e-con e-parent\" data-id=\"046ed2f\" data-element_type=\"container\" data-e-type=\"container\" data-settings=\"{&quot;background_background&quot;:&quot;classic&quot;}\">\n\t\t\t\t\t<div class=\"e-con-inner\">\n\t\t<div class=\"elementor-element elementor-element-0222cd5 e-con-full e-flex e-con e-child\" data-id=\"0222cd5\" data-element_type=\"container\" data-e-type=\"container\">\n\t\t\t\t<div class=\"elementor-element elementor-element-df23b98 elementor-widget elementor-widget-heading\" data-id=\"df23b98\" data-element_type=\"widget\" data-e-type=\"widget\" data-widget_type=\"heading.default\">\n\t\t\t\t<div class=\"elementor-widget-container\">\n\t\t\t\t\t<h2 class=\"elementor-heading-title elementor-size-default\">Support apr\u00e8s-vente<\/h2>\t\t\t\t<\/div>\n\t\t\t\t<\/div>\n\t\t\t\t<div class=\"elementor-element elementor-element-9b6ac99 elementor-widget elementor-widget-text-editor\" data-id=\"9b6ac99\" data-element_type=\"widget\" data-e-type=\"widget\" data-widget_type=\"text-editor.default\">\n\t\t\t\t<div class=\"elementor-widget-container\">\n\t\t\t\t\t\t\t\t\t<p>L&rsquo;\u00e9quipe de Resort Manager reconna\u00eet l&rsquo;importance de l&rsquo;assistance et du service apr\u00e8s-vente pour nos clients.<br \/>\nIl est essentiel pour une entreprise que ses syst\u00e8mes fonctionnent \u00e0 tout moment avec une efficacit\u00e9 maximale.<br \/>\nQuelles que soient les circonstances ou les \u00e9v\u00e9nements inattendus, nos clients peuvent \u00eatre s\u00fbrs qu&rsquo;une assistance est en route.<br \/>\nIl est de notre devoir de maintenir les syst\u00e8mes de nos clients \u00e0 jour afin d&rsquo;assurer la s\u00e9curit\u00e9 de leurs op\u00e9rations commerciales.   <\/p>\n<p>Toutes les solutions Resort Manager sont assorties d&rsquo;une garantie de 12 mois qui comprend une assistance illimit\u00e9e pour tout probl\u00e8me d&rsquo;exploitation ou de logiciel via un syst\u00e8me de signalement des probl\u00e8mes bas\u00e9 sur le web.<br \/>\nEn outre, la garantie couvre le remplacement ou la r\u00e9paration de tout mat\u00e9riel d\u00e9fectueux que nous fournissons. <\/p>\n<p>Apr\u00e8s la p\u00e9riode initiale de 12 mois, nous proposons \u00e0 tous nos clients un plan d&rsquo;assistance \u00e0 prix fixe qui garantit un service prioritaire sur tous les syst\u00e8mes.<br \/>\nLes titulaires d&rsquo;un contrat d&rsquo;assistance ont \u00e9galement droit \u00e0 des mises \u00e0 jour gratuites. <\/p>\n\t\t\t\t\t\t\t\t<\/div>\n\t\t\t\t<\/div>\n\t\t\t\t<div class=\"elementor-element elementor-element-dd1c7be elementor-align-center elementor-widget elementor-widget-button\" data-id=\"dd1c7be\" data-element_type=\"widget\" data-e-type=\"widget\" data-widget_type=\"button.default\">\n\t\t\t\t<div class=\"elementor-widget-container\">\n\t\t\t\t\t\t\t\t\t<div class=\"elementor-button-wrapper\">\n\t\t\t\t\t<a class=\"elementor-button elementor-button-link elementor-size-sm\" href=\"https:\/\/resort-manager.com\/contact-us\/\">\n\t\t\t\t\t\t<span class=\"elementor-button-content-wrapper\">\n\t\t\t\t\t\t\t\t\t<span class=\"elementor-button-text\">Demande d'informations compl\u00e9mentaires<\/span>\n\t\t\t\t\t<\/span>\n\t\t\t\t\t<\/a>\n\t\t\t\t<\/div>\n\t\t\t\t\t\t\t\t<\/div>\n\t\t\t\t<\/div>\n\t\t\t\t<\/div>\n\t\t\t\t<div class=\"elementor-element elementor-element-e5526a0 elementor-widget elementor-widget-image\" data-id=\"e5526a0\" data-element_type=\"widget\" data-e-type=\"widget\" data-widget_type=\"image.default\">\n\t\t\t\t<div class=\"elementor-widget-container\">\n\t\t\t\t\t\t\t\t\t\t\t\t\t\t\t<img fetchpriority=\"high\" decoding=\"async\" width=\"868\" height=\"568\" src=\"https:\/\/resort-manager.com\/wp-content\/uploads\/2023\/12\/call-center.png\" class=\"attachment-full size-full wp-image-1603\" alt=\"\" srcset=\"https:\/\/resort-manager.com\/wp-content\/uploads\/2023\/12\/call-center.png 868w, https:\/\/resort-manager.com\/wp-content\/uploads\/2023\/12\/call-center-300x196.png 300w, https:\/\/resort-manager.com\/wp-content\/uploads\/2023\/12\/call-center-768x503.png 768w\" sizes=\"(max-width: 868px) 100vw, 868px\" title=\"\">\t\t\t\t\t\t\t\t\t\t\t\t\t\t\t<\/div>\n\t\t\t\t<\/div>\n\t\t\t\t\t<\/div>\n\t\t\t\t<\/div>\n\t\t<div class=\"elementor-element elementor-element-5a059c1 e-flex e-con-boxed e-con e-parent\" data-id=\"5a059c1\" data-element_type=\"container\" data-e-type=\"container\">\n\t\t\t\t\t<div class=\"e-con-inner\">\n\t\t\t\t<div class=\"elementor-element elementor-element-f7764f8 elementor-widget__width-initial elementor-widget-mobile__width-initial elementor-widget elementor-widget-image\" data-id=\"f7764f8\" data-element_type=\"widget\" data-e-type=\"widget\" data-widget_type=\"image.default\">\n\t\t\t\t<div class=\"elementor-widget-container\">\n\t\t\t\t\t\t\t\t\t\t\t\t\t\t\t<img decoding=\"async\" width=\"581\" height=\"350\" src=\"https:\/\/resort-manager.com\/wp-content\/uploads\/2023\/12\/installation-services.png\" class=\"attachment-full size-full wp-image-1604\" alt=\"\" srcset=\"https:\/\/resort-manager.com\/wp-content\/uploads\/2023\/12\/installation-services.png 581w, https:\/\/resort-manager.com\/wp-content\/uploads\/2023\/12\/installation-services-300x181.png 300w\" sizes=\"(max-width: 581px) 100vw, 581px\" title=\"\">\t\t\t\t\t\t\t\t\t\t\t\t\t\t\t<\/div>\n\t\t\t\t<\/div>\n\t\t<div class=\"elementor-element elementor-element-e277636 e-flex e-con-boxed e-con e-child\" data-id=\"e277636\" data-element_type=\"container\" data-e-type=\"container\">\n\t\t\t\t\t<div class=\"e-con-inner\">\n\t\t\t\t<div class=\"elementor-element elementor-element-498151e elementor-widget elementor-widget-heading\" data-id=\"498151e\" data-element_type=\"widget\" data-e-type=\"widget\" data-widget_type=\"heading.default\">\n\t\t\t\t<div class=\"elementor-widget-container\">\n\t\t\t\t\t<h2 class=\"elementor-heading-title elementor-size-default\">Installation et formation<\/h2>\t\t\t\t<\/div>\n\t\t\t\t<\/div>\n\t\t\t\t<div class=\"elementor-element elementor-element-7a5df3a elementor-widget elementor-widget-text-editor\" data-id=\"7a5df3a\" data-element_type=\"widget\" data-e-type=\"widget\" data-widget_type=\"text-editor.default\">\n\t\t\t\t<div class=\"elementor-widget-container\">\n\t\t\t\t\t\t\t\t\t<p>Resort Manager propose des services d&rsquo;installation et de formation gratuits pour tout achat d&rsquo;un ensemble modulaire.  <span style=\"text-align: var(--text-align); background-color: var( --e-global-color-c696dce ); font-size: 1rem;\">Cette prestation est accessible pour le seul co\u00fbt des frais de voyage encourus.<\/span><\/p>\n<p>Ensuite, il est possible de recevoir une formation suppl\u00e9mentaire et des services d&rsquo;\u00e9valuation du syst\u00e8me.<\/p><\/p>\n\t\t\t\t\t\t\t\t<\/div>\n\t\t\t\t<\/div>\n\t\t\t\t<div class=\"elementor-element elementor-element-9faeb59 elementor-align-center elementor-widget elementor-widget-button\" data-id=\"9faeb59\" data-element_type=\"widget\" data-e-type=\"widget\" data-widget_type=\"button.default\">\n\t\t\t\t<div class=\"elementor-widget-container\">\n\t\t\t\t\t\t\t\t\t<div class=\"elementor-button-wrapper\">\n\t\t\t\t\t<a class=\"elementor-button elementor-button-link elementor-size-sm\" href=\"https:\/\/resort-manager.com\/contact-us\/\">\n\t\t\t\t\t\t<span class=\"elementor-button-content-wrapper\">\n\t\t\t\t\t\t\t\t\t<span class=\"elementor-button-text\">Demande de formation ou d'installation suppl\u00e9mentaire<\/span>\n\t\t\t\t\t<\/span>\n\t\t\t\t\t<\/a>\n\t\t\t\t<\/div>\n\t\t\t\t\t\t\t\t<\/div>\n\t\t\t\t<\/div>\n\t\t\t\t\t<\/div>\n\t\t\t\t<\/div>\n\t\t\t\t\t<\/div>\n\t\t\t\t<\/div>\n\t\t\t\t<\/div>\n\t\t","protected":false},"excerpt":{"rendered":"<p>Support apr\u00e8s-vente L&rsquo;\u00e9quipe de Resort Manager reconna\u00eet l&rsquo;importance de l&rsquo;assistance et du service apr\u00e8s-vente pour nos clients. Il est essentiel pour une entreprise que ses syst\u00e8mes fonctionnent \u00e0 tout moment avec une efficacit\u00e9 maximale. Quelles que soient les circonstances ou les \u00e9v\u00e9nements inattendus, nos clients peuvent \u00eatre s\u00fbrs qu&rsquo;une assistance est en route. Il est [&hellip;]<\/p>\n","protected":false},"author":1,"featured_media":0,"parent":0,"menu_order":0,"comment_status":"closed","ping_status":"closed","template":"elementor_header_footer","meta":{"footnotes":""},"class_list":["post-1602","page","type-page","status-publish","hentry"],"_links":{"self":[{"href":"https:\/\/resort-manager.com\/fr\/wp-json\/wp\/v2\/pages\/1602","targetHints":{"allow":["GET"]}}],"collection":[{"href":"https:\/\/resort-manager.com\/fr\/wp-json\/wp\/v2\/pages"}],"about":[{"href":"https:\/\/resort-manager.com\/fr\/wp-json\/wp\/v2\/types\/page"}],"author":[{"embeddable":true,"href":"https:\/\/resort-manager.com\/fr\/wp-json\/wp\/v2\/users\/1"}],"replies":[{"embeddable":true,"href":"https:\/\/resort-manager.com\/fr\/wp-json\/wp\/v2\/comments?post=1602"}],"version-history":[{"count":0,"href":"https:\/\/resort-manager.com\/fr\/wp-json\/wp\/v2\/pages\/1602\/revisions"}],"wp:attachment":[{"href":"https:\/\/resort-manager.com\/fr\/wp-json\/wp\/v2\/media?parent=1602"}],"curies":[{"name":"wp","href":"https:\/\/api.w.org\/{rel}","templated":true}]}}