{"id":1519,"date":"2023-12-11T18:22:50","date_gmt":"2023-12-11T10:22:50","guid":{"rendered":"https:\/\/www.resort-manager.com\/devis-personnalise\/"},"modified":"2024-09-18T11:53:15","modified_gmt":"2024-09-18T03:53:15","slug":"devis-personnalise","status":"publish","type":"page","link":"https:\/\/resort-manager.com\/fr\/devis-personnalise\/","title":{"rendered":"Devis personnalis\u00e9"},"content":{"rendered":"\t\t<div data-elementor-type=\"wp-page\" data-elementor-id=\"1519\" class=\"elementor elementor-1519 elementor-503\">\n\t\t\t\t<div class=\"elementor-element elementor-element-8907eda e-flex e-con-boxed e-con e-parent\" data-id=\"8907eda\" data-element_type=\"container\" data-e-type=\"container\">\n\t\t\t\t\t<div class=\"e-con-inner\">\n\t\t<div class=\"elementor-element elementor-element-2fc345a e-flex e-con-boxed e-con e-child\" data-id=\"2fc345a\" data-element_type=\"container\" data-e-type=\"container\">\n\t\t\t\t\t<div class=\"e-con-inner\">\n\t\t\t\t<div class=\"elementor-element elementor-element-7d75289 elementor-widget elementor-widget-heading\" data-id=\"7d75289\" data-element_type=\"widget\" data-e-type=\"widget\" data-widget_type=\"heading.default\">\n\t\t\t\t<div class=\"elementor-widget-container\">\n\t\t\t\t\t<h2 class=\"elementor-heading-title elementor-size-default\">Demandez un devis personnalis\u00e9<\/h2>\t\t\t\t<\/div>\n\t\t\t\t<\/div>\n\t\t\t\t<div class=\"elementor-element elementor-element-d7df4ab elementor-widget-mobile__width-initial elementor-widget elementor-widget-wpforms\" data-id=\"d7df4ab\" data-element_type=\"widget\" data-e-type=\"widget\" data-widget_type=\"wpforms.default\">\n\t\t\t\t<div class=\"elementor-widget-container\">\n\t\t\t\t\t<style id=\"wpforms-css-vars-elementor-widget-d7df4ab\">\n\t\t\t\t.elementor-widget-wpforms.elementor-element-d7df4ab {\n\t\t\t\t--wpforms-field-border-radius: 5px;\n--wpforms-field-text-color: #1C244B;\n--wpforms-label-color: #0A73B9;\n--wpforms-button-border-radius: 5px;\n--wpforms-button-background-color: #EF8D20;\n--wpforms-field-size-input-height: 31px;\n--wpforms-field-size-input-spacing: 10px;\n--wpforms-field-size-font-size: 14px;\n--wpforms-field-size-line-height: 17px;\n--wpforms-field-size-padding-h: 9px;\n--wpforms-field-size-checkbox-size: 14px;\n--wpforms-field-size-sublabel-spacing: 5px;\n--wpforms-field-size-icon-size: 0.75;\n\t\t\t}\n\t\t\t<\/style><div class=\"wpforms-container wpforms-container-full wpforms-render-modern\" id=\"wpforms-379\"><form id=\"wpforms-form-379\" class=\"wpforms-validate wpforms-form wpforms-ajax-form\" data-formid=\"379\" method=\"post\" enctype=\"multipart\/form-data\" action=\"\/fr\/wp-json\/wp\/v2\/pages\/1519\" data-token=\"69992b6a1ca9262b766e0f91be8ebdf0\" data-token-time=\"1776709613\"><noscript class=\"wpforms-error-noscript\">Veuillez activer JavaScript dans votre navigateur pour remplir ce formulaire.<\/noscript><div id=\"wpforms-error-noscript\" style=\"display: none;\">Veuillez activer JavaScript dans votre navigateur pour remplir ce formulaire.<\/div><div class=\"wpforms-field-container\"><div id=\"wpforms-379-field_0-container\" class=\"wpforms-field wpforms-field-name\" data-field-id=\"0\"><fieldset><legend class=\"wpforms-field-label\">Nom <span class=\"wpforms-required-label\" aria-hidden=\"true\">*<\/span><\/legend><div class=\"wpforms-field-row wpforms-field-medium\"><div class=\"wpforms-field-row-block wpforms-first wpforms-one-half\"><input type=\"text\" id=\"wpforms-379-field_0\" class=\"wpforms-field-name-first wpforms-field-required\" name=\"wpforms[fields][0][first]\" placeholder=\"Pr\u00e9nom\" aria-errormessage=\"wpforms-379-field_0-error\" required><label for=\"wpforms-379-field_0\" class=\"wpforms-field-sublabel after wpforms-sublabel-hide\">Premi\u00e8re<\/label><\/div><div class=\"wpforms-field-row-block wpforms-one-half\"><input type=\"text\" id=\"wpforms-379-field_0-last\" class=\"wpforms-field-name-last wpforms-field-required\" name=\"wpforms[fields][0][last]\" placeholder=\"Nom de famille\" aria-errormessage=\"wpforms-379-field_0-last-error\" required><label for=\"wpforms-379-field_0-last\" class=\"wpforms-field-sublabel after wpforms-sublabel-hide\">Dernier<\/label><\/div><\/div><\/fieldset><\/div><div id=\"wpforms-379-field_1-container\" class=\"wpforms-field wpforms-field-email\" data-field-id=\"1\"><label class=\"wpforms-field-label\" for=\"wpforms-379-field_1\">Courriel <span class=\"wpforms-required-label\" aria-hidden=\"true\">*<\/span><\/label><input type=\"email\" id=\"wpforms-379-field_1\" class=\"wpforms-field-medium wpforms-field-required\" name=\"wpforms[fields][1]\" placeholder=\"Adresse \u00e9lectronique\" spellcheck=\"false\" aria-errormessage=\"wpforms-379-field_1-error\" required><\/div><div id=\"wpforms-379-field_3-container\" class=\"wpforms-field wpforms-field-text\" data-field-id=\"3\"><label class=\"wpforms-field-label\" for=\"wpforms-379-field_3\">Nom de l&#039;h\u00f4tel \/ du bien <span class=\"wpforms-required-label\" aria-hidden=\"true\">*<\/span><\/label><input type=\"text\" id=\"wpforms-379-field_3\" class=\"wpforms-field-medium wpforms-field-required\" name=\"wpforms[fields][3]\" placeholder=\"Nom de l&#039;h\u00f4tel \/ du bien\" aria-errormessage=\"wpforms-379-field_3-error\" required><\/div><div id=\"wpforms-379-field_4-container\" class=\"wpforms-field wpforms-field-text\" data-field-id=\"4\"><label class=\"wpforms-field-label\" for=\"wpforms-379-field_4\">Emplacement de l&#039;h\u00f4tel \/ du bien <span class=\"wpforms-required-label\" aria-hidden=\"true\">*<\/span><\/label><input type=\"text\" id=\"wpforms-379-field_4\" class=\"wpforms-field-medium wpforms-field-required\" name=\"wpforms[fields][4]\" placeholder=\"Emplacement de l&#039;h\u00f4tel \/ du bien\" aria-errormessage=\"wpforms-379-field_4-error\" required><\/div><div id=\"wpforms-379-field_5-container\" class=\"wpforms-field wpforms-field-number\" data-field-id=\"5\"><label class=\"wpforms-field-label\" for=\"wpforms-379-field_5\">Nombre de pi\u00e8ces <span class=\"wpforms-required-label\" aria-hidden=\"true\">*<\/span><\/label><input type=\"number\" id=\"wpforms-379-field_5\" class=\"wpforms-field-medium wpforms-field-required\" name=\"wpforms[fields][5]\" placeholder=\"Nombre de pi\u00e8ces\" step=\"any\" aria-errormessage=\"wpforms-379-field_5-error\" required><\/div><div id=\"wpforms-379-field_6-container\" class=\"wpforms-field wpforms-field-select wpforms-field-select-style-classic\" data-field-id=\"6\"><label class=\"wpforms-field-label\" for=\"wpforms-379-field_6\">Version du directeur de centre de vill\u00e9giature requise <span class=\"wpforms-required-label\" aria-hidden=\"true\">*<\/span><\/label><select id=\"wpforms-379-field_6\" class=\"wpforms-field-medium wpforms-field-required\" name=\"wpforms[fields][6]\" required=\"required\"><option value=\"Directeur de centre de vill\u00e9giature\"  class=\"choice-1 depth-1\"  >Directeur de centre de vill\u00e9giature<\/option><option value=\"Resort Manager Lite\"  class=\"choice-2 depth-1\"  >Resort Manager Lite<\/option><\/select><\/div><div id=\"wpforms-379-field_7-container\" class=\"wpforms-field wpforms-field-number\" data-field-id=\"7\"><label class=\"wpforms-field-label\" for=\"wpforms-379-field_7\">Nombre de restaurants <span class=\"wpforms-required-label\" aria-hidden=\"true\">*<\/span><\/label><input type=\"number\" id=\"wpforms-379-field_7\" class=\"wpforms-field-medium wpforms-field-required\" name=\"wpforms[fields][7]\" step=\"any\" aria-errormessage=\"wpforms-379-field_7-error\" required><\/div><div id=\"wpforms-379-field_9-container\" class=\"wpforms-field wpforms-field-checkbox wpforms-list-3-columns\" data-field-id=\"9\"><fieldset><legend class=\"wpforms-field-label\">Compl\u00e9ments requis<\/legend><ul id=\"wpforms-379-field_9\"><li class=\"choice-1 depth-1\"><input type=\"checkbox\" id=\"wpforms-379-field_9_1\" name=\"wpforms[fields][9][]\" value=\"Interface PBX (t\u00e9l\u00e9phone)\" aria-errormessage=\"wpforms-379-field_9_1-error\"  ><label class=\"wpforms-field-label-inline\" for=\"wpforms-379-field_9_1\">Interface PBX (t\u00e9l\u00e9phone)<\/label><\/li><li class=\"choice-2 depth-1\"><input type=\"checkbox\" id=\"wpforms-379-field_9_2\" name=\"wpforms[fields][9][]\" value=\"Interface du gestionnaire de canaux (p. ex. SiteMinder)\" aria-errormessage=\"wpforms-379-field_9_2-error\"  ><label class=\"wpforms-field-label-inline\" for=\"wpforms-379-field_9_2\">Interface du gestionnaire de canaux (p. ex. SiteMinder)<\/label><\/li><li class=\"choice-3 depth-1\"><input type=\"checkbox\" id=\"wpforms-379-field_9_3\" name=\"wpforms[fields][9][]\" value=\"Interface de la cl\u00e9 de porte (serrures \u00e9lectroniques)\" aria-errormessage=\"wpforms-379-field_9_3-error\"  ><label class=\"wpforms-field-label-inline\" for=\"wpforms-379-field_9_3\">Interface de la cl\u00e9 de porte (serrures \u00e9lectroniques)<\/label><\/li><li class=\"choice-8 depth-1\"><input type=\"checkbox\" id=\"wpforms-379-field_9_8\" name=\"wpforms[fields][9][]\" value=\"Acc\u00e8s Internet pour les visiteurs\" aria-errormessage=\"wpforms-379-field_9_8-error\"  ><label class=\"wpforms-field-label-inline\" for=\"wpforms-379-field_9_8\">Acc\u00e8s Internet pour les visiteurs<\/label><\/li><li class=\"choice-11 depth-1\"><input type=\"checkbox\" id=\"wpforms-379-field_9_11\" name=\"wpforms[fields][9][]\" value=\"Application mobile pour les points de vente\" aria-errormessage=\"wpforms-379-field_9_11-error\"  ><label class=\"wpforms-field-label-inline\" for=\"wpforms-379-field_9_11\">Application mobile pour les points de vente<\/label><\/li><li class=\"choice-7 depth-1\"><input type=\"checkbox\" id=\"wpforms-379-field_9_7\" name=\"wpforms[fields][9][]\" value=\"Application mobile pour l&#039;entretien m\u00e9nager\" aria-errormessage=\"wpforms-379-field_9_7-error\"  ><label class=\"wpforms-field-label-inline\" for=\"wpforms-379-field_9_7\">Application mobile pour l'entretien m\u00e9nager<\/label><\/li><li class=\"choice-6 depth-1\"><input type=\"checkbox\" id=\"wpforms-379-field_9_6\" name=\"wpforms[fields][9][]\" value=\"Application mobile d&#039;ing\u00e9nierie\" aria-errormessage=\"wpforms-379-field_9_6-error\"  ><label class=\"wpforms-field-label-inline\" for=\"wpforms-379-field_9_6\">Application mobile d'ing\u00e9nierie<\/label><\/li><li class=\"choice-5 depth-1\"><input type=\"checkbox\" id=\"wpforms-379-field_9_5\" name=\"wpforms[fields][9][]\" value=\"Module de taux de change\" aria-errormessage=\"wpforms-379-field_9_5-error\"  ><label class=\"wpforms-field-label-inline\" for=\"wpforms-379-field_9_5\">Module de taux de change<\/label><\/li><li class=\"choice-4 depth-1\"><input type=\"checkbox\" id=\"wpforms-379-field_9_4\" name=\"wpforms[fields][9][]\" value=\"Interface Talkbox eMarketing\" aria-errormessage=\"wpforms-379-field_9_4-error\"  ><label class=\"wpforms-field-label-inline\" for=\"wpforms-379-field_9_4\">Interface Talkbox eMarketing<\/label><\/li><li class=\"choice-9 depth-1\"><input type=\"checkbox\" id=\"wpforms-379-field_9_9\" name=\"wpforms[fields][9][]\" value=\"Revinate In-Guest CRM\" aria-errormessage=\"wpforms-379-field_9_9-error\"  ><label class=\"wpforms-field-label-inline\" for=\"wpforms-379-field_9_9\">Revinate In-Guest CRM<\/label><\/li><li class=\"choice-10 depth-1\"><input type=\"checkbox\" id=\"wpforms-379-field_9_10\" name=\"wpforms[fields][9][]\" value=\"Acc\u00e8s \u00e0 distance s\u00e9curis\u00e9\" aria-errormessage=\"wpforms-379-field_9_10-error\"  ><label class=\"wpforms-field-label-inline\" for=\"wpforms-379-field_9_10\">Acc\u00e8s \u00e0 distance s\u00e9curis\u00e9<\/label><\/li><\/ul><\/fieldset><\/div><div id=\"wpforms-379-field_2-container\" class=\"wpforms-field wpforms-field-textarea\" data-field-id=\"2\"><label class=\"wpforms-field-label\" for=\"wpforms-379-field_2\">Commentaire ou message<\/label><textarea id=\"wpforms-379-field_2\" class=\"wpforms-field-medium\" name=\"wpforms[fields][2]\" aria-errormessage=\"wpforms-379-field_2-error\" ><\/textarea><\/div><\/div><!-- .wpforms-field-container --><div class=\"wpforms-recaptcha-container wpforms-is-recaptcha wpforms-is-recaptcha-type-v3\" ><input type=\"hidden\" name=\"wpforms[recaptcha]\" value=\"\"><\/div><div class=\"wpforms-submit-container\" ><input type=\"hidden\" name=\"wpforms[id]\" value=\"379\"><input type=\"hidden\" name=\"page_title\" value=\"\"><input type=\"hidden\" name=\"page_url\" value=\"https:\/\/resort-manager.com\/fr\/wp-json\/wp\/v2\/pages\/1519\"><input type=\"hidden\" name=\"url_referer\" value=\"\"><button type=\"submit\" name=\"wpforms[submit]\" id=\"wpforms-submit-379\" class=\"wpforms-submit\" data-alt-text=\"Envoi...\" data-submit-text=\"Demande de devis\" aria-live=\"assertive\" value=\"wpforms-submit\">Demande de devis<\/button><img decoding=\"async\" src=\"https:\/\/resort-manager.com\/wp-content\/plugins\/wpforms-lite\/assets\/images\/submit-spin.svg\" class=\"wpforms-submit-spinner\" style=\"display: none;\" width=\"26\" height=\"26\" alt=\"Chargement en cours\" title=\"\"><\/div><\/form><\/div>  <!-- .wpforms-container -->\t\t\t\t<\/div>\n\t\t\t\t<\/div>\n\t\t\t\t<div class=\"elementor-element elementor-element-58ba75b elementor-widget elementor-widget-text-editor\" data-id=\"58ba75b\" data-element_type=\"widget\" data-e-type=\"widget\" data-widget_type=\"text-editor.default\">\n\t\t\t\t<div class=\"elementor-widget-container\">\n\t\t\t\t\t\t\t\t\t<p>* Veuillez remplir ce formulaire de la mani\u00e8re la plus compl\u00e8te et la plus pr\u00e9cise possible afin que nous puissions vous fournir le meilleur devis possible.<\/p>\n\t\t\t\t\t\t\t\t<\/div>\n\t\t\t\t<\/div>\n\t\t\t\t\t<\/div>\n\t\t\t\t<\/div>\n\t\t<div class=\"elementor-element elementor-element-330dd0d e-flex e-con-boxed e-con e-child\" data-id=\"330dd0d\" data-element_type=\"container\" data-e-type=\"container\">\n\t\t\t\t\t<div class=\"e-con-inner\">\n\t\t\t\t<div class=\"elementor-element elementor-element-d894173 elementor-widget elementor-widget-image\" data-id=\"d894173\" data-element_type=\"widget\" data-e-type=\"widget\" data-widget_type=\"image.default\">\n\t\t\t\t<div class=\"elementor-widget-container\">\n\t\t\t\t\t\t\t\t\t\t\t\t\t\t\t<img fetchpriority=\"high\" decoding=\"async\" width=\"879\" height=\"586\" src=\"https:\/\/resort-manager.com\/wp-content\/uploads\/2023\/12\/RequestQuote.png\" class=\"attachment-full size-full wp-image-1520\" alt=\"\" srcset=\"https:\/\/resort-manager.com\/wp-content\/uploads\/2023\/12\/RequestQuote.png 879w, https:\/\/resort-manager.com\/wp-content\/uploads\/2023\/12\/RequestQuote-300x200.png 300w, https:\/\/resort-manager.com\/wp-content\/uploads\/2023\/12\/RequestQuote-768x512.png 768w\" sizes=\"(max-width: 879px) 100vw, 879px\" title=\"\">\t\t\t\t\t\t\t\t\t\t\t\t\t\t\t<\/div>\n\t\t\t\t<\/div>\n\t\t\t\t\t<\/div>\n\t\t\t\t<\/div>\n\t\t\t\t\t<\/div>\n\t\t\t\t<\/div>\n\t\t\t\t<\/div>\n\t\t","protected":false},"excerpt":{"rendered":"<p>Demandez un devis personnalis\u00e9 Please enable JavaScript in your browser to complete this form.Please enable JavaScript in your browser to complete this form. Name * FirstLast Email *Hotel \/ Property Name *Hotel \/ Property Location *Number of Rooms *Resort Manager Version Required *Resort ManagerResort Manager LiteNumber of Restaurants * Required Add-Ons PBX (Telephone) Interface Channel [&hellip;]<\/p>\n","protected":false},"author":1,"featured_media":0,"parent":0,"menu_order":0,"comment_status":"closed","ping_status":"closed","template":"elementor_header_footer","meta":{"footnotes":""},"class_list":["post-1519","page","type-page","status-publish","hentry"],"_links":{"self":[{"href":"https:\/\/resort-manager.com\/fr\/wp-json\/wp\/v2\/pages\/1519","targetHints":{"allow":["GET"]}}],"collection":[{"href":"https:\/\/resort-manager.com\/fr\/wp-json\/wp\/v2\/pages"}],"about":[{"href":"https:\/\/resort-manager.com\/fr\/wp-json\/wp\/v2\/types\/page"}],"author":[{"embeddable":true,"href":"https:\/\/resort-manager.com\/fr\/wp-json\/wp\/v2\/users\/1"}],"replies":[{"embeddable":true,"href":"https:\/\/resort-manager.com\/fr\/wp-json\/wp\/v2\/comments?post=1519"}],"version-history":[{"count":0,"href":"https:\/\/resort-manager.com\/fr\/wp-json\/wp\/v2\/pages\/1519\/revisions"}],"wp:attachment":[{"href":"https:\/\/resort-manager.com\/fr\/wp-json\/wp\/v2\/media?parent=1519"}],"curies":[{"name":"wp","href":"https:\/\/api.w.org\/{rel}","templated":true}]}}