{"id":1321,"date":"2023-12-03T09:21:51","date_gmt":"2023-12-03T01:21:51","guid":{"rendered":"https:\/\/www.resort-manager.com\/politique-de-confidentialite\/"},"modified":"2024-09-18T11:37:28","modified_gmt":"2024-09-18T03:37:28","slug":"politique-de-confidentialite","status":"publish","type":"page","link":"https:\/\/resort-manager.com\/fr\/politique-de-confidentialite\/","title":{"rendered":"Politique de confidentialit\u00e9"},"content":{"rendered":"\t\t<div data-elementor-type=\"wp-page\" data-elementor-id=\"1321\" class=\"elementor elementor-1321 elementor-3\">\n\t\t\t\t<div class=\"elementor-element elementor-element-119ddc41 e-flex e-con-boxed e-con e-parent\" data-id=\"119ddc41\" data-element_type=\"container\" data-e-type=\"container\">\n\t\t\t\t\t<div class=\"e-con-inner\">\n\t\t\t\t<div class=\"elementor-element elementor-element-c19dab4 elementor-widget elementor-widget-heading\" data-id=\"c19dab4\" data-element_type=\"widget\" data-e-type=\"widget\" data-widget_type=\"heading.default\">\n\t\t\t\t<div class=\"elementor-widget-container\">\n\t\t\t\t\t<h2 class=\"elementor-heading-title elementor-size-default\">Politique de confidentialit\u00e9<\/h2>\t\t\t\t<\/div>\n\t\t\t\t<\/div>\n\t\t\t\t<div class=\"elementor-element elementor-element-1bfd232c elementor-widget elementor-widget-text-editor\" data-id=\"1bfd232c\" data-element_type=\"widget\" data-e-type=\"widget\" data-widget_type=\"text-editor.default\">\n\t\t\t\t<div class=\"elementor-widget-container\">\n\t\t\t\t\t\t\t\t\t<h6>Derni\u00e8re mise \u00e0 jour : 06\/12\/2023<\/h6>\n<p>Chez Resort Manager, nous nous engageons \u00e0 prot\u00e9ger la vie priv\u00e9e des visiteurs et des utilisateurs de notre site web.\nCette politique de confidentialit\u00e9 d\u00e9crit les informations que nous recueillons, la mani\u00e8re dont nous les utilisons et vos droits concernant ces informations.\nVeuillez prendre le temps de lire cette politique pour comprendre nos pratiques.  <\/p>\n<h5><strong>1. Les informations que nous recueillons :<\/strong><\/h5>\n<p>a. <strong>Informations personnelles :<\/strong> Nous pouvons recueillir des informations personnelles, telles que votre nom, votre adresse \u00e9lectronique et vos coordonn\u00e9es, lorsque vous les fournissez volontairement par le biais de formulaires sur notre site web ou de communications avec nous.<\/p>\n<p>b. <strong>Informations sur l&rsquo;utilisation :<\/strong> Nous recueillons des informations sur la mani\u00e8re dont vous interagissez avec notre site web, y compris votre adresse IP, votre type de navigateur et les pages visit\u00e9es.\nCes informations nous aident \u00e0 am\u00e9liorer notre site web et l&rsquo;exp\u00e9rience des utilisateurs. <\/p>\n<h5><strong>2. Comment nous utilisons vos informations :<\/strong><\/h5>\n<p>a. <strong>Fournir des services :<\/strong> Nous utilisons vos informations personnelles pour fournir les services que vous demandez, r\u00e9pondre aux demandes de renseignements et fournir une assistance \u00e0 la client\u00e8le.<\/p>\n<p>b. <strong>Communications marketing :<\/strong> Avec votre consentement, nous pouvons vous envoyer des courriels promotionnels sur nos produits, des mises \u00e0 jour ou d&rsquo;autres informations pertinentes.<\/p>\n<p>c. <strong>Am\u00e9lioration du site web :<\/strong> Nous analysons les donn\u00e9es d&rsquo;utilisation afin d&rsquo;am\u00e9liorer la fonctionnalit\u00e9, le contenu et l&rsquo;exp\u00e9rience de l&rsquo;utilisateur de notre site web.<\/p>\n<h5><strong>3. Les cookies :<\/strong><\/h5>\n<p>Nous utilisons des cookies pour am\u00e9liorer votre exp\u00e9rience de navigation.\nLes cookies sont de petits fichiers stock\u00e9s sur votre appareil qui nous aident \u00e0 comprendre comment vous utilisez notre site web.\nVous pouvez g\u00e9rer les pr\u00e9f\u00e9rences en mati\u00e8re de cookies par le biais des param\u00e8tres de votre navigateur.  <\/p>\n<h5><strong>4. Partage de vos informations :<\/strong><\/h5>\n<p>Nous ne vendons pas, n&rsquo;\u00e9changeons pas et ne transf\u00e9rons pas vos informations personnelles \u00e0 des tiers.\nVos informations peuvent \u00eatre partag\u00e9es avec des tiers de confiance qui nous aident \u00e0 exploiter notre site web ou \u00e0 fournir des services, \u00e0 condition qu&rsquo;ils respectent la confidentialit\u00e9. <\/p>\n<h5><strong>5. S\u00e9curit\u00e9 des donn\u00e9es :<\/strong><\/h5>\n<p>Nous mettons en \u0153uvre des mesures de s\u00e9curit\u00e9 pour prot\u00e9ger vos informations personnelles contre l&rsquo;acc\u00e8s, la divulgation, l&rsquo;alt\u00e9ration et la destruction non autoris\u00e9s.\nToutefois, aucune m\u00e9thode de transmission sur l&rsquo;internet ou de stockage \u00e9lectronique n&rsquo;est totalement s\u00fbre, et nous ne pouvons pas garantir une s\u00e9curit\u00e9 absolue. <\/p>\n<h5><strong>6. Vos droits :<\/strong><\/h5>\n<p>Vous avez le droit d&rsquo;acc\u00e9der \u00e0 vos informations personnelles, de les corriger ou de les supprimer.\nPour exercer ces droits ou vous renseigner sur les informations que nous d\u00e9tenons, veuillez nous contacter \u00e0 l&rsquo;adresse suivante : helpdesk@resort-manager.com. <\/p>\n<h5><strong>7. Modifications de la pr\u00e9sente politique de confidentialit\u00e9 :<\/strong><\/h5>\n<p>Nous nous r\u00e9servons le droit de mettre \u00e0 jour p\u00e9riodiquement cette politique de confidentialit\u00e9.\nToute modification sera publi\u00e9e sur cette page et la date de la derni\u00e8re mise \u00e0 jour sera modifi\u00e9e en cons\u00e9quence. <\/p>\n<h5><strong>8. Informations de contact :<\/strong><\/h5>\n<p>Si vous avez des questions, des pr\u00e9occupations ou des demandes concernant cette politique de confidentialit\u00e9, veuillez nous contacter \u00e0 l&rsquo;adresse helpdesk@resort-manager.com.<\/p>\n<p>Nous vous remercions d&rsquo;avoir choisi Resort Manager.\nNous nous engageons \u00e0 prot\u00e9ger votre vie priv\u00e9e et \u00e0 vous offrir une exp\u00e9rience en ligne s\u00e9curis\u00e9e. <\/p>\t\t\t\t\t\t\t\t<\/div>\n\t\t\t\t<\/div>\n\t\t\t\t\t<\/div>\n\t\t\t\t<\/div>\n\t\t\t\t<\/div>\n\t\t","protected":false},"excerpt":{"rendered":"<p>Chez Resort Manager, nous nous engageons \u00e0 prot\u00e9ger la vie priv\u00e9e des visiteurs et des utilisateurs de notre site Internet.<\/p>\n","protected":false},"author":1,"featured_media":0,"parent":0,"menu_order":0,"comment_status":"closed","ping_status":"closed","template":"elementor_header_footer","meta":{"footnotes":""},"class_list":["post-1321","page","type-page","status-publish","hentry"],"_links":{"self":[{"href":"https:\/\/resort-manager.com\/fr\/wp-json\/wp\/v2\/pages\/1321","targetHints":{"allow":["GET"]}}],"collection":[{"href":"https:\/\/resort-manager.com\/fr\/wp-json\/wp\/v2\/pages"}],"about":[{"href":"https:\/\/resort-manager.com\/fr\/wp-json\/wp\/v2\/types\/page"}],"author":[{"embeddable":true,"href":"https:\/\/resort-manager.com\/fr\/wp-json\/wp\/v2\/users\/1"}],"replies":[{"embeddable":true,"href":"https:\/\/resort-manager.com\/fr\/wp-json\/wp\/v2\/comments?post=1321"}],"version-history":[{"count":0,"href":"https:\/\/resort-manager.com\/fr\/wp-json\/wp\/v2\/pages\/1321\/revisions"}],"wp:attachment":[{"href":"https:\/\/resort-manager.com\/fr\/wp-json\/wp\/v2\/media?parent=1321"}],"curies":[{"name":"wp","href":"https:\/\/api.w.org\/{rel}","templated":true}]}}