{"id":1328,"date":"2023-12-06T16:41:59","date_gmt":"2023-12-06T08:41:59","guid":{"rendered":"https:\/\/www.resort-manager.com\/asistencia-posventa\/"},"modified":"2024-09-18T11:37:37","modified_gmt":"2024-09-18T03:37:37","slug":"asistencia-posventa","status":"publish","type":"page","link":"https:\/\/resort-manager.com\/es\/asistencia-posventa\/","title":{"rendered":"Asistencia posventa"},"content":{"rendered":"\t\t<div data-elementor-type=\"wp-page\" data-elementor-id=\"1328\" class=\"elementor elementor-1328 elementor-256\">\n\t\t\t\t<div class=\"elementor-element elementor-element-046ed2f e-flex e-con-boxed e-con e-parent\" data-id=\"046ed2f\" data-element_type=\"container\" data-e-type=\"container\" data-settings=\"{&quot;background_background&quot;:&quot;classic&quot;}\">\n\t\t\t\t\t<div class=\"e-con-inner\">\n\t\t<div class=\"elementor-element elementor-element-0222cd5 e-con-full e-flex e-con e-child\" data-id=\"0222cd5\" data-element_type=\"container\" data-e-type=\"container\">\n\t\t\t\t<div class=\"elementor-element elementor-element-df23b98 elementor-widget elementor-widget-heading\" data-id=\"df23b98\" data-element_type=\"widget\" data-e-type=\"widget\" data-widget_type=\"heading.default\">\n\t\t\t\t<div class=\"elementor-widget-container\">\n\t\t\t\t\t<h2 class=\"elementor-heading-title elementor-size-default\">Asistencia posventa<\/h2>\t\t\t\t<\/div>\n\t\t\t\t<\/div>\n\t\t\t\t<div class=\"elementor-element elementor-element-9b6ac99 elementor-widget elementor-widget-text-editor\" data-id=\"9b6ac99\" data-element_type=\"widget\" data-e-type=\"widget\" data-widget_type=\"text-editor.default\">\n\t\t\t\t<div class=\"elementor-widget-container\">\n\t\t\t\t\t\t\t\t\t<p>El equipo de Gestores de Complejos reconoce la importancia de la asistencia y el servicio posventa para nuestros clientes.<br \/>\nPara una empresa es fundamental que sus sistemas funcionen con la m\u00e1xima eficacia en todo momento.<br \/>\nIndependientemente de las circunstancias o de cualquier imprevisto, nuestros clientes pueden estar seguros de que la asistencia est\u00e1 en camino.<br \/>\nNuestro trabajo consiste en mantener actualizados los sistemas de nuestros clientes para que sus operaciones empresariales sean seguras.   <\/p>\n<p>Todas las soluciones Resort Manager tienen una garant\u00eda de 12 meses que incluye asistencia ilimitada para cualquier problema operativo o de software a trav\u00e9s de un sistema de notificaci\u00f3n de problemas por Internet.<br \/>\nAdem\u00e1s, la garant\u00eda cubre la sustituci\u00f3n o reparaci\u00f3n de cualquier hardware defectuoso que suministremos. <\/p>\n<p>Tras el periodo inicial de 12 meses, ofrecemos a todos nuestros clientes un plan de asistencia a precio fijo que garantiza un servicio prioritario en todos los sistemas.<br \/>\nLos titulares de contratos de asistencia tambi\u00e9n tienen derecho a actualizaciones gratuitas. <\/p>\n\t\t\t\t\t\t\t\t<\/div>\n\t\t\t\t<\/div>\n\t\t\t\t<div class=\"elementor-element elementor-element-dd1c7be elementor-align-center elementor-widget elementor-widget-button\" data-id=\"dd1c7be\" data-element_type=\"widget\" data-e-type=\"widget\" data-widget_type=\"button.default\">\n\t\t\t\t<div class=\"elementor-widget-container\">\n\t\t\t\t\t\t\t\t\t<div class=\"elementor-button-wrapper\">\n\t\t\t\t\t<a class=\"elementor-button elementor-button-link elementor-size-sm\" href=\"https:\/\/resort-manager.com\/contact-us\/\">\n\t\t\t\t\t\t<span class=\"elementor-button-content-wrapper\">\n\t\t\t\t\t\t\t\t\t<span class=\"elementor-button-text\">Solicitar informaci\u00f3n adicional<\/span>\n\t\t\t\t\t<\/span>\n\t\t\t\t\t<\/a>\n\t\t\t\t<\/div>\n\t\t\t\t\t\t\t\t<\/div>\n\t\t\t\t<\/div>\n\t\t\t\t<\/div>\n\t\t\t\t<div class=\"elementor-element elementor-element-e5526a0 elementor-widget elementor-widget-image\" data-id=\"e5526a0\" data-element_type=\"widget\" data-e-type=\"widget\" data-widget_type=\"image.default\">\n\t\t\t\t<div class=\"elementor-widget-container\">\n\t\t\t\t\t\t\t\t\t\t\t\t\t\t\t<img fetchpriority=\"high\" decoding=\"async\" width=\"868\" height=\"568\" src=\"https:\/\/resort-manager.com\/wp-content\/uploads\/2023\/12\/call-center.png\" class=\"attachment-full size-full wp-image-1329\" alt=\"\" srcset=\"https:\/\/resort-manager.com\/wp-content\/uploads\/2023\/12\/call-center.png 868w, https:\/\/resort-manager.com\/wp-content\/uploads\/2023\/12\/call-center-300x196.png 300w, https:\/\/resort-manager.com\/wp-content\/uploads\/2023\/12\/call-center-768x503.png 768w\" sizes=\"(max-width: 868px) 100vw, 868px\" title=\"\">\t\t\t\t\t\t\t\t\t\t\t\t\t\t\t<\/div>\n\t\t\t\t<\/div>\n\t\t\t\t\t<\/div>\n\t\t\t\t<\/div>\n\t\t<div class=\"elementor-element elementor-element-5a059c1 e-flex e-con-boxed e-con e-parent\" data-id=\"5a059c1\" data-element_type=\"container\" data-e-type=\"container\">\n\t\t\t\t\t<div class=\"e-con-inner\">\n\t\t\t\t<div class=\"elementor-element elementor-element-f7764f8 elementor-widget__width-initial elementor-widget-mobile__width-initial elementor-widget elementor-widget-image\" data-id=\"f7764f8\" data-element_type=\"widget\" data-e-type=\"widget\" data-widget_type=\"image.default\">\n\t\t\t\t<div class=\"elementor-widget-container\">\n\t\t\t\t\t\t\t\t\t\t\t\t\t\t\t<img decoding=\"async\" width=\"581\" height=\"350\" src=\"https:\/\/resort-manager.com\/wp-content\/uploads\/2023\/12\/installation-services.png\" class=\"attachment-full size-full wp-image-1330\" alt=\"\" srcset=\"https:\/\/resort-manager.com\/wp-content\/uploads\/2023\/12\/installation-services.png 581w, https:\/\/resort-manager.com\/wp-content\/uploads\/2023\/12\/installation-services-300x181.png 300w\" sizes=\"(max-width: 581px) 100vw, 581px\" title=\"\">\t\t\t\t\t\t\t\t\t\t\t\t\t\t\t<\/div>\n\t\t\t\t<\/div>\n\t\t<div class=\"elementor-element elementor-element-e277636 e-flex e-con-boxed e-con e-child\" data-id=\"e277636\" data-element_type=\"container\" data-e-type=\"container\">\n\t\t\t\t\t<div class=\"e-con-inner\">\n\t\t\t\t<div class=\"elementor-element elementor-element-498151e elementor-widget elementor-widget-heading\" data-id=\"498151e\" data-element_type=\"widget\" data-e-type=\"widget\" data-widget_type=\"heading.default\">\n\t\t\t\t<div class=\"elementor-widget-container\">\n\t\t\t\t\t<h2 class=\"elementor-heading-title elementor-size-default\">Instalaci\u00f3n y formaci\u00f3n<\/h2>\t\t\t\t<\/div>\n\t\t\t\t<\/div>\n\t\t\t\t<div class=\"elementor-element elementor-element-7a5df3a elementor-widget elementor-widget-text-editor\" data-id=\"7a5df3a\" data-element_type=\"widget\" data-e-type=\"widget\" data-widget_type=\"text-editor.default\">\n\t\t\t\t<div class=\"elementor-widget-container\">\n\t\t\t\t\t\t\t\t\t<p>Resort Manager proporciona servicios gratuitos de instalaci\u00f3n y formaci\u00f3n con la compra de cualquier paquete modular.  <span style=\"text-align: var(--text-align); background-color: var( --e-global-color-c696dce ); font-size: 1rem;\">Puedes acceder a esta prestaci\u00f3n s\u00f3lo por el coste de los gastos de viaje en que hayas incurrido.<\/span><\/p>\n<p>A continuaci\u00f3n, existe la posibilidad de recibir formaci\u00f3n adicional y servicios de evaluaci\u00f3n del sistema.<\/p><\/p>\n\t\t\t\t\t\t\t\t<\/div>\n\t\t\t\t<\/div>\n\t\t\t\t<div class=\"elementor-element elementor-element-9faeb59 elementor-align-center elementor-widget elementor-widget-button\" data-id=\"9faeb59\" data-element_type=\"widget\" data-e-type=\"widget\" data-widget_type=\"button.default\">\n\t\t\t\t<div class=\"elementor-widget-container\">\n\t\t\t\t\t\t\t\t\t<div class=\"elementor-button-wrapper\">\n\t\t\t\t\t<a class=\"elementor-button elementor-button-link elementor-size-sm\" href=\"https:\/\/resort-manager.com\/contact-us\/\">\n\t\t\t\t\t\t<span class=\"elementor-button-content-wrapper\">\n\t\t\t\t\t\t\t\t\t<span class=\"elementor-button-text\">Solicitar formaci\u00f3n o instalaciones adicionales<\/span>\n\t\t\t\t\t<\/span>\n\t\t\t\t\t<\/a>\n\t\t\t\t<\/div>\n\t\t\t\t\t\t\t\t<\/div>\n\t\t\t\t<\/div>\n\t\t\t\t\t<\/div>\n\t\t\t\t<\/div>\n\t\t\t\t\t<\/div>\n\t\t\t\t<\/div>\n\t\t\t\t<\/div>\n\t\t","protected":false},"excerpt":{"rendered":"<p>Asistencia posventa El equipo de Gestores de Complejos reconoce la importancia de la asistencia y el servicio posventa para nuestros clientes. Para una empresa es fundamental que sus sistemas funcionen con la m\u00e1xima eficacia en todo momento. Independientemente de las circunstancias o de cualquier imprevisto, nuestros clientes pueden estar seguros de que la asistencia est\u00e1 [&hellip;]<\/p>\n","protected":false},"author":1,"featured_media":0,"parent":0,"menu_order":0,"comment_status":"closed","ping_status":"closed","template":"elementor_header_footer","meta":{"footnotes":""},"class_list":["post-1328","page","type-page","status-publish","hentry"],"_links":{"self":[{"href":"https:\/\/resort-manager.com\/es\/wp-json\/wp\/v2\/pages\/1328","targetHints":{"allow":["GET"]}}],"collection":[{"href":"https:\/\/resort-manager.com\/es\/wp-json\/wp\/v2\/pages"}],"about":[{"href":"https:\/\/resort-manager.com\/es\/wp-json\/wp\/v2\/types\/page"}],"author":[{"embeddable":true,"href":"https:\/\/resort-manager.com\/es\/wp-json\/wp\/v2\/users\/1"}],"replies":[{"embeddable":true,"href":"https:\/\/resort-manager.com\/es\/wp-json\/wp\/v2\/comments?post=1328"}],"version-history":[{"count":0,"href":"https:\/\/resort-manager.com\/es\/wp-json\/wp\/v2\/pages\/1328\/revisions"}],"wp:attachment":[{"href":"https:\/\/resort-manager.com\/es\/wp-json\/wp\/v2\/media?parent=1328"}],"curies":[{"name":"wp","href":"https:\/\/api.w.org\/{rel}","templated":true}]}}